{"id":8568,"date":"2026-04-14T16:06:05","date_gmt":"2026-04-14T13:06:05","guid":{"rendered":"https:\/\/goodmoodmeals.com\/product\/vistienos-plovas\/"},"modified":"2026-04-30T18:17:08","modified_gmt":"2026-04-30T15:17:08","slug":"vistienos-plovas","status":"publish","type":"product","link":"https:\/\/goodmoodmeals.com\/lt\/product\/vistienos-plovas\/","title":{"rendered":"Vi\u0161tienos plovas"},"content":{"rendered":"<h3>Sudedamosios dalys<\/h3>\n<p>Ry\u017eiai (75 %), vi\u0161tienos fil\u0117 (21 %), morkos, raps\u0173 aliejus, kukur\u016bz\u0173 krakmolas, d\u017eiovinti svog\u016bnai, prieskoniai, druska.<\/p>\n<h3>Alergenai<\/h3>\n<p><strong>Sud\u0117tyje gali b\u016bti:<\/strong> Kiau\u0161iniai, soja, garsty\u010dios, sezamas, kiti gr\u016bdai.<br \/>\n<em>Pagaminta ir supakuota \u012fmon\u0117je, kurioje apdorojami \u0161ie alergenai.<\/em><\/p>\n","protected":false},"excerpt":{"rendered":"<p><strong>Skanus ir paguod\u017eiantis vi\u0161tienos plovas &#8211; sotus maistas nuotyki\u0173 lauke metu.<\/strong> M\u0117gaukit\u0117s sultingu ir gard\u017eiu <strong>liofilizuotos vi\u0161tienos plovo<\/strong> skoniu, pagamintu i\u0161 \u0161velnios vi\u0161tienos, puri\u0173 ry\u017ei\u0173 ir kruop\u0161\u010diai atrinkt\u0173 prieskoni\u0173. Nesvarbu, ar stovyklaujate, ar keliaujate p\u0117s\u010diomis, ar ruo\u0161iate maisto atsargas kritiniu atveju, \u0161is <strong>lengvas ir ilgai i\u0161liekantis maistas<\/strong> yra paruo\u0161tas pasotinti j\u016bs\u0173 kelion\u0119. Tiesiog \u012fpilkite kar\u0161to vandens ir m\u0117gaukit\u0117s <strong>\u0161iltu, naminiu patiekalu<\/strong> bet kur. I\u0161likite sot\u016bs ir kupini energijos su \u0161iuo <strong>skaniu ir patogiu maistu<\/strong>.   <\/p>\n<p style=\"text-align: center\">\u2713 <strong>8 met\u0173 galiojimo laikas<\/strong> \u2713 <strong>Lengvas ir greitas paruo\u0161imas<\/strong> \u2713 <strong>Sotus ir kupinas skonio<\/strong> \u2713 <strong>Nereikia \u0161aldyti<\/strong><\/p>\n","protected":false},"featured_media":8571,"comment_status":"open","ping_status":"closed","template":"","meta":[],"product_brand":[],"product_cat":[222,223],"product_tag":[],"class_list":{"0":"post-8568","1":"product","2":"type-product","3":"status-publish","4":"has-post-thumbnail","6":"product_cat-liofilizuotas-maistas","7":"product_cat-pagrindiniai-patiekalai","9":"first","10":"instock","11":"taxable","12":"shipping-taxable","13":"purchasable","14":"product-type-simple"},"_links":{"self":[{"href":"https:\/\/goodmoodmeals.com\/lt\/wp-json\/wp\/v2\/product\/8568","targetHints":{"allow":["GET"]}}],"collection":[{"href":"https:\/\/goodmoodmeals.com\/lt\/wp-json\/wp\/v2\/product"}],"about":[{"href":"https:\/\/goodmoodmeals.com\/lt\/wp-json\/wp\/v2\/types\/product"}],"replies":[{"embeddable":true,"href":"https:\/\/goodmoodmeals.com\/lt\/wp-json\/wp\/v2\/comments?post=8568"}],"wp:featuredmedia":[{"embeddable":true,"href":"https:\/\/goodmoodmeals.com\/lt\/wp-json\/wp\/v2\/media\/8571"}],"wp:attachment":[{"href":"https:\/\/goodmoodmeals.com\/lt\/wp-json\/wp\/v2\/media?parent=8568"}],"wp:term":[{"taxonomy":"product_brand","embeddable":true,"href":"https:\/\/goodmoodmeals.com\/lt\/wp-json\/wp\/v2\/product_brand?post=8568"},{"taxonomy":"product_cat","embeddable":true,"href":"https:\/\/goodmoodmeals.com\/lt\/wp-json\/wp\/v2\/product_cat?post=8568"},{"taxonomy":"product_tag","embeddable":true,"href":"https:\/\/goodmoodmeals.com\/lt\/wp-json\/wp\/v2\/product_tag?post=8568"}],"curies":[{"name":"wp","href":"https:\/\/api.w.org\/{rel}","templated":true}]}}