{"id":8567,"date":"2025-07-11T11:02:29","date_gmt":"2025-07-11T11:02:29","guid":{"rendered":"https:\/\/goodmoodmeals.com\/product\/sildytuvo-krepsys\/"},"modified":"2026-04-30T18:22:07","modified_gmt":"2026-04-30T15:22:07","slug":"sildytuvo-krepsys","status":"publish","type":"product","link":"https:\/\/goodmoodmeals.com\/lt\/product\/sildytuvo-krepsys\/","title":{"rendered":"\u0160ildytuvo krep\u0161ys"},"content":{"rendered":"<ol>\n<li>\n<h2 data-start=\"182\" data-end=\"234\">NAUDOTOJO INSTRUKCIJOS &#8211; LIOFILIZUOT\u0172 PATIEKAL\u0172 \u0160ILDYMAS<\/h2>\n<p data-start=\"236\" data-end=\"291\">M\u0117gaukit\u0117s kar\u0161tu maistu bet kada ir bet kur. Atlikite \u0161iuos veiksmus: <\/p>\n<ol data-start=\"293\" data-end=\"1523\">\n<li data-start=\"293\" data-end=\"554\">\n<p data-start=\"296\" data-end=\"343\"><strong data-start=\"296\" data-end=\"341\">\u012epilkite vandens \u012f liofilizuot\u0173 milt\u0173 mai\u0161el\u012f:<\/strong><\/p>\n<ul data-start=\"347\" data-end=\"554\">\n<li data-start=\"347\" data-end=\"388\">\n<p data-start=\"349\" data-end=\"388\">Atidarykite <strong data-start=\"358\" data-end=\"385\">liofilizuot\u0173 milt\u0173 mai\u0161el\u012f<\/strong>.<\/p>\n<\/li>\n<li data-start=\"392\" data-end=\"490\">\n<p data-start=\"394\" data-end=\"490\">\u012epilkite <strong data-start=\"398\" data-end=\"449\">\u0161alto vandens iki mai\u0161elyje esan\u010dios u\u017epildymo linijos<\/strong> (\u017er. konkretaus patiekalo instrukcijas).<\/p>\n<\/li>\n<li data-start=\"494\" data-end=\"554\">\n<p data-start=\"496\" data-end=\"554\">Jei reikia, gerai i\u0161mai\u0161ykite ir <strong data-start=\"520\" data-end=\"544\">u\u017etraukite mai\u0161el\u012f u\u017etrauktuku<\/strong>.<\/p>\n<\/li>\n<\/ul>\n<\/li>\n<li data-start=\"556\" data-end=\"755\">\n<p data-start=\"559\" data-end=\"607\"><strong data-start=\"559\" data-end=\"605\">Paruo\u0161kite nedeg\u0173 maisto davini\u0173 \u0161ildytuv\u0105 (FRH):<\/strong><\/p>\n<ul data-start=\"611\" data-end=\"755\">\n<li data-start=\"611\" data-end=\"654\">\n<p data-start=\"613\" data-end=\"654\">Prapl\u0117\u0161kite <strong data-start=\"627\" data-end=\"638\">FRH mai\u0161el\u012f<\/strong> ties \u012fpjova.<\/p>\n<\/li>\n<li data-start=\"658\" data-end=\"755\">\n<p data-start=\"660\" data-end=\"755\">\u012eki\u0161kite <strong data-start=\"671\" data-end=\"692\">sandar\u0173 maisto mai\u0161el\u012f<\/strong> \u012f \u0161ildytuvo \u012fvor\u0119 taip, kad jis atsidurt\u0173 tiesiai ant \u0161ildytuvo pado.<\/p>\n<\/li>\n<\/ul>\n<\/li>\n<li data-start=\"757\" data-end=\"945\">\n<p data-start=\"760\" data-end=\"786\"><strong data-start=\"760\" data-end=\"784\">Suaktyvinkite \u0161ildytuv\u0105:<\/strong><\/p>\n<ul data-start=\"790\" data-end=\"945\">\n<li data-start=\"790\" data-end=\"874\">\n<p data-start=\"792\" data-end=\"874\">\u012e FRH mai\u0161el\u012f \u012fpilkite <strong data-start=\"797\" data-end=\"814\">50 ml vandens<\/strong> <strong data-start=\"834\" data-end=\"871\">iki u\u017epildymo linijos apa\u010dioje<\/strong>.<\/p>\n<\/li>\n<li data-start=\"878\" data-end=\"945\">\n<p data-start=\"880\" data-end=\"945\">Pakanka \u0161alto vandens &#8211; jis sukels chemin\u0119 reakcij\u0105.<\/p>\n<\/li>\n<\/ul>\n<\/li>\n<li data-start=\"947\" data-end=\"1148\">\n<p data-start=\"950\" data-end=\"970\"><strong data-start=\"950\" data-end=\"968\">Pa\u0161ildykite patiekal\u0105:<\/strong><\/p>\n<ul data-start=\"974\" data-end=\"1148\">\n<li data-start=\"974\" data-end=\"1026\">\n<p data-start=\"976\" data-end=\"1026\">U\u017elenkite FRH mai\u0161elio vir\u0161\u0173, kad i\u0161laikytum\u0117te \u0161ilum\u0105.<\/p>\n<\/li>\n<li data-start=\"1030\" data-end=\"1102\">\n<p data-start=\"1032\" data-end=\"1102\">Paguldykite j\u012f plok\u0161\u010diai arba kampu taip, kad \u0161ildytuvas b\u016bt\u0173 <strong data-start=\"1075\" data-end=\"1099\">po maistui skirtu mai\u0161eliu<\/strong>.<\/p>\n<\/li>\n<li data-start=\"1106\" data-end=\"1148\">\n<p data-start=\"1108\" data-end=\"1148\">Palaukite <strong data-start=\"1113\" data-end=\"1130\">12-15 minu\u010di\u0173<\/strong>, kad visi\u0161kai \u012fkaist\u0173.<\/p>\n<\/li>\n<\/ul>\n<\/li>\n<li data-start=\"1150\" data-end=\"1349\">\n<p data-start=\"1153\" data-end=\"1174\"><strong data-start=\"1153\" data-end=\"1172\">I\u0161imkite ir valgykite:<\/strong><\/p>\n<ul data-start=\"1178\" data-end=\"1349\">\n<li data-start=\"1178\" data-end=\"1227\">\n<p data-start=\"1180\" data-end=\"1227\">Atsargiai atpl\u0117\u0161kite FRH mai\u0161el\u012f pa\u017eym\u0117toje vietoje.<\/p>\n<\/li>\n<li data-start=\"1231\" data-end=\"1269\">\n<p data-start=\"1233\" data-end=\"1269\"><strong data-start=\"1233\" data-end=\"1267\">Atsargiai: Turinys bus kar\u0161tas.<\/strong><\/p>\n<\/li>\n<li data-start=\"1273\" data-end=\"1349\">\n<p data-start=\"1275\" data-end=\"1349\">I\u0161traukite ir atidarykite mai\u0161elio turin\u012f &#8211; maistas jau kar\u0161tas ir paruo\u0161tas valgyti.<\/p>\n<\/li>\n<\/ul>\n<\/li>\n<li data-start=\"1351\" data-end=\"1523\">\n<p data-start=\"1354\" data-end=\"1380\"><strong data-start=\"1354\" data-end=\"1378\">Atsakingai \u0161alinkite:<\/strong><\/p>\n<ul data-start=\"1384\" data-end=\"1523\">\n<li data-start=\"1384\" data-end=\"1443\">\n<p data-start=\"1386\" data-end=\"1443\">Prie\u0161 i\u0161mesdami \u0161ildytuv\u0105 visada \u012fjunkite j\u012f vandeniu.<\/p>\n<\/li>\n<li data-start=\"1447\" data-end=\"1476\">\n<p data-start=\"1449\" data-end=\"1476\">Leiskite visoms dalims visi\u0161kai atv\u0117sti.<\/p>\n<\/li>\n<li data-start=\"1480\" data-end=\"1523\">\n<p data-start=\"1482\" data-end=\"1523\"><strong data-start=\"1482\" data-end=\"1523\">Tvarkingai i\u0161meskite. Nei\u0161meskite \u0161iuk\u0161li\u0173. <\/strong><\/p>\n<\/li>\n<\/ul>\n<\/li>\n<\/ol>\n<\/li>\n<\/ol>\n","protected":false},"excerpt":{"rendered":"<p><strong data-start=\"111\" data-end=\"158\">Nedegus \u0161ildytuvo mai\u0161elis liofilizuotam maistui<\/strong><br data-start=\"158\" data-end=\"161\">Lengvai pa\u0161ildykite liofilizuot\u0105 maist\u0105 bet kur &#8211; nereikia ugnies ar virykl\u0117s. \u0160is kompakti\u0161kas, vandeniu aktyvuojamas nedegus \u0161ildytuvas per 12-15 minu\u010di\u0173 pa\u0161ildo sandar\u0173 maisto mai\u0161el\u012f, naudodamas tik 50 ml vandens. Puikiai tinka stovyklavimui, \u017eygiams, kelion\u0117ms ar naudojimui ekstremaliomis situacijomis. Lengvas, saugus ir paprastas naudoti.   <\/p>\n","protected":false},"featured_media":8569,"comment_status":"open","ping_status":"closed","template":"","meta":[],"product_brand":[],"product_cat":[222],"product_tag":[],"class_list":{"0":"post-8567","1":"product","2":"type-product","3":"status-publish","4":"has-post-thumbnail","6":"product_cat-liofilizuotas-maistas","8":"first","9":"instock","10":"taxable","11":"shipping-taxable","12":"purchasable","13":"product-type-simple"},"_links":{"self":[{"href":"https:\/\/goodmoodmeals.com\/lt\/wp-json\/wp\/v2\/product\/8567","targetHints":{"allow":["GET"]}}],"collection":[{"href":"https:\/\/goodmoodmeals.com\/lt\/wp-json\/wp\/v2\/product"}],"about":[{"href":"https:\/\/goodmoodmeals.com\/lt\/wp-json\/wp\/v2\/types\/product"}],"replies":[{"embeddable":true,"href":"https:\/\/goodmoodmeals.com\/lt\/wp-json\/wp\/v2\/comments?post=8567"}],"wp:featuredmedia":[{"embeddable":true,"href":"https:\/\/goodmoodmeals.com\/lt\/wp-json\/wp\/v2\/media\/8569"}],"wp:attachment":[{"href":"https:\/\/goodmoodmeals.com\/lt\/wp-json\/wp\/v2\/media?parent=8567"}],"wp:term":[{"taxonomy":"product_brand","embeddable":true,"href":"https:\/\/goodmoodmeals.com\/lt\/wp-json\/wp\/v2\/product_brand?post=8567"},{"taxonomy":"product_cat","embeddable":true,"href":"https:\/\/goodmoodmeals.com\/lt\/wp-json\/wp\/v2\/product_cat?post=8567"},{"taxonomy":"product_tag","embeddable":true,"href":"https:\/\/goodmoodmeals.com\/lt\/wp-json\/wp\/v2\/product_tag?post=8567"}],"curies":[{"name":"wp","href":"https:\/\/api.w.org\/{rel}","templated":true}]}}