{"id":8563,"date":"2025-03-07T11:36:28","date_gmt":"2025-03-07T09:36:28","guid":{"rendered":"https:\/\/goodmoodmeals.com\/product\/good-mood-meals-nuotykiu-maisto-kibirelis\/"},"modified":"2026-04-30T18:22:28","modified_gmt":"2026-04-30T15:22:28","slug":"good-mood-meals-nuotykiu-maisto-kibirelis","status":"publish","type":"product","link":"https:\/\/goodmoodmeals.com\/lt\/product\/good-mood-meals-nuotykiu-maisto-kibirelis\/","title":{"rendered":"&#8222;Good Mood Meals&#8221; nuotyki\u0173 maisto kibir\u0117lis"},"content":{"rendered":"","protected":false},"excerpt":{"rendered":"<p data-start=\"449\" data-end=\"637\">\u0160\u012f kruop\u0161\u010diai parinkt\u0105 asortiment\u0105 sudaro pusry\u010diai, pagrindiniai patiekalai ir desertai &#8211; viskas supakuota \u012f patvar\u0173, lengvai ne\u0161iojam\u0105 kibir\u0117l\u012f, puikiai tinkant\u012f nuotykiams, pasiruo\u0161imui ekstremalioms situacijoms ar kasdieniam naudojimui.<\/p>\n<p data-start=\"449\" data-end=\"637\"><strong data-start=\"641\" data-end=\"662\">8 met\u0173 galiojimo laikas<\/strong><br data-start=\"662\" data-end=\"665\">Lengvas ir ne\u0161iojamas (3 kg)<br data-start=\"697\" data-end=\"700\">Nereikia \u0161aldyti<br data-start=\"725\" data-end=\"728\">Visavert\u0117 mityba, tereikia \u012fpilti kar\u0161to vandens<br data-start=\"768\" data-end=\"771\">Puikiai tinka m\u0117gstantiems gamt\u0105, paruo\u0161iam\u0173j\u0173 darb\u0173 specialistams ir u\u017eimtoms \u0161eimoms.<\/p>\n","protected":false},"featured_media":8566,"comment_status":"open","ping_status":"closed","template":"","meta":[],"product_brand":[],"product_cat":[222,230],"product_tag":[],"class_list":{"0":"post-8563","1":"product","2":"type-product","3":"status-publish","4":"has-post-thumbnail","6":"product_cat-liofilizuotas-maistas","7":"product_cat-maisto-rinkiniai","9":"first","10":"instock","11":"sale","12":"taxable","13":"shipping-taxable","14":"purchasable","15":"product-type-simple"},"_links":{"self":[{"href":"https:\/\/goodmoodmeals.com\/lt\/wp-json\/wp\/v2\/product\/8563","targetHints":{"allow":["GET"]}}],"collection":[{"href":"https:\/\/goodmoodmeals.com\/lt\/wp-json\/wp\/v2\/product"}],"about":[{"href":"https:\/\/goodmoodmeals.com\/lt\/wp-json\/wp\/v2\/types\/product"}],"replies":[{"embeddable":true,"href":"https:\/\/goodmoodmeals.com\/lt\/wp-json\/wp\/v2\/comments?post=8563"}],"wp:featuredmedia":[{"embeddable":true,"href":"https:\/\/goodmoodmeals.com\/lt\/wp-json\/wp\/v2\/media\/8566"}],"wp:attachment":[{"href":"https:\/\/goodmoodmeals.com\/lt\/wp-json\/wp\/v2\/media?parent=8563"}],"wp:term":[{"taxonomy":"product_brand","embeddable":true,"href":"https:\/\/goodmoodmeals.com\/lt\/wp-json\/wp\/v2\/product_brand?post=8563"},{"taxonomy":"product_cat","embeddable":true,"href":"https:\/\/goodmoodmeals.com\/lt\/wp-json\/wp\/v2\/product_cat?post=8563"},{"taxonomy":"product_tag","embeddable":true,"href":"https:\/\/goodmoodmeals.com\/lt\/wp-json\/wp\/v2\/product_tag?post=8563"}],"curies":[{"name":"wp","href":"https:\/\/api.w.org\/{rel}","templated":true}]}}