{"id":8555,"date":"2025-02-04T17:26:10","date_gmt":"2025-02-04T15:26:10","guid":{"rendered":"https:\/\/goodmoodmeals.com\/product\/vegetariska-lesiu-sriuba\/"},"modified":"2026-04-30T18:22:46","modified_gmt":"2026-04-30T15:22:46","slug":"vegetariska-lesiu-sriuba","status":"publish","type":"product","link":"https:\/\/goodmoodmeals.com\/lt\/product\/vegetariska-lesiu-sriuba\/","title":{"rendered":"Vegetari\u0161ka l\u0119\u0161i\u0173 sriuba"},"content":{"rendered":"<h3 data-start=\"172\" data-end=\"191\"><strong data-start=\"176\" data-end=\"191\">Sudedamosios dalys<\/strong><\/h3>\n<p data-start=\"193\" data-end=\"540\">L\u0119\u0161iai (35 %), pada\u017eas [lydytas <strong>s\u016bris<\/strong><strong>(s\u016bris<\/strong> 32,7 %, nugriebtas <strong>pienas<\/strong>, <strong>var\u0161k\u0117<\/strong>, <strong>grietin\u0117l\u0117<\/strong>, emulsikliai: E339, E450, E452; sausos <strong>i\u0161r\u016bgos<\/strong>, sausas nugriebtas <strong>pienas<\/strong>), morkos, <strong>grietin\u0117l\u0117<\/strong>, raps\u0173 aliejus, <strong>kvietiniai<\/strong> miltai, bulvi\u0173 krakmolas, svog\u016bnai, druska, petra\u017eol\u0117s, citrininiai pipirai (juodieji pipirai, r\u016bg\u0161tingum\u0105 reguliuojanti med\u017eiaga: citrin\u0173 r\u016bg\u0161tis, svog\u016bnai, cukrus, citrin\u0173 sul\u010di\u0173 milteliai)], bulv\u0117s, \u017ealieji \u017eirneliai.<\/p>\n<h3 data-start=\"542\" data-end=\"559\"><strong data-start=\"546\" data-end=\"559\">Alergenai<\/strong><\/h3>\n<p data-start=\"561\" data-end=\"628\"><strong data-start=\"561\" data-end=\"574\">Sud\u0117tyje yra:<\/strong> Pienas, glitimas<\/p>\n<p data-start=\"240\" data-end=\"317\"><strong data-start=\"240\" data-end=\"266\">Sud\u0117tyje gali b\u016bti:<\/strong> Kiau\u0161iniai, soja, salierai, garsty\u010dios, sezamas, kiti gr\u016bdai.<\/p>\n<p data-start=\"319\" data-end=\"392\"><em data-start=\"319\" data-end=\"392\">Pagaminta ir supakuota \u012fmon\u0117je, kurioje apdorojami \u0161ie alergenai.<\/em><\/p>\n","protected":false},"excerpt":{"rendered":"<p data-start=\"93\" data-end=\"341\"><strong data-start=\"93\" data-end=\"341\">&#8222;Good Mood Meals&#8221; vegetari\u0161ka l\u0119\u0161i\u0173 sriuba &#8211; skani, maistinga, d\u017eiovinta \u0161altyje. Vegetari\u0161ka, kupina augalini\u0173 baltym\u0173 ir paruo\u0161iama vos per 10 minu\u010di\u0173. Puikiai tinka nuotykiams lauke ir kritiniais atvejais. 8 met\u0173 galiojimo laikas, nereikia laikyti \u0161aldytuve.   <\/strong><\/p>\n<p data-start=\"343\" data-end=\"446\">\u2713 Vegetari\u0161kas ir augalin\u0117s kilm\u0117s<br data-start=\"364\" data-end=\"367\">\u2713 8 met\u0173 galiojimo laikas<br data-start=\"386\" data-end=\"389\">\u2713 Lengvas ir paruo\u0161iamas per 10 minu\u010di\u0173<br data-start=\"424\" data-end=\"427\">\u2713 Daug baltym\u0173<\/p>\n","protected":false},"featured_media":8562,"comment_status":"open","ping_status":"closed","template":"","meta":[],"product_brand":[],"product_cat":[222,227,225],"product_tag":[],"class_list":{"0":"post-8555","1":"product","2":"type-product","3":"status-publish","4":"has-post-thumbnail","6":"product_cat-liofilizuotas-maistas","7":"product_cat-sriubos","8":"product_cat-vegetariskas","10":"first","11":"instock","12":"taxable","13":"shipping-taxable","14":"purchasable","15":"product-type-simple"},"_links":{"self":[{"href":"https:\/\/goodmoodmeals.com\/lt\/wp-json\/wp\/v2\/product\/8555","targetHints":{"allow":["GET"]}}],"collection":[{"href":"https:\/\/goodmoodmeals.com\/lt\/wp-json\/wp\/v2\/product"}],"about":[{"href":"https:\/\/goodmoodmeals.com\/lt\/wp-json\/wp\/v2\/types\/product"}],"replies":[{"embeddable":true,"href":"https:\/\/goodmoodmeals.com\/lt\/wp-json\/wp\/v2\/comments?post=8555"}],"wp:featuredmedia":[{"embeddable":true,"href":"https:\/\/goodmoodmeals.com\/lt\/wp-json\/wp\/v2\/media\/8562"}],"wp:attachment":[{"href":"https:\/\/goodmoodmeals.com\/lt\/wp-json\/wp\/v2\/media?parent=8555"}],"wp:term":[{"taxonomy":"product_brand","embeddable":true,"href":"https:\/\/goodmoodmeals.com\/lt\/wp-json\/wp\/v2\/product_brand?post=8555"},{"taxonomy":"product_cat","embeddable":true,"href":"https:\/\/goodmoodmeals.com\/lt\/wp-json\/wp\/v2\/product_cat?post=8555"},{"taxonomy":"product_tag","embeddable":true,"href":"https:\/\/goodmoodmeals.com\/lt\/wp-json\/wp\/v2\/product_tag?post=8555"}],"curies":[{"name":"wp","href":"https:\/\/api.w.org\/{rel}","templated":true}]}}