{"id":8554,"date":"2025-01-14T10:19:23","date_gmt":"2025-01-14T10:19:23","guid":{"rendered":"https:\/\/goodmoodmeals.com\/product\/jautienos-stroganoff-su-makaronais\/"},"modified":"2026-04-30T18:25:04","modified_gmt":"2026-04-30T15:25:04","slug":"jautienos-stroganoff-su-makaronais","status":"publish","type":"product","link":"https:\/\/goodmoodmeals.com\/lt\/product\/jautienos-stroganoff-su-makaronais\/","title":{"rendered":"Jautienos Stroganoff su makaronais"},"content":{"rendered":"<h3>Sudedamosios dalys<\/h3>\n<p>Makaronai (55 %, <strong>kvie\u010diai<\/strong>), pada\u017eas<strong>(pienas<\/strong>, m\u0117sos sultinys (sud\u0117tyje yra <strong>salier\u0173<\/strong>), raps\u0173 aliejus, <strong>kvietiniai<\/strong> miltai, <strong>grietin\u0117<\/strong>, pomidor\u0173 pasta, d\u017eiovinti svog\u016bnai, petra\u017eol\u0117s, juodieji pipirai, muskato rie\u0161utas), jautiena (20 %). <\/p>\n<h3>Alergenai<\/h3>\n<p>Sud\u0117tyje yra:<br \/>\n Gali tur\u0117ti p\u0117dsak\u0173: Kiau\u0161iniai, soja, garsty\u010dios, sezamas, kiti gr\u016bdai.<br \/>\n<em>Pagaminta ir supakuota \u012fmon\u0117je, kurioje apdorojami \u0161ie alergenai.<\/em><\/p>\n","protected":false},"excerpt":{"rendered":"<p><strong>&#8222;Beef Stroganoff&#8221; su makaronais &#8211; klasikinis ir sotus &#8222;Good Mood Meals&#8221; patiekalas<\/strong><br \/>\nM\u0117gaukit\u0117s sodriu, kreminiu \u0161altyje d\u017eiovintos jautienos &#8222;Beef Stroganoff&#8221; su makaronais skoniu &#8211; \u0161velnia jautiena, pikanti\u0161kais grybais ir kreminiu pada\u017eu ant makaron\u0173. Lengvas, ilgai i\u0161liekantis ir paruo\u0161tas per kelias minutes &#8211; puikiai tinka stovyklavimui, \u017eygiams ar atsargin\u0117ms atsargoms. <\/p>\n<p>\u2713 8 met\u0173 galiojimo laikas<\/p>\n<p>\u2713 Lengvas ir greitas paruo\u0161imas<\/p>\n<p>\u2713 Turtingas ir baltymingas<\/p>\n<p>\u2713 Nereikia \u0161aldymo<\/p>\n","protected":false},"featured_media":8559,"comment_status":"open","ping_status":"closed","template":"","meta":[],"product_brand":[],"product_cat":[226,222,223],"product_tag":[],"class_list":{"0":"post-8554","1":"product","2":"type-product","3":"status-publish","4":"has-post-thumbnail","6":"product_cat-bestseleriai","7":"product_cat-liofilizuotas-maistas","8":"product_cat-pagrindiniai-patiekalai","10":"first","11":"instock","12":"taxable","13":"shipping-taxable","14":"purchasable","15":"product-type-simple"},"_links":{"self":[{"href":"https:\/\/goodmoodmeals.com\/lt\/wp-json\/wp\/v2\/product\/8554","targetHints":{"allow":["GET"]}}],"collection":[{"href":"https:\/\/goodmoodmeals.com\/lt\/wp-json\/wp\/v2\/product"}],"about":[{"href":"https:\/\/goodmoodmeals.com\/lt\/wp-json\/wp\/v2\/types\/product"}],"replies":[{"embeddable":true,"href":"https:\/\/goodmoodmeals.com\/lt\/wp-json\/wp\/v2\/comments?post=8554"}],"wp:featuredmedia":[{"embeddable":true,"href":"https:\/\/goodmoodmeals.com\/lt\/wp-json\/wp\/v2\/media\/8559"}],"wp:attachment":[{"href":"https:\/\/goodmoodmeals.com\/lt\/wp-json\/wp\/v2\/media?parent=8554"}],"wp:term":[{"taxonomy":"product_brand","embeddable":true,"href":"https:\/\/goodmoodmeals.com\/lt\/wp-json\/wp\/v2\/product_brand?post=8554"},{"taxonomy":"product_cat","embeddable":true,"href":"https:\/\/goodmoodmeals.com\/lt\/wp-json\/wp\/v2\/product_cat?post=8554"},{"taxonomy":"product_tag","embeddable":true,"href":"https:\/\/goodmoodmeals.com\/lt\/wp-json\/wp\/v2\/product_tag?post=8554"}],"curies":[{"name":"wp","href":"https:\/\/api.w.org\/{rel}","templated":true}]}}