{"id":8546,"date":"2024-12-10T15:29:28","date_gmt":"2024-12-10T13:29:28","guid":{"rendered":"https:\/\/goodmoodmeals.com\/product\/juoduju-serbentu-trupiniai\/"},"modified":"2026-04-30T18:25:07","modified_gmt":"2026-04-30T15:25:07","slug":"juoduju-serbentu-trupiniai","status":"publish","type":"product","link":"https:\/\/goodmoodmeals.com\/lt\/product\/juoduju-serbentu-trupiniai\/","title":{"rendered":"Juod\u0173j\u0173 serbent\u0173 trupiniai"},"content":{"rendered":"<h3>Sudedamosios dalys<\/h3>\n<p>Trupiniai<strong>(sviestas<\/strong>, cukrus, <strong>kvietiniai<\/strong> miltai), liofilizuoti juodieji serbentai (12 %).<\/p>\n<h3>Alergenai<\/h3>\n<p>Sud\u0117tyje yra:<br \/>\n Gali tur\u0117ti p\u0117dsak\u0173: Kiau\u0161iniai, soja, salierai, garsty\u010dios, sezamas, kiti gr\u016bdai.<br \/>\n<em>Pagaminta ir supakuota \u012fmon\u0117je, kurioje apdorojami \u0161ie alergenai.<\/em><\/p>\n","protected":false},"excerpt":{"rendered":"<div style=\"justify-content: center;gap: 12px;flex-wrap: wrap;margin-bottom: 10px\"><span style=\"align-items: center;justify-content: center;background: #f0f0f0;border: 1px solid #cccccc;border-radius: 999px;padding: 8px 24px;font-size: 80%;font-weight: 500;color: #333333\">Grynasis svoris: 100 g<\/span><span style=\"align-items: center;justify-content: center;background: #f0f0f0;border: 1px solid #ccc;border-radius: 999px;padding: 8px 24px;font-size: 1em;font-weight: 500;color: #333\"><span style=\"font-size: 80%\">Rehidratuotas: ~200 g<\/span><\/span><\/div>\n<h4 style=\"text-align: center\"><strong>Geros nuotaikos patiekalai Juod\u0173j\u0173 serbent\u0173 trupiniai<\/strong><\/h4>\n<p>M\u0117gaukit\u0117s puikiai subalansuotu sald\u017eiu ir r\u016bg\u0161\u010diu skoniu su liofilizuotais juod\u0173j\u0173 serbent\u0173 trupiniais, kuriuose sodr\u016bs juodieji serbentai dera su tra\u0161kia, sviestine trupini\u0173 mase. Lengvi, ilgai i\u0161liekantys ir paruo\u0161iami per kelias minutes &#8211; puikiai tinka stovyklavimui, \u017eygiams ar atsargin\u0117ms atsargoms. <\/p>\n<p>\u2713 8 met\u0173 galiojimo laikas<\/p>\n<p>\u2713 Lengvas ir greitas paruo\u0161imas<\/p>\n<p>\u2713 Saldus ir a\u0161trus, turtingas nat\u016brali\u0173 antioksidant\u0173<\/p>\n<p>\u2713 Nereikia \u0161aldymo<\/p>\n","protected":false},"featured_media":8553,"comment_status":"open","ping_status":"closed","template":"","meta":[],"product_brand":[],"product_cat":[229,222,228,225],"product_tag":[],"class_list":{"0":"post-8546","1":"product","2":"type-product","3":"status-publish","4":"has-post-thumbnail","6":"product_cat-desertai","7":"product_cat-liofilizuotas-maistas","8":"product_cat-pusryciai","9":"product_cat-vegetariskas","11":"first","12":"instock","13":"taxable","14":"shipping-taxable","15":"purchasable","16":"product-type-simple"},"_links":{"self":[{"href":"https:\/\/goodmoodmeals.com\/lt\/wp-json\/wp\/v2\/product\/8546","targetHints":{"allow":["GET"]}}],"collection":[{"href":"https:\/\/goodmoodmeals.com\/lt\/wp-json\/wp\/v2\/product"}],"about":[{"href":"https:\/\/goodmoodmeals.com\/lt\/wp-json\/wp\/v2\/types\/product"}],"replies":[{"embeddable":true,"href":"https:\/\/goodmoodmeals.com\/lt\/wp-json\/wp\/v2\/comments?post=8546"}],"wp:featuredmedia":[{"embeddable":true,"href":"https:\/\/goodmoodmeals.com\/lt\/wp-json\/wp\/v2\/media\/8553"}],"wp:attachment":[{"href":"https:\/\/goodmoodmeals.com\/lt\/wp-json\/wp\/v2\/media?parent=8546"}],"wp:term":[{"taxonomy":"product_brand","embeddable":true,"href":"https:\/\/goodmoodmeals.com\/lt\/wp-json\/wp\/v2\/product_brand?post=8546"},{"taxonomy":"product_cat","embeddable":true,"href":"https:\/\/goodmoodmeals.com\/lt\/wp-json\/wp\/v2\/product_cat?post=8546"},{"taxonomy":"product_tag","embeddable":true,"href":"https:\/\/goodmoodmeals.com\/lt\/wp-json\/wp\/v2\/product_tag?post=8546"}],"curies":[{"name":"wp","href":"https:\/\/api.w.org\/{rel}","templated":true}]}}