{"id":8537,"date":"2025-01-14T12:30:07","date_gmt":"2025-01-14T10:30:07","guid":{"rendered":"https:\/\/goodmoodmeals.com\/product\/vistienos-rizotas\/"},"modified":"2026-04-30T18:24:42","modified_gmt":"2026-04-30T15:24:42","slug":"vistienos-rizotas","status":"publish","type":"product","link":"https:\/\/goodmoodmeals.com\/lt\/product\/vistienos-rizotas\/","title":{"rendered":"Vi\u0161tienos rizotas"},"content":{"rendered":"<h3>Sudedamosios dalys<\/h3>\n<p>Ry\u017eiai (55 %), vi\u0161tienos fil\u0117 (20 %), <strong>grietin\u0117l\u0117<\/strong>, raps\u0173 aliejus, baltasis vynas, vi\u0161tienos sultinys (sud\u0117tyje yra <strong>salier\u0173<\/strong>), <strong>s\u016bris<\/strong>, d\u017eiovinti svog\u016bnai, d\u017eiovintos \u017eolel\u0117s (svog\u016bnai, bazilikai), pipirai, druska.<\/p>\n<h3>Alergenai<\/h3>\n<p>Sud\u0117tyje yra:<br \/>\n Gali tur\u0117ti p\u0117dsak\u0173: Kiau\u0161iniai, soja, garsty\u010dios, sezamas, kiti gr\u016bdai.<br \/>\n<em>Pagaminta ir supakuota \u012fmon\u0117je, kurioje apdorojami \u0161ie alergenai.<\/em><\/p>\n","protected":false},"excerpt":{"rendered":"<p data-start=\"175\" data-end=\"244\"><strong data-start=\"175\" data-end=\"242\">Vi\u0161tienos rizotas &#8211; kreminis ir sotus maistas pagal Good Mood Meals<\/strong><\/p>\n<p data-start=\"246\" data-end=\"457\">M\u0117gaukit\u0117s sodriu, kreminiu liofilizuotos vi\u0161tienos rizoto skoniu su \u0161velnia vi\u0161tiena, ry\u017eiais ir aromatin\u0117mis \u017eolel\u0117mis. Lengvas, ilgai i\u0161liekantis ir paruo\u0161tas per kelias minutes &#8211; puikiai tinka stovyklavimui, \u017eygiams ar atsargin\u0117ms atsargoms. <\/p>\n<p data-start=\"459\" data-end=\"571\">\u2713 8 met\u0173 galiojimo laikas<br data-start=\"478\" data-end=\"481\">\u2713 Lengvas ir greitas paruo\u0161imas<br data-start=\"513\" data-end=\"516\">\u2713 Kreminis ir turtingas baltymais<br data-start=\"539\" data-end=\"542\">\u2713 Nereikia \u0161aldyti.<\/p>\n","protected":false},"featured_media":8541,"comment_status":"open","ping_status":"closed","template":"","meta":[],"product_brand":[],"product_cat":[222,223],"product_tag":[],"class_list":{"0":"post-8537","1":"product","2":"type-product","3":"status-publish","4":"has-post-thumbnail","6":"product_cat-liofilizuotas-maistas","7":"product_cat-pagrindiniai-patiekalai","9":"first","10":"instock","11":"taxable","12":"shipping-taxable","13":"purchasable","14":"product-type-simple"},"_links":{"self":[{"href":"https:\/\/goodmoodmeals.com\/lt\/wp-json\/wp\/v2\/product\/8537","targetHints":{"allow":["GET"]}}],"collection":[{"href":"https:\/\/goodmoodmeals.com\/lt\/wp-json\/wp\/v2\/product"}],"about":[{"href":"https:\/\/goodmoodmeals.com\/lt\/wp-json\/wp\/v2\/types\/product"}],"replies":[{"embeddable":true,"href":"https:\/\/goodmoodmeals.com\/lt\/wp-json\/wp\/v2\/comments?post=8537"}],"wp:featuredmedia":[{"embeddable":true,"href":"https:\/\/goodmoodmeals.com\/lt\/wp-json\/wp\/v2\/media\/8541"}],"wp:attachment":[{"href":"https:\/\/goodmoodmeals.com\/lt\/wp-json\/wp\/v2\/media?parent=8537"}],"wp:term":[{"taxonomy":"product_brand","embeddable":true,"href":"https:\/\/goodmoodmeals.com\/lt\/wp-json\/wp\/v2\/product_brand?post=8537"},{"taxonomy":"product_cat","embeddable":true,"href":"https:\/\/goodmoodmeals.com\/lt\/wp-json\/wp\/v2\/product_cat?post=8537"},{"taxonomy":"product_tag","embeddable":true,"href":"https:\/\/goodmoodmeals.com\/lt\/wp-json\/wp\/v2\/product_tag?post=8537"}],"curies":[{"name":"wp","href":"https:\/\/api.w.org\/{rel}","templated":true}]}}