{"id":8536,"date":"2024-11-11T17:43:04","date_gmt":"2024-11-11T15:43:04","guid":{"rendered":"https:\/\/goodmoodmeals.com\/product\/zirniai-su-suriu-ir-grybu-padazu\/"},"modified":"2026-04-30T18:25:30","modified_gmt":"2026-04-30T15:25:30","slug":"zirniai-su-suriu-ir-grybu-padazu","status":"publish","type":"product","link":"https:\/\/goodmoodmeals.com\/lt\/product\/zirniai-su-suriu-ir-grybu-padazu\/","title":{"rendered":"\u017dirniai su s\u016briu ir gryb\u0173 pada\u017eu"},"content":{"rendered":"<p data-start=\"235\" data-end=\"541\"><strong data-start=\"235\" data-end=\"250\">Sudedamosios dalys<\/strong><br data-start=\"250\" data-end=\"253\">\u017dirniai (63 %), pada\u017eas (37 %) [lydytas <strong>s\u016bris<\/strong><strong>(s\u016bris<\/strong> 17 %, nugriebtas <strong>pienas<\/strong>, <strong>var\u0161k\u0117<\/strong>, <strong>grietin\u0117l\u0117<\/strong>, emulsikliai: E339, E450, E452, sausos <strong>i\u0161r\u016bgos<\/strong>, sausas nugriebtas <strong>pienas<\/strong>), grybai (pievagrybiai) 11 %, morkos, <strong>grietin\u0117l\u0117<\/strong>, raps\u0173 aliejus, <strong>kvietiniai<\/strong> miltai, svog\u016bnai, citrin\u0173 pipirai, r\u016bg\u0161tingum\u0105 reguliuojanti med\u017eiaga: cukrus, citrin\u0173 sul\u010di\u0173 milteliai].<\/p>\n<p data-start=\"543\" data-end=\"583\"><strong data-start=\"543\" data-end=\"556\">Alergenai<\/strong><br data-start=\"556\" data-end=\"559\">Sud\u0117tyje yra: Pienas, glitimas<\/p>\n<p data-start=\"585\" data-end=\"660\">Sud\u0117tyje gali b\u016bti: Kiau\u0161iniai, soja, salierai, garsty\u010dios, sezamas, kiti gr\u016bdai.<\/p>\n<p data-start=\"662\" data-end=\"735\"><em>Pagaminta ir supakuota \u012fmon\u0117je, kurioje apdorojami \u0161ie alergenai.<\/em><\/p>\n","protected":false},"excerpt":{"rendered":"<p data-start=\"191\" data-end=\"280\"><strong data-start=\"191\" data-end=\"278\">\u017dirniai su s\u016briu ir gryb\u0173 pada\u017eu &#8211; kreminis ir maistingas patiekalas pagal Good Mood Meals<\/strong><\/p>\n<p data-start=\"282\" data-end=\"508\">M\u0117gaukit\u0117s sodriu, kreminiu liofilizuot\u0173 \u017eirni\u0173 su s\u016briu ir gryb\u0173 pada\u017eu skoniu &#8211; tai skanus, daug baltym\u0173 ir skaidul\u0173 turintis maistas, puikiai tinkantis stovyklavimui, \u017eygiams ar atsargin\u0117ms atsargoms. Lengvi, ilgai i\u0161liekantys ir paruo\u0161iami per kelias minutes. <\/p>\n<p data-start=\"510\" data-end=\"645\">\u2713 8 met\u0173 galiojimo laikas<br data-start=\"529\" data-end=\"532\">\u2713 Lengvas ir greitas paruo\u0161imas<br data-start=\"564\" data-end=\"567\">\u2713 Kreminis ir aromatingas su grybais ir s\u016briu<br data-start=\"613\" data-end=\"616\">\u2713 Nereikia laikyti \u0161aldytuve.<\/p>\n","protected":false},"featured_media":8545,"comment_status":"open","ping_status":"closed","template":"","meta":[],"product_brand":[],"product_cat":[222,225],"product_tag":[],"class_list":{"0":"post-8536","1":"product","2":"type-product","3":"status-publish","4":"has-post-thumbnail","6":"product_cat-liofilizuotas-maistas","7":"product_cat-vegetariskas","9":"first","10":"instock","11":"taxable","12":"shipping-taxable","13":"purchasable","14":"product-type-simple"},"_links":{"self":[{"href":"https:\/\/goodmoodmeals.com\/lt\/wp-json\/wp\/v2\/product\/8536","targetHints":{"allow":["GET"]}}],"collection":[{"href":"https:\/\/goodmoodmeals.com\/lt\/wp-json\/wp\/v2\/product"}],"about":[{"href":"https:\/\/goodmoodmeals.com\/lt\/wp-json\/wp\/v2\/types\/product"}],"replies":[{"embeddable":true,"href":"https:\/\/goodmoodmeals.com\/lt\/wp-json\/wp\/v2\/comments?post=8536"}],"wp:featuredmedia":[{"embeddable":true,"href":"https:\/\/goodmoodmeals.com\/lt\/wp-json\/wp\/v2\/media\/8545"}],"wp:attachment":[{"href":"https:\/\/goodmoodmeals.com\/lt\/wp-json\/wp\/v2\/media?parent=8536"}],"wp:term":[{"taxonomy":"product_brand","embeddable":true,"href":"https:\/\/goodmoodmeals.com\/lt\/wp-json\/wp\/v2\/product_brand?post=8536"},{"taxonomy":"product_cat","embeddable":true,"href":"https:\/\/goodmoodmeals.com\/lt\/wp-json\/wp\/v2\/product_cat?post=8536"},{"taxonomy":"product_tag","embeddable":true,"href":"https:\/\/goodmoodmeals.com\/lt\/wp-json\/wp\/v2\/product_tag?post=8536"}],"curies":[{"name":"wp","href":"https:\/\/api.w.org\/{rel}","templated":true}]}}