{"id":8528,"date":"2025-01-14T10:37:11","date_gmt":"2025-01-14T10:37:11","guid":{"rendered":"https:\/\/goodmoodmeals.com\/product\/omletas-su-baltosiomis-pupelemis\/"},"modified":"2026-04-30T18:24:46","modified_gmt":"2026-04-30T15:24:46","slug":"omletas-su-baltosiomis-pupelemis","status":"publish","type":"product","link":"https:\/\/goodmoodmeals.com\/lt\/product\/omletas-su-baltosiomis-pupelemis\/","title":{"rendered":"Omletas su baltosiomis pupel\u0117mis"},"content":{"rendered":"<h3>Sudedamosios dalys<\/h3>\n<p>Omletas<strong>(kiau\u0161iniai<\/strong> 58 %, pupel\u0117s pomidor\u0173 pada\u017ee 35 % (pupel\u0117s, pomidorai, druska), vanduo, druska, <strong>s\u016bris<\/strong>, raps\u0173 aliejus, svog\u016bnai, prieskoniai).<\/p>\n<h3>Alergenai<\/h3>\n<p>Sud\u0117tyje yra: Kiau\u0161iniai, pienas<br \/>\nGali tur\u0117ti p\u0117dsak\u0173: Sojos, salier\u0173, garsty\u010di\u0173, sezam\u0173, kit\u0173 gr\u016bd\u0173.<br \/>\n<em>Pagaminta ir supakuota \u012fmon\u0117je, kurioje apdorojami \u0161ie alergenai.<\/em><\/p>\n","protected":false},"excerpt":{"rendered":"<p><strong>Omletas su baltosiomis pupel\u0117mis &#8211; baltym\u0173 turtingas ir sotus maistas i\u0161 &#8222;Good Mood Meals&#8221;<\/strong><br \/>\nLengvas liofilizuotas omletas su sultingomis baltosiomis pupel\u0117mis &#8211; maistingas, turtingas baltym\u0173 ir puikiai tinka stovyklavimui, \u017eygiams ar atsargin\u0117ms atsargoms. Paruo\u0161tas per kelias minutes, 8 met\u0173 galiojimo laikas ir nereikia laikyti \u0161aldytuve. <\/p>\n<p>\u2713 8 met\u0173 galiojimo laikas<\/p>\n<p>\u2713 Lengvas ir greitas paruo\u0161imas<\/p>\n<p>\u2713 Daug baltym\u0173 ir skaidul\u0173<\/p>\n<p>\u2713 Nereikia \u0161aldymo<\/p>\n","protected":false},"featured_media":8535,"comment_status":"open","ping_status":"closed","template":"","meta":[],"product_brand":[],"product_cat":[226,222,228],"product_tag":[],"class_list":{"0":"post-8528","1":"product","2":"type-product","3":"status-publish","4":"has-post-thumbnail","6":"product_cat-bestseleriai","7":"product_cat-liofilizuotas-maistas","8":"product_cat-pusryciai","10":"first","11":"instock","12":"taxable","13":"shipping-taxable","14":"purchasable","15":"product-type-simple"},"_links":{"self":[{"href":"https:\/\/goodmoodmeals.com\/lt\/wp-json\/wp\/v2\/product\/8528","targetHints":{"allow":["GET"]}}],"collection":[{"href":"https:\/\/goodmoodmeals.com\/lt\/wp-json\/wp\/v2\/product"}],"about":[{"href":"https:\/\/goodmoodmeals.com\/lt\/wp-json\/wp\/v2\/types\/product"}],"replies":[{"embeddable":true,"href":"https:\/\/goodmoodmeals.com\/lt\/wp-json\/wp\/v2\/comments?post=8528"}],"wp:featuredmedia":[{"embeddable":true,"href":"https:\/\/goodmoodmeals.com\/lt\/wp-json\/wp\/v2\/media\/8535"}],"wp:attachment":[{"href":"https:\/\/goodmoodmeals.com\/lt\/wp-json\/wp\/v2\/media?parent=8528"}],"wp:term":[{"taxonomy":"product_brand","embeddable":true,"href":"https:\/\/goodmoodmeals.com\/lt\/wp-json\/wp\/v2\/product_brand?post=8528"},{"taxonomy":"product_cat","embeddable":true,"href":"https:\/\/goodmoodmeals.com\/lt\/wp-json\/wp\/v2\/product_cat?post=8528"},{"taxonomy":"product_tag","embeddable":true,"href":"https:\/\/goodmoodmeals.com\/lt\/wp-json\/wp\/v2\/product_tag?post=8528"}],"curies":[{"name":"wp","href":"https:\/\/api.w.org\/{rel}","templated":true}]}}