{"id":8527,"date":"2024-10-28T11:47:47","date_gmt":"2024-10-28T09:47:47","guid":{"rendered":"https:\/\/goodmoodmeals.com\/product\/ryziai-ir-vistiena\/"},"modified":"2026-04-30T18:25:32","modified_gmt":"2026-04-30T15:25:32","slug":"ryziai-ir-vistiena","status":"publish","type":"product","link":"https:\/\/goodmoodmeals.com\/lt\/product\/ryziai-ir-vistiena\/","title":{"rendered":"Ry\u017eiai ir vi\u0161tiena"},"content":{"rendered":"<p data-start=\"224\" data-end=\"409\"><strong data-start=\"224\" data-end=\"239\">Sud\u0117tis<\/strong><br data-start=\"239\" data-end=\"242\">Ry\u017eiai (75 %), vi\u0161tienos kr\u016btin\u0117l\u0117 (21 %), morkos, raps\u0173 aliejus, bulvi\u0173 krakmolas, druska, prieskoniai (svog\u016bnai, \u010desnakai, bazilikai, m\u0117tos, raudon\u0117liai, \u010diobreliai, raudonosios sald\u017eiosios paprikos, kalendros, kvapieji pipirai).<\/p>\n<p data-start=\"411\" data-end=\"449\"><strong data-start=\"411\" data-end=\"424\">Alergenai<\/strong><br data-start=\"424\" data-end=\"427\">Tiesiogini\u0173 <strong data-start=\"411\" data-end=\"424\">alergen\u0173<\/strong> n\u0117ra.<\/p>\n<p data-start=\"451\" data-end=\"532\">Sud\u0117tyje gali b\u016bti: Kiau\u0161iniai, soja, pienas, salierai, garsty\u010dios, sezamas, kiti gr\u016bdai.<\/p>\n<p data-start=\"534\" data-end=\"605\"><em>Pagaminta ir supakuota \u012fmon\u0117je, kurioje apdorojami \u0161ie alergenai.<\/em><\/p>\n","protected":false},"excerpt":{"rendered":"<p data-start=\"184\" data-end=\"258\"><strong data-start=\"184\" data-end=\"256\">Ry\u017eiai su vi\u0161tiena &#8211; sveikas ir sotus maistas pagal Good Mood Meals<\/strong><\/p>\n<p data-start=\"260\" data-end=\"457\">M\u0117gaukit\u0117s sodriu ir sotu liofilizuot\u0173 ry\u017ei\u0173 su vi\u0161tiena skoniu &#8211; baltymingu, energijos suteikian\u010diu maistu, kuris idealiai tinka stovyklavimui, \u017eygiams ar atsargin\u0117ms atsargoms. Lengvas, ilgai i\u0161liekantis ir paruo\u0161tas per kelias minutes. <\/p>\n<p data-start=\"459\" data-end=\"572\">\u2713 8 met\u0173 galiojimo laikas<br data-start=\"478\" data-end=\"481\">\u2713 Lengvas ir greitas paruo\u0161imas<br data-start=\"513\" data-end=\"516\">\u2713 Daug baltym\u0173 ir sotumo<br data-start=\"540\" data-end=\"543\">\u2713 Nereikia \u0161aldyti.<\/p>\n","protected":false},"featured_media":8533,"comment_status":"open","ping_status":"closed","template":"","meta":[],"product_brand":[],"product_cat":[222,223],"product_tag":[],"class_list":{"0":"post-8527","1":"product","2":"type-product","3":"status-publish","4":"has-post-thumbnail","6":"product_cat-liofilizuotas-maistas","7":"product_cat-pagrindiniai-patiekalai","9":"first","10":"instock","11":"taxable","12":"shipping-taxable","13":"purchasable","14":"product-type-simple"},"_links":{"self":[{"href":"https:\/\/goodmoodmeals.com\/lt\/wp-json\/wp\/v2\/product\/8527","targetHints":{"allow":["GET"]}}],"collection":[{"href":"https:\/\/goodmoodmeals.com\/lt\/wp-json\/wp\/v2\/product"}],"about":[{"href":"https:\/\/goodmoodmeals.com\/lt\/wp-json\/wp\/v2\/types\/product"}],"replies":[{"embeddable":true,"href":"https:\/\/goodmoodmeals.com\/lt\/wp-json\/wp\/v2\/comments?post=8527"}],"wp:featuredmedia":[{"embeddable":true,"href":"https:\/\/goodmoodmeals.com\/lt\/wp-json\/wp\/v2\/media\/8533"}],"wp:attachment":[{"href":"https:\/\/goodmoodmeals.com\/lt\/wp-json\/wp\/v2\/media?parent=8527"}],"wp:term":[{"taxonomy":"product_brand","embeddable":true,"href":"https:\/\/goodmoodmeals.com\/lt\/wp-json\/wp\/v2\/product_brand?post=8527"},{"taxonomy":"product_cat","embeddable":true,"href":"https:\/\/goodmoodmeals.com\/lt\/wp-json\/wp\/v2\/product_cat?post=8527"},{"taxonomy":"product_tag","embeddable":true,"href":"https:\/\/goodmoodmeals.com\/lt\/wp-json\/wp\/v2\/product_tag?post=8527"}],"curies":[{"name":"wp","href":"https:\/\/api.w.org\/{rel}","templated":true}]}}