{"id":8522,"date":"2024-10-28T10:00:16","date_gmt":"2024-10-28T10:00:16","guid":{"rendered":"https:\/\/goodmoodmeals.com\/product\/72-valandu-maisto-rinkinys\/"},"modified":"2026-04-30T18:25:36","modified_gmt":"2026-04-30T15:25:36","slug":"72-valandu-maisto-rinkinys","status":"publish","type":"product","link":"https:\/\/goodmoodmeals.com\/lt\/product\/72-valandu-maisto-rinkinys\/","title":{"rendered":"72 valand\u0173 maisto rinkinys"},"content":{"rendered":"<h2>72 valand\u0173 raciono maisto rinkinys<\/h2>\n<p>M\u016bs\u0173 72 valand\u0173 liofilizuot\u0173 maisto davini\u0173 rinkinys sukurtas taip, kad u\u017etikrint\u0173 skan\u0173, kokybi\u0161k\u0105 ir ilgai i\u0161liekant\u012f maist\u0105, kai jo labiausiai reikia. Nesvarbu, ar keliaujate \u012f \u017eyg\u012f, stovyklaujate, ar ruo\u0161iat\u0117s nenumatytiems atvejams, \u0161is universalus raciono paketas si\u016blo patikim\u0105 maist\u0105 lengvu ir kompakti\u0161ku formatu. <\/p>\n<h3>Kas viduje?<\/h3>\n<h4>Pagrindiniai patiekalai (8 met\u0173 galiojimo laikas)<\/h4>\n<ul>\n<li>2 \u00d7 Omletas<\/li>\n<li>2 \u00d7 Gulia\u0161o sriuba<\/li>\n<li>1 \u00d7 Vi\u0161tienos karis<\/li>\n<li>1 \u00d7 Gelton\u0173j\u0173 \u017eirni\u0173 ko\u0161\u0117 su m\u0117sa<\/li>\n<li>1 \u00d7 Ry\u017eiai su kiauliena<\/li>\n<li>1 \u00d7 Grikiai su vi\u0161tiena ir grietin\u0117l\u0117s pada\u017eu<\/li>\n<\/ul>\n<h4>U\u017ekand\u017eiai (3 met\u0173 galiojimo laikas)<\/h4>\n<ul>\n<li>2 \u00d7 rugin\u0117 duona<\/li>\n<li>1 \u00d7 \u0160okolado baton\u0117lis<\/li>\n<li>1 \u00d7 skrudintos pupel\u0117s<\/li>\n<li>2 \u00d7 razinos<\/li>\n<li>3 \u00d7 Cukraus porcijos<\/li>\n<\/ul>\n<h4>G\u0117rimai (1 met\u0173 galiojimo laikas)<\/h4>\n<ul>\n<li>3 \u00d7 tirpiosios kavos<\/li>\n<li>1 \u00d7 arbatos mai\u0161eliai<\/li>\n<\/ul>\n<h3>Kod\u0117l verta rinktis \u0161\u012f raciono rinkin\u012f?<\/h3>\n<ul>\n<li>\u2713 Pilnas 3 dien\u0173 maisto ir g\u0117rim\u0173 atsargas<\/li>\n<li>\u2713 Ilgas galiojimo laikas &#8211; maistas: 8 metai, u\u017ekand\u017eiai: 3 metai, g\u0117rimai: 3 metai: 1 metai.<\/li>\n<li>\u2713 Lengva paruo\u0161ti &#8211; tereikia \u012fpilti kar\u0161to vandens<\/li>\n<li>\u2713 Lengvas, ne\u0161iojamas ir kompakti\u0161kas raciono paketas<\/li>\n<\/ul>\n<h3>Informacija apie alergenus<\/h3>\n<p>\u0160iame raciono rinkinyje gali b\u016bti patiekal\u0173 arba komponent\u0173 su \u0161iais alergenais: <strong>Kiau\u0161iniai, pienas, glitimas (kvie\u010diai), salierai, soja, garsty\u010dios, sezamas<\/strong>.<\/p>\n<p><em>Jis gaminamas ir pakuojamas \u012fmon\u0117je, kurioje taip pat apdorojami \u0161ie alergenai ir kiti gr\u016bdai.<\/em><\/p>\n","protected":false},"excerpt":{"rendered":"<p><strong>&#8222;Good Mood Meals&#8221; 72 valand\u0173 liofilizuot\u0173 maisto davini\u0173 rinkinys &#8211; patikima mityba bet kokioje situacijoje<\/strong><br \/>\nI\u0161likite sot\u016bs ir energingi su m\u016bs\u0173 72 valand\u0173 avarinio maisto davini\u0173 rinkiniu. Jame yra 8 sot\u016bs \u0161altyje d\u017eiovinti patiekalai, u\u017ekand\u017eiai ir g\u0117rimai, tod\u0117l jis yra lengvas, ilgaam\u017eis ir lengvai paruo\u0161iamas, idealiai tinka nuotykiui gamtoje ar pasirengimui kriz\u0117ms. <\/p>\n<p>\u2713 8 met\u0173 pagrindini\u0173 patiekal\u0173 galiojimo laikas<\/p>\n<p>\u2713 Lengvas ir kompakti\u0161kas, kad gal\u0117tum\u0117te pasiimti ir ne\u0161iotis<\/p>\n<p>\u2713 \u012eskai\u010diuotas maistas, u\u017ekand\u017eiai ir kar\u0161ti g\u0117rimai<\/p>\n<p>\u2713 Nereikia \u0161aldymo<\/p>\n","protected":false},"featured_media":8526,"comment_status":"open","ping_status":"closed","template":"","meta":[],"product_brand":[],"product_cat":[222,230],"product_tag":[],"class_list":{"0":"post-8522","1":"product","2":"type-product","3":"status-publish","4":"has-post-thumbnail","6":"product_cat-liofilizuotas-maistas","7":"product_cat-maisto-rinkiniai","9":"first","10":"outofstock","11":"taxable","12":"shipping-taxable","13":"purchasable","14":"product-type-simple"},"_links":{"self":[{"href":"https:\/\/goodmoodmeals.com\/lt\/wp-json\/wp\/v2\/product\/8522","targetHints":{"allow":["GET"]}}],"collection":[{"href":"https:\/\/goodmoodmeals.com\/lt\/wp-json\/wp\/v2\/product"}],"about":[{"href":"https:\/\/goodmoodmeals.com\/lt\/wp-json\/wp\/v2\/types\/product"}],"replies":[{"embeddable":true,"href":"https:\/\/goodmoodmeals.com\/lt\/wp-json\/wp\/v2\/comments?post=8522"}],"wp:featuredmedia":[{"embeddable":true,"href":"https:\/\/goodmoodmeals.com\/lt\/wp-json\/wp\/v2\/media\/8526"}],"wp:attachment":[{"href":"https:\/\/goodmoodmeals.com\/lt\/wp-json\/wp\/v2\/media?parent=8522"}],"wp:term":[{"taxonomy":"product_brand","embeddable":true,"href":"https:\/\/goodmoodmeals.com\/lt\/wp-json\/wp\/v2\/product_brand?post=8522"},{"taxonomy":"product_cat","embeddable":true,"href":"https:\/\/goodmoodmeals.com\/lt\/wp-json\/wp\/v2\/product_cat?post=8522"},{"taxonomy":"product_tag","embeddable":true,"href":"https:\/\/goodmoodmeals.com\/lt\/wp-json\/wp\/v2\/product_tag?post=8522"}],"curies":[{"name":"wp","href":"https:\/\/api.w.org\/{rel}","templated":true}]}}