{"id":8518,"date":"2024-10-21T11:55:50","date_gmt":"2024-10-21T08:55:50","guid":{"rendered":"https:\/\/goodmoodmeals.com\/product\/grikiai-su-soja\/"},"modified":"2026-04-30T18:27:51","modified_gmt":"2026-04-30T15:27:51","slug":"grikiai-su-soja","status":"publish","type":"product","link":"https:\/\/goodmoodmeals.com\/lt\/product\/grikiai-su-soja\/","title":{"rendered":"Grikiai su soja"},"content":{"rendered":"<p data-start=\"133\" data-end=\"294\"><strong data-start=\"133\" data-end=\"148\">Sudedamosios dalys<\/strong><br data-start=\"148\" data-end=\"151\">Grikiai 50 %, kario pada\u017eas (morkos, svog\u016bnai, \u010desnakai, bulvi\u0173 krakmolas, raps\u0173 aliejus, druska, kario milteliai [sud\u0117tyje yra <strong>garsty\u010di\u0173<\/strong>, citrinos r\u016bg\u0161ties]), <strong>soja<\/strong> 20 %.<\/p>\n<p data-start=\"296\" data-end=\"406\"><strong data-start=\"296\" data-end=\"309\">Alergenai<\/strong><br data-start=\"309\" data-end=\"312\">Sud\u0117tyje yra: Sud\u0117tyje gali b\u016bti: sojos, garsty\u010di\u0173<br data-start=\"334\" data-end=\"337\">Gali b\u016bti p\u0117dsak\u0173: Kiau\u0161iniai, pienas, salierai, sezamas, glitimas (gr\u016bdai)<\/p>\n<p data-start=\"408\" data-end=\"527\"><em>Pagaminta ir supakuota \u012fmon\u0117je, kurioje apdorojami \u0161ie alergenai. Pakuot\u0117je yra absorberio, kuris yra nevalgomas.<\/em><\/p>\n","protected":false},"excerpt":{"rendered":"<p><strong>Maistingi ir skan\u016bs vegani\u0161ki grikiai su soja &#8211; puikiai tinka lauko nuotykiams. <\/strong>M\u0117gaukit\u0117s visaver\u010diais ir baltymingais <strong>liofilizuotais vegani\u0161kais grikiais su soja<\/strong>, idealiai tinkan\u010diais stovyklavimui, \u017eygiams ir atsargin\u0117ms maisto atsargoms. \u0160is 100 % <strong>augalin\u0117s kilm\u0117s<\/strong> maistas yra lengvas, ilgaam\u017eis ir greitai paruo\u0161iamas &#8211; tereikia \u012fpilti kar\u0161to vandens, kad patiekalas b\u016bt\u0173 skanus ir sotus. I\u0161likite energingi keliaudami su \u0161iuo <strong>skaniu, maistingu ir patogiu vegani\u0161ku maistu<\/strong>.  <\/p>\n<p style=\"text-align: center\">\u2713 <strong>100% vegani\u0161kas ir augalinis<\/strong><br \/>\n\u2713 <strong>8 met\u0173 galiojimo laikas<\/strong><br \/>\n\u2713 <strong>Lengvas ir greitas paruo\u0161imas<\/strong><br \/>\n\u2713 <strong>Maistingas ir sotus<\/strong><br \/>\n\u2713 <strong>Nereikia \u0161aldyti<\/strong>.<\/p>\n","protected":false},"featured_media":8521,"comment_status":"open","ping_status":"closed","template":"","meta":[],"product_brand":[],"product_cat":[222,224,225],"product_tag":[],"class_list":{"0":"post-8518","1":"product","2":"type-product","3":"status-publish","4":"has-post-thumbnail","6":"product_cat-liofilizuotas-maistas","7":"product_cat-vegan","8":"product_cat-vegetariskas","10":"first","11":"instock","12":"sale","13":"taxable","14":"shipping-taxable","15":"purchasable","16":"product-type-simple"},"_links":{"self":[{"href":"https:\/\/goodmoodmeals.com\/lt\/wp-json\/wp\/v2\/product\/8518","targetHints":{"allow":["GET"]}}],"collection":[{"href":"https:\/\/goodmoodmeals.com\/lt\/wp-json\/wp\/v2\/product"}],"about":[{"href":"https:\/\/goodmoodmeals.com\/lt\/wp-json\/wp\/v2\/types\/product"}],"replies":[{"embeddable":true,"href":"https:\/\/goodmoodmeals.com\/lt\/wp-json\/wp\/v2\/comments?post=8518"}],"wp:featuredmedia":[{"embeddable":true,"href":"https:\/\/goodmoodmeals.com\/lt\/wp-json\/wp\/v2\/media\/8521"}],"wp:attachment":[{"href":"https:\/\/goodmoodmeals.com\/lt\/wp-json\/wp\/v2\/media?parent=8518"}],"wp:term":[{"taxonomy":"product_brand","embeddable":true,"href":"https:\/\/goodmoodmeals.com\/lt\/wp-json\/wp\/v2\/product_brand?post=8518"},{"taxonomy":"product_cat","embeddable":true,"href":"https:\/\/goodmoodmeals.com\/lt\/wp-json\/wp\/v2\/product_cat?post=8518"},{"taxonomy":"product_tag","embeddable":true,"href":"https:\/\/goodmoodmeals.com\/lt\/wp-json\/wp\/v2\/product_tag?post=8518"}],"curies":[{"name":"wp","href":"https:\/\/api.w.org\/{rel}","templated":true}]}}