{"id":8511,"date":"2024-10-21T11:55:51","date_gmt":"2024-10-21T08:55:51","guid":{"rendered":"https:\/\/goodmoodmeals.com\/product\/pasta-carbonara\/"},"modified":"2026-04-30T18:27:48","modified_gmt":"2026-04-30T15:27:48","slug":"pasta-carbonara","status":"publish","type":"product","link":"https:\/\/goodmoodmeals.com\/lt\/product\/pasta-carbonara\/","title":{"rendered":"Pasta Carbonara"},"content":{"rendered":"<h3 data-start=\"154\" data-end=\"169\">Sudedamosios dalys<\/h3>\n<p data-start=\"170\" data-end=\"655\">Makaronai 50% (kiet\u0173j\u0173 <strong>kvie\u010di\u0173<\/strong> man\u0173 kruopos, vanduo); pada\u017eas (lydytas <strong>s\u016bris<\/strong><strong>(s\u016bris<\/strong> 32.7 %, nugriebtas <strong>pienas<\/strong>, <strong>var\u0161k\u0117<\/strong>, <strong>grietin\u0117l\u0117<\/strong>, emulsikliai (E 339, E 450, E 452), sausos <strong>i\u0161r\u016bgos<\/strong>, sausas nugriebtas <strong>pienas<\/strong>), morkos, <strong>grietin\u0117l\u0117<\/strong>, raps\u0173 aliejus, <strong>kvietiniai<\/strong> miltai, bulvi\u0173 krakmolas, svog\u016bnai, druska, petra\u017eol\u0117s, citrininiai pipirai (juodieji pipirai, r\u016bg\u0161tingum\u0105 reguliuojanti med\u017eiaga: citrinos r\u016bg\u0161tis, svog\u016bnai, cukrus, citrin\u0173 sul\u010di\u0173 milteliai), \u010desnak\u0173 milteliai); r\u016bkyta kiauliena (kiaulienos kumpis 96 %, vanduo, druska, <strong>kvie\u010di\u0173<\/strong> skaidulos, \u010desnak\u0173 granul\u0117s, dekstroz\u0117, juodieji pipirai); kietasis <strong>s\u016bris<\/strong>; prieskoniai.<\/p>\n<h3 data-start=\"662\" data-end=\"686\">Informacija apie alergenus<\/h3>\n<p data-start=\"687\" data-end=\"914\"><strong data-start=\"687\" data-end=\"700\">Sud\u0117tyje yra:<\/strong> glitimas (kvie\u010diai), pienas<br data-start=\"721\" data-end=\"724\"><strong data-start=\"724\" data-end=\"750\">Sud\u0117tyje gali b\u016bti:<\/strong> Kiau\u0161iniai, soja, salierai, garsty\u010dios, sezamas, gr\u016bdai.<br data-start=\"795\" data-end=\"798\"><em>Pagaminta ir supakuota \u012fmon\u0117je, kurioje apdorojami \u0161ie alergenai. Pakuot\u0117je yra absorberio, kuris yra nevalgomas.<\/em><\/p>\n","protected":false},"excerpt":{"rendered":"<p data-start=\"19\" data-end=\"93\"><strong data-start=\"19\" data-end=\"91\">Kreminiai ir gard\u016bs makaronai Carbonara &#8211; klasikinis patogus patiekalas bet kur. <\/strong>M\u0117gaukit\u0117s sodriu ir kreminiu <strong data-start=\"130\" data-end=\"162\">\u0161altyje d\u017eiovint\u0173 makaron\u0173 &#8222;Pasta Carbonara&#8221;<\/strong> skoniu, puikiai tinkan\u010diu stovyklavimui, \u017eygiams ar atsargin\u0117ms maisto atsargoms. \u0160is <strong data-start=\"225\" data-end=\"257\">lengvas ir ilgai i\u0161liekantis<\/strong> patiekalas yra kupinas skonio, jame dera makaronai, kreminis pada\u017eas ir pikanti\u0161ki r\u016bkyti ingredientai. Tiesiog \u012fpilkite kar\u0161to vandens, kad bet kada ir bet kur paruo\u0161tum\u0117te restorano kokyb\u0117s patiekal\u0105.  <\/p>\n<p style=\"text-align: center\" data-start=\"499\" data-end=\"721\">\u2713 <strong>8 met\u0173 galiojimo laikas<\/strong> <br data-start=\"552\" data-end=\"555\">\u2713 <strong data-start=\"557\" data-end=\"591\">Lengvas ir greitas paruo\u0161imas<\/strong> <br data-start=\"624\" data-end=\"627\">\u2713 <strong data-start=\"629\" data-end=\"646\">Sodrus ir kreminis<\/strong> <br data-start=\"687\" data-end=\"690\">\u2713 <strong data-start=\"692\" data-end=\"719\">Nereikia \u0161aldyti<\/strong>.<\/p>\n","protected":false},"featured_media":8517,"comment_status":"open","ping_status":"closed","template":"","meta":[],"product_brand":[],"product_cat":[226,222,223],"product_tag":[],"class_list":{"0":"post-8511","1":"product","2":"type-product","3":"status-publish","4":"has-post-thumbnail","6":"product_cat-bestseleriai","7":"product_cat-liofilizuotas-maistas","8":"product_cat-pagrindiniai-patiekalai","10":"first","11":"instock","12":"taxable","13":"shipping-taxable","14":"purchasable","15":"product-type-simple"},"_links":{"self":[{"href":"https:\/\/goodmoodmeals.com\/lt\/wp-json\/wp\/v2\/product\/8511","targetHints":{"allow":["GET"]}}],"collection":[{"href":"https:\/\/goodmoodmeals.com\/lt\/wp-json\/wp\/v2\/product"}],"about":[{"href":"https:\/\/goodmoodmeals.com\/lt\/wp-json\/wp\/v2\/types\/product"}],"replies":[{"embeddable":true,"href":"https:\/\/goodmoodmeals.com\/lt\/wp-json\/wp\/v2\/comments?post=8511"}],"wp:featuredmedia":[{"embeddable":true,"href":"https:\/\/goodmoodmeals.com\/lt\/wp-json\/wp\/v2\/media\/8517"}],"wp:attachment":[{"href":"https:\/\/goodmoodmeals.com\/lt\/wp-json\/wp\/v2\/media?parent=8511"}],"wp:term":[{"taxonomy":"product_brand","embeddable":true,"href":"https:\/\/goodmoodmeals.com\/lt\/wp-json\/wp\/v2\/product_brand?post=8511"},{"taxonomy":"product_cat","embeddable":true,"href":"https:\/\/goodmoodmeals.com\/lt\/wp-json\/wp\/v2\/product_cat?post=8511"},{"taxonomy":"product_tag","embeddable":true,"href":"https:\/\/goodmoodmeals.com\/lt\/wp-json\/wp\/v2\/product_tag?post=8511"}],"curies":[{"name":"wp","href":"https:\/\/api.w.org\/{rel}","templated":true}]}}