{"id":8510,"date":"2024-10-21T11:55:50","date_gmt":"2024-10-21T08:55:50","guid":{"rendered":"https:\/\/goodmoodmeals.com\/product\/makaronai-alla-bolognese\/"},"modified":"2026-04-30T18:28:08","modified_gmt":"2026-04-30T15:28:08","slug":"makaronai-alla-bolognese","status":"publish","type":"product","link":"https:\/\/goodmoodmeals.com\/lt\/product\/makaronai-alla-bolognese\/","title":{"rendered":"Makaronai Alla Bolognese"},"content":{"rendered":"<p data-start=\"144\" data-end=\"637\"><strong data-start=\"144\" data-end=\"159\">Sud\u0117tis<\/strong><br data-start=\"159\" data-end=\"162\">Makaronai 37 % (kiet\u0173j\u0173 <strong>kvie\u010di\u0173<\/strong> man\u0173 kruopos, vanduo), pada\u017eas 33 % (pomidorai, pomidor\u0173 pasta, morkos, lydytas <strong>s\u016bris<\/strong> [ <strong>s\u016bris<\/strong> 32.7 %, nugriebtas <strong>pienas<\/strong>, <strong>var\u0161k\u0117<\/strong>, <strong>grietin\u0117l\u0117<\/strong>, emulsikliai (E 339, E 450, E 452), sausos <strong>i\u0161r\u016bgos<\/strong>, sausas nugriebtas <strong>pienas<\/strong>], raps\u0173 aliejus, <strong>kvietiniai<\/strong> miltai, cukrus, d\u017eiovinti svog\u016bnai, druska, prieskoniai [sud\u0117tyje yra <strong>salier\u0173<\/strong>]), m\u0117sos produktas (kiauliena 53 %, jautiena 13 %, vanduo, gr\u016bdai [sud\u0117tyje yra <strong>kvie\u010di\u0173<\/strong>,            <strong>rugiai<\/strong>, <strong>mie\u017eiai<\/strong>], svog\u016bnai, <strong>soj\u0173<\/strong> baltymai, <strong>i\u0161r\u016bg\u0173<\/strong> milteliai, prieskoniai, augaliniai baltymai, kietasis <strong>s\u016bris<\/strong>.<\/p>\n<p data-start=\"639\" data-end=\"775\"><strong data-start=\"639\" data-end=\"652\">Alergenai<\/strong><br data-start=\"652\" data-end=\"655\">Sud\u0117tyje yra: Glitimas (kvie\u010diai, rugiai, mie\u017eiai), pienas, var\u0161k\u0117, grietin\u0117l\u0117, soja, salierai<br data-start=\"711\" data-end=\"714\">Gali tur\u0117ti p\u0117dsak\u0173: Kiau\u0161iniai, garsty\u010dios, sezamas, kiti gr\u016bdai.<\/p>\n<p data-start=\"777\" data-end=\"896\"><em>Pagaminta ir supakuota \u012fmon\u0117je, kurioje apdorojami \u0161ie alergenai. Pakuot\u0117je yra absorberio, kuris yra nevalgomas.<\/em><\/p>\n","protected":false},"excerpt":{"rendered":"<p><strong>Maistingi ir skan\u016bs &#8222;Pasta alla Bolognese&#8221; &#8211; puikiai tinka nuotykiams lauke. <\/strong>M\u0117gaukit\u0117s sotiais ir sotiais <strong>liofilizuotais makaronais &#8222;Pasta alla Bolognese&#8221;<\/strong>, idealiai tinkan\u010diais stovyklavimui, \u017eygiams ir atsargin\u0117ms maisto atsargoms. \u0160\u012f lengv\u0105, ilgai i\u0161liekant\u012f patiekal\u0105 galima greitai ir lengvai paruo\u0161ti &#8211; tereikia \u012fpilti kar\u0161to vandens, kad patiekalas b\u016bt\u0173 skanus ir sotus. I\u0161likite energingi keliaudami su \u0161iuo <strong>skaniu ir patogiu maistu<\/strong>.  <\/p>\n<p style=\"text-align: center\">\u2713 <strong>8 met\u0173 galiojimo laikas<\/strong><br \/>\n\u2713 <strong>Lengvas ir greitas paruo\u0161imas<\/strong><br \/>\n\u2713 <strong>Maistingas ir sotus<\/strong><br \/>\n\u2713 <strong>Nereikia \u0161aldyti<\/strong>.<\/p>\n","protected":false},"featured_media":8514,"comment_status":"open","ping_status":"closed","template":"","meta":[],"product_brand":[],"product_cat":[226,222,223],"product_tag":[],"class_list":{"0":"post-8510","1":"product","2":"type-product","3":"status-publish","4":"has-post-thumbnail","6":"product_cat-bestseleriai","7":"product_cat-liofilizuotas-maistas","8":"product_cat-pagrindiniai-patiekalai","10":"first","11":"instock","12":"taxable","13":"shipping-taxable","14":"purchasable","15":"product-type-simple"},"_links":{"self":[{"href":"https:\/\/goodmoodmeals.com\/lt\/wp-json\/wp\/v2\/product\/8510","targetHints":{"allow":["GET"]}}],"collection":[{"href":"https:\/\/goodmoodmeals.com\/lt\/wp-json\/wp\/v2\/product"}],"about":[{"href":"https:\/\/goodmoodmeals.com\/lt\/wp-json\/wp\/v2\/types\/product"}],"replies":[{"embeddable":true,"href":"https:\/\/goodmoodmeals.com\/lt\/wp-json\/wp\/v2\/comments?post=8510"}],"wp:featuredmedia":[{"embeddable":true,"href":"https:\/\/goodmoodmeals.com\/lt\/wp-json\/wp\/v2\/media\/8514"}],"wp:attachment":[{"href":"https:\/\/goodmoodmeals.com\/lt\/wp-json\/wp\/v2\/media?parent=8510"}],"wp:term":[{"taxonomy":"product_brand","embeddable":true,"href":"https:\/\/goodmoodmeals.com\/lt\/wp-json\/wp\/v2\/product_brand?post=8510"},{"taxonomy":"product_cat","embeddable":true,"href":"https:\/\/goodmoodmeals.com\/lt\/wp-json\/wp\/v2\/product_cat?post=8510"},{"taxonomy":"product_tag","embeddable":true,"href":"https:\/\/goodmoodmeals.com\/lt\/wp-json\/wp\/v2\/product_tag?post=8510"}],"curies":[{"name":"wp","href":"https:\/\/api.w.org\/{rel}","templated":true}]}}