{"id":8503,"date":"2024-10-21T11:55:51","date_gmt":"2024-10-21T08:55:51","guid":{"rendered":"https:\/\/goodmoodmeals.com\/product\/obuoliu-su-cinamonu-trupiniai\/"},"modified":"2026-04-30T18:27:45","modified_gmt":"2026-04-30T15:27:45","slug":"obuoliu-su-cinamonu-trupiniai","status":"publish","type":"product","link":"https:\/\/goodmoodmeals.com\/lt\/product\/obuoliu-su-cinamonu-trupiniai\/","title":{"rendered":"Obuoli\u0173 su cinamonu trupiniai"},"content":{"rendered":"<h3 data-start=\"131\" data-end=\"152\"><strong data-start=\"135\" data-end=\"150\">Sudedamosios dalys<\/strong><\/h3>\n<p data-start=\"153\" data-end=\"231\">trupiniai<strong>(sviestas<\/strong>, cukrus, <strong>kvietiniai<\/strong> miltai), liofilizuoti obuoliai (12 %), cinamonas (2 %).<\/p>\n<p data-start=\"233\" data-end=\"354\"><strong data-start=\"233\" data-end=\"246\">Alergenai<\/strong><br data-start=\"246\" data-end=\"249\">Sud\u0117tyje yra: <br data-start=\"279\" data-end=\"282\"> Sud\u0117tyje gali b\u016bti: pieno, glitimo (kvie\u010di\u0173) p\u0117dsak\u0173: Kiau\u0161iniai, soja, salierai, garsty\u010dios, sezamas, kiti gr\u016bdai<\/p>\n<p data-start=\"356\" data-end=\"429\"><em data-start=\"356\" data-end=\"429\">Pagaminta ir supakuota \u012fmon\u0117je, kurioje apdorojami \u0161ie alergenai.<\/em><\/p>\n","protected":false},"excerpt":{"rendered":"<p data-start=\"108\" data-end=\"187\"><strong data-start=\"108\" data-end=\"187\">Saldus ir tra\u0161kus obuoli\u0173 su cinamonu trupinys &#8211; klasikinis desertas bet kokiai progai<\/strong><\/p>\n<p data-start=\"189\" data-end=\"551\">M\u0117gaukit\u0117s maloniu liofilizuot\u0173 obuoli\u0173 su cinamonu trupini\u0173 skoniu &#8211; gard\u017eiu sald\u017ei\u0173 obuoli\u0173, \u0161ilto cinamono ir tra\u0161kaus trupini\u0173 vir\u0161aus mi\u0161iniu. \u0160\u012f lengv\u0105 ir ilgai i\u0161liekant\u012f desert\u0105, puikiai tinkant\u012f stovyklavimui, \u017eygiams ar greitam skan\u0117stui namuose, lengva paruo\u0161ti &#8211; tereikia \u012fpilti kar\u0161to vandens, kad gautum\u0117te \u0161ilt\u0105 ir sot\u0173 malonum\u0105. <\/p>\n<p data-start=\"553\" data-end=\"766\">\u2713 8 met\u0173 galiojimo laikas &#8211; idealiai tinka ilgalaikiam laikymui<br data-start=\"602\" data-end=\"605\">\u2713 Lengvas ir greitas paruo\u0161imas &#8211; puikiai tinka nuotykiams lauke<br data-start=\"670\" data-end=\"673\">\u2713 Saldus ir paguod\u017eiantis &#8211; gausu nat\u016brali\u0173 skoni\u0173 ir \u0161ildan\u010di\u0173 prieskoni\u0173<br data-start=\"738\" data-end=\"741\">\u2713 Nereikia \u0161aldyti.<\/p>\n","protected":false},"featured_media":8509,"comment_status":"open","ping_status":"closed","template":"","meta":[],"product_brand":[],"product_cat":[226,229,222,228,225],"product_tag":[],"class_list":{"0":"post-8503","1":"product","2":"type-product","3":"status-publish","4":"has-post-thumbnail","6":"product_cat-bestseleriai","7":"product_cat-desertai","8":"product_cat-liofilizuotas-maistas","9":"product_cat-pusryciai","10":"product_cat-vegetariskas","12":"first","13":"instock","14":"sale","15":"taxable","16":"shipping-taxable","17":"purchasable","18":"product-type-simple"},"_links":{"self":[{"href":"https:\/\/goodmoodmeals.com\/lt\/wp-json\/wp\/v2\/product\/8503","targetHints":{"allow":["GET"]}}],"collection":[{"href":"https:\/\/goodmoodmeals.com\/lt\/wp-json\/wp\/v2\/product"}],"about":[{"href":"https:\/\/goodmoodmeals.com\/lt\/wp-json\/wp\/v2\/types\/product"}],"replies":[{"embeddable":true,"href":"https:\/\/goodmoodmeals.com\/lt\/wp-json\/wp\/v2\/comments?post=8503"}],"wp:featuredmedia":[{"embeddable":true,"href":"https:\/\/goodmoodmeals.com\/lt\/wp-json\/wp\/v2\/media\/8509"}],"wp:attachment":[{"href":"https:\/\/goodmoodmeals.com\/lt\/wp-json\/wp\/v2\/media?parent=8503"}],"wp:term":[{"taxonomy":"product_brand","embeddable":true,"href":"https:\/\/goodmoodmeals.com\/lt\/wp-json\/wp\/v2\/product_brand?post=8503"},{"taxonomy":"product_cat","embeddable":true,"href":"https:\/\/goodmoodmeals.com\/lt\/wp-json\/wp\/v2\/product_cat?post=8503"},{"taxonomy":"product_tag","embeddable":true,"href":"https:\/\/goodmoodmeals.com\/lt\/wp-json\/wp\/v2\/product_tag?post=8503"}],"curies":[{"name":"wp","href":"https:\/\/api.w.org\/{rel}","templated":true}]}}