{"id":8502,"date":"2024-10-21T11:55:50","date_gmt":"2024-10-21T08:55:50","guid":{"rendered":"https:\/\/goodmoodmeals.com\/product\/bulves-su-maltos-mesos-padazu\/"},"modified":"2026-05-06T11:21:57","modified_gmt":"2026-05-06T08:21:57","slug":"bulves-su-maltos-mesos-padazu","status":"publish","type":"product","link":"https:\/\/goodmoodmeals.com\/lt\/product\/bulves-su-maltos-mesos-padazu\/","title":{"rendered":"Bulv\u0117s su maltos m\u0117sos pada\u017eu"},"content":{"rendered":"<p data-start=\"162\" data-end=\"597\"><strong data-start=\"162\" data-end=\"178\">Sud\u0117tis:<\/strong><br data-start=\"178\" data-end=\"181\">Bulv\u0117s 33%, pada\u017eas 38% (lydytas <strong>s\u016bris<\/strong> [s\u016bris 32.7 %, <strong>pienas<\/strong>, <strong>var\u0161k\u0117<\/strong>, <strong>grietin\u0117l\u0117<\/strong>, emulsikliai (E339, E450, E452), <strong>i\u0161r\u016bgos<\/strong>], morkos, <strong>grietin\u0117l\u0117<\/strong>, raps\u0173 aliejus, <strong>kvietiniai<\/strong> miltai, bulvi\u0173 krakmolas, svog\u016bnai, druska, petra\u017eol\u0117s, citrininiai pipirai [juodieji pipirai, citrinos r\u016bg\u0161tis, svog\u016bnai, cukrus, citrin\u0173 sul\u010di\u0173 milteliai]), m\u0117sos produktas 28 % (kiauliena, jautiena, vanduo, gr\u016bdai<strong>[kvie\u010diai, rugiai, mie\u017eiai<\/strong>], svog\u016bnai, <strong>soj\u0173<\/strong> baltymai, i\u0161r\u016bg\u0173 milteliai, prieskoniai, augaliniai baltymai, gliukoz\u0117).<\/p>\n<p data-start=\"599\" data-end=\"842\"><strong data-start=\"599\" data-end=\"624\">Informacija apie alergenus:<\/strong><br data-start=\"624\" data-end=\"627\"><strong>Sud\u0117tyje yra:<\/strong> Sud\u0117tyje yra: pieno, kvie\u010di\u0173, rugi\u0173, mie\u017ei\u0173, sojos.<br data-start=\"667\" data-end=\"670\"><strong>Sud\u0117tyje gali b\u016bti:<\/strong> Kiau\u0161iniai, salierai, garsty\u010dios, sezamas, kiti gr\u016bdai.<br data-start=\"738\" data-end=\"741\"><em>Pagaminta \u012fmon\u0117je, kurioje dirbama su \u0161iais alergenais. Pakuot\u0117je yra absorberio ir ji yra nevalgoma. <\/em><\/p>\n","protected":false},"excerpt":{"rendered":"<p><strong>Gausios ir skanios bulv\u0117s su maltos m\u0117sos pada\u017eu &#8211; paguod\u017eiantis maistas nuotyki\u0173 lauke metu. <\/strong>Pasim\u0117gaukite \u0161iltu ir so\u010diu <strong>\u0161altyje d\u017eiovint\u0173 bulvi\u0173 su maltos m\u0117sos pada\u017eu<\/strong> patiekalu, skirtu tiems, kurie m\u0117gsta sodrius skonius net ir lauke. Nesvarbu, ar stovyklaujate, ar keliaujate p\u0117s\u010diomis, ar kaupiate atsargini\u0173 maisto atsarg\u0173 atsargas, \u0161is <strong>lengvas ir ilgai i\u0161liekantis maistas<\/strong> yra paruo\u0161tas pasotinti j\u016bs\u0173 kelion\u0119. Tiesiog \u012fpilkite kar\u0161to vandens ir m\u0117gaukit\u0117s <strong>naminiu patiekalu<\/strong> bet kur. I\u0161likite sot\u016bs ir kupini energijos su \u0161iuo <strong>skaniu ir patogiu maistu<\/strong>.   <\/p>\n<p style=\"text-align: center\">\u2713<strong> 8 met\u0173 galiojimo laikas<\/strong><br \/>\n\u2713 <strong>Lengvas ir lengvai paruo\u0161iamas<\/strong><br \/>\n\u2713 Sotus <strong>ir sotus<\/strong><br \/>\n\u2713 <strong>Nereikia \u0161aldyti<\/strong>.<\/p>\n","protected":false},"featured_media":8506,"comment_status":"open","ping_status":"closed","template":"","meta":[],"product_brand":[],"product_cat":[222,223],"product_tag":[],"class_list":{"0":"post-8502","1":"product","2":"type-product","3":"status-publish","4":"has-post-thumbnail","6":"product_cat-liofilizuotas-maistas","7":"product_cat-pagrindiniai-patiekalai","9":"first","10":"instock","11":"taxable","12":"shipping-taxable","13":"purchasable","14":"product-type-simple"},"_links":{"self":[{"href":"https:\/\/goodmoodmeals.com\/lt\/wp-json\/wp\/v2\/product\/8502","targetHints":{"allow":["GET"]}}],"collection":[{"href":"https:\/\/goodmoodmeals.com\/lt\/wp-json\/wp\/v2\/product"}],"about":[{"href":"https:\/\/goodmoodmeals.com\/lt\/wp-json\/wp\/v2\/types\/product"}],"replies":[{"embeddable":true,"href":"https:\/\/goodmoodmeals.com\/lt\/wp-json\/wp\/v2\/comments?post=8502"}],"wp:featuredmedia":[{"embeddable":true,"href":"https:\/\/goodmoodmeals.com\/lt\/wp-json\/wp\/v2\/media\/8506"}],"wp:attachment":[{"href":"https:\/\/goodmoodmeals.com\/lt\/wp-json\/wp\/v2\/media?parent=8502"}],"wp:term":[{"taxonomy":"product_brand","embeddable":true,"href":"https:\/\/goodmoodmeals.com\/lt\/wp-json\/wp\/v2\/product_brand?post=8502"},{"taxonomy":"product_cat","embeddable":true,"href":"https:\/\/goodmoodmeals.com\/lt\/wp-json\/wp\/v2\/product_cat?post=8502"},{"taxonomy":"product_tag","embeddable":true,"href":"https:\/\/goodmoodmeals.com\/lt\/wp-json\/wp\/v2\/product_tag?post=8502"}],"curies":[{"name":"wp","href":"https:\/\/api.w.org\/{rel}","templated":true}]}}