{"id":8495,"date":"2024-10-21T11:55:50","date_gmt":"2024-10-21T08:55:50","guid":{"rendered":"https:\/\/goodmoodmeals.com\/product\/bulves-su-kiauliena-ir-krapu-padazu\/"},"modified":"2026-04-30T18:19:39","modified_gmt":"2026-04-30T15:19:39","slug":"bulves-su-kiauliena-ir-krapu-padazu","status":"publish","type":"product","link":"https:\/\/goodmoodmeals.com\/lt\/product\/bulves-su-kiauliena-ir-krapu-padazu\/","title":{"rendered":"Bulv\u0117s su kiauliena ir krap\u0173 pada\u017eu"},"content":{"rendered":"<p data-start=\"143\" data-end=\"536\"><strong data-start=\"143\" data-end=\"158\">Sud\u0117tis<\/strong><br data-start=\"158\" data-end=\"161\">Bulv\u0117s (43%), pada\u017eas (38%) [lydytas <strong>s\u016bris<\/strong><strong>(s\u016bris<\/strong> 32.7%, nugriebtas <strong>pienas<\/strong>, <strong>var\u0161k\u0117<\/strong>, <strong>grietin\u0117l\u0117<\/strong>, emulsikliai (E339, E450, E452), sausos i\u0161r\u016bgos, sausas nugriebtas <strong>pienas<\/strong>), morkos, <strong>grietin\u0117l\u0117<\/strong>, raps\u0173 aliejus, <strong>kvietiniai<\/strong> miltai, bulvi\u0173 krakmolas, svog\u016bnai, druska, petra\u017eol\u0117s, citrininiai pipirai (juodieji pipirai, r\u016bg\u0161tingum\u0105 reguliuojanti med\u017eiaga: citrin\u0173 r\u016bg\u0161tis, svog\u016bnai, cukrus, citrin\u0173 sul\u010di\u0173 milteliai)], kiauliena (17%), krapai (0,8%), vasariniai svog\u016bnai.<\/p>\n<p data-start=\"538\" data-end=\"659\"><strong data-start=\"538\" data-end=\"551\">Alergenai<\/strong><br data-start=\"551\" data-end=\"554\">Sud\u0117tyje yra: <br data-start=\"584\" data-end=\"587\"> Sud\u0117tyje gali b\u016bti: pieno, kvie\u010di\u0173 (glitimo) p\u0117dsak\u0173: Kiau\u0161iniai, soja, salierai, garsty\u010dios, sezamas, kiti gr\u016bdai<\/p>\n<p data-start=\"661\" data-end=\"732\"><em>Pagaminta ir supakuota \u012fmon\u0117je, kurioje apdorojami \u0161ie alergenai.<\/em><\/p>\n","protected":false},"excerpt":{"rendered":"<p><strong>Skanios ir so\u010dios bulv\u0117s su kiaulienos ir krap\u0173 pada\u017eu &#8211; puikiai tinka lauko nuotykiams. <\/strong>M\u0117gaukit\u0117s kvapniomis ir paguod\u017eian\u010diomis <strong>liofilizuotomis bulv\u0117mis su kiaulienos ir krap\u0173 pada\u017eu<\/strong>, kurios idealiai tinka stovyklavimui, \u017eygiams ir atsargin\u0117ms maisto atsargoms. \u0160\u012f lengv\u0105, ilgai i\u0161liekant\u012f patiekal\u0105 galima greitai ir lengvai paruo\u0161ti &#8211; tereikia \u012fpilti kar\u0161to vandens, kad patiekalas b\u016bt\u0173 sotus ir sotus. I\u0161likite sot\u016bs keliaudami su \u0161iuo <strong>skaniu ir patogiu maistu<\/strong>.  <\/p>\n<p style=\"text-align: center\">\u2713 <strong>8 met\u0173 galiojimo laikas<\/strong><br \/>\n\u2713 <strong>Lengvas ir greitas paruo\u0161imas<\/strong><br \/>\n\u2713 <strong>Maistingas ir sotus<\/strong><br \/>\n\u2713 <strong>Nereikia \u0161aldyti<\/strong>.<\/p>\n","protected":false},"featured_media":8498,"comment_status":"open","ping_status":"closed","template":"","meta":[],"product_brand":[],"product_cat":[222,223],"product_tag":[],"class_list":{"0":"post-8495","1":"product","2":"type-product","3":"status-publish","4":"has-post-thumbnail","6":"product_cat-liofilizuotas-maistas","7":"product_cat-pagrindiniai-patiekalai","9":"first","10":"outofstock","11":"taxable","12":"shipping-taxable","13":"purchasable","14":"product-type-simple"},"_links":{"self":[{"href":"https:\/\/goodmoodmeals.com\/lt\/wp-json\/wp\/v2\/product\/8495","targetHints":{"allow":["GET"]}}],"collection":[{"href":"https:\/\/goodmoodmeals.com\/lt\/wp-json\/wp\/v2\/product"}],"about":[{"href":"https:\/\/goodmoodmeals.com\/lt\/wp-json\/wp\/v2\/types\/product"}],"replies":[{"embeddable":true,"href":"https:\/\/goodmoodmeals.com\/lt\/wp-json\/wp\/v2\/comments?post=8495"}],"wp:featuredmedia":[{"embeddable":true,"href":"https:\/\/goodmoodmeals.com\/lt\/wp-json\/wp\/v2\/media\/8498"}],"wp:attachment":[{"href":"https:\/\/goodmoodmeals.com\/lt\/wp-json\/wp\/v2\/media?parent=8495"}],"wp:term":[{"taxonomy":"product_brand","embeddable":true,"href":"https:\/\/goodmoodmeals.com\/lt\/wp-json\/wp\/v2\/product_brand?post=8495"},{"taxonomy":"product_cat","embeddable":true,"href":"https:\/\/goodmoodmeals.com\/lt\/wp-json\/wp\/v2\/product_cat?post=8495"},{"taxonomy":"product_tag","embeddable":true,"href":"https:\/\/goodmoodmeals.com\/lt\/wp-json\/wp\/v2\/product_tag?post=8495"}],"curies":[{"name":"wp","href":"https:\/\/api.w.org\/{rel}","templated":true}]}}