{"id":8494,"date":"2024-10-21T11:55:51","date_gmt":"2024-10-21T08:55:51","guid":{"rendered":"https:\/\/goodmoodmeals.com\/product\/perliniai-mieziai-su-kiauliena\/"},"modified":"2026-04-30T18:25:59","modified_gmt":"2026-04-30T15:25:59","slug":"perliniai-mieziai-su-kiauliena","status":"publish","type":"product","link":"https:\/\/goodmoodmeals.com\/lt\/product\/perliniai-mieziai-su-kiauliena\/","title":{"rendered":"Perliniai mie\u017eiai su kiauliena"},"content":{"rendered":"<h3 data-start=\"147\" data-end=\"168\"><strong data-start=\"151\" data-end=\"166\">Sudedamosios dalys<\/strong><\/h3>\n<p data-start=\"169\" data-end=\"411\">Perliniai mie\u017eiai (38 %), pada\u017eas [morkos, paprika, pomidor\u0173 pasta (pomidorai), raps\u0173 aliejus, <strong>kvietiniai<\/strong> miltai, svog\u016bnai, <strong>salierai<\/strong>, cukrus, druska, prieskoniai (paprika, svog\u016bnai, juodieji pipirai, mieli\u0173 ekstraktas, <strong>salier\u0173<\/strong> s\u0117klos, \u010desnakai), a\u0161trioji paprika, sausi \u010desnakai], kiauliena (23,8 %).<\/p>\n<p data-start=\"413\" data-end=\"534\"><strong data-start=\"413\" data-end=\"426\">Alergenai<\/strong><br data-start=\"426\" data-end=\"429\">Sud\u0117tyje yra: Gliutenas (kvie\u010diai), salierai<br data-start=\"461\" data-end=\"464\">Gali b\u016bti p\u0117dsak\u0173: Kiau\u0161iniai, soja, pienas, garsty\u010dios, sezamas, kiti gr\u016bdai.<\/p>\n<p data-start=\"536\" data-end=\"609\"><em data-start=\"536\" data-end=\"609\">Pagaminta ir supakuota \u012fmon\u0117je, kurioje apdorojami \u0161ie alergenai.<\/em><\/p>\n","protected":false},"excerpt":{"rendered":"<p data-start=\"136\" data-end=\"191\"><strong data-start=\"136\" data-end=\"191\">Perliniai mie\u017eiai su kiauliena &#8211; sotus \u0161altyje d\u017eiovintas maistas<\/strong><\/p>\n<p data-start=\"193\" data-end=\"417\">M\u0117gaukit\u0117s sodriu liofilizuot\u0173 perlini\u0173 mie\u017ei\u0173 su kiauliena &#8222;Good Mood Meals&#8221; skoniu. \u0160is lengvas, baltym\u0173 turintis patiekalas puikiai tinka stovyklavimui, \u017eygiams ar skubios pagalbos atveju. Tiesiog \u012fpilkite kar\u0161to vandens, kad bet kur gautum\u0117te \u0161ilt\u0105, sot\u0173 maist\u0105.  <\/p>\n<p data-start=\"419\" data-end=\"522\">\u2713 8 met\u0173 galiojimo laikas<br data-start=\"438\" data-end=\"441\">\u2713 Greitas ir paprastas paruo\u0161imas<br data-start=\"466\" data-end=\"469\">\u2713 Daug baltym\u0173 ir skaidulini\u0173 med\u017eiag\u0173<br data-start=\"494\" data-end=\"497\">\u2713 Nereikia \u0161aldyti.<\/p>\n","protected":false},"featured_media":8501,"comment_status":"open","ping_status":"closed","template":"","meta":[],"product_brand":[],"product_cat":[226,222,223],"product_tag":[],"class_list":{"0":"post-8494","1":"product","2":"type-product","3":"status-publish","4":"has-post-thumbnail","6":"product_cat-bestseleriai","7":"product_cat-liofilizuotas-maistas","8":"product_cat-pagrindiniai-patiekalai","10":"first","11":"instock","12":"taxable","13":"shipping-taxable","14":"purchasable","15":"product-type-simple"},"_links":{"self":[{"href":"https:\/\/goodmoodmeals.com\/lt\/wp-json\/wp\/v2\/product\/8494","targetHints":{"allow":["GET"]}}],"collection":[{"href":"https:\/\/goodmoodmeals.com\/lt\/wp-json\/wp\/v2\/product"}],"about":[{"href":"https:\/\/goodmoodmeals.com\/lt\/wp-json\/wp\/v2\/types\/product"}],"replies":[{"embeddable":true,"href":"https:\/\/goodmoodmeals.com\/lt\/wp-json\/wp\/v2\/comments?post=8494"}],"wp:featuredmedia":[{"embeddable":true,"href":"https:\/\/goodmoodmeals.com\/lt\/wp-json\/wp\/v2\/media\/8501"}],"wp:attachment":[{"href":"https:\/\/goodmoodmeals.com\/lt\/wp-json\/wp\/v2\/media?parent=8494"}],"wp:term":[{"taxonomy":"product_brand","embeddable":true,"href":"https:\/\/goodmoodmeals.com\/lt\/wp-json\/wp\/v2\/product_brand?post=8494"},{"taxonomy":"product_cat","embeddable":true,"href":"https:\/\/goodmoodmeals.com\/lt\/wp-json\/wp\/v2\/product_cat?post=8494"},{"taxonomy":"product_tag","embeddable":true,"href":"https:\/\/goodmoodmeals.com\/lt\/wp-json\/wp\/v2\/product_tag?post=8494"}],"curies":[{"name":"wp","href":"https:\/\/api.w.org\/{rel}","templated":true}]}}