{"id":8487,"date":"2024-10-21T11:55:51","date_gmt":"2024-10-21T08:55:51","guid":{"rendered":"https:\/\/goodmoodmeals.com\/product\/plov\/"},"modified":"2026-05-06T11:22:27","modified_gmt":"2026-05-06T08:22:27","slug":"plov","status":"publish","type":"product","link":"https:\/\/goodmoodmeals.com\/lt\/product\/plov\/","title":{"rendered":"Plov"},"content":{"rendered":"<p data-start=\"81\" data-end=\"244\"><strong data-start=\"81\" data-end=\"96\">Sud\u0117tis<\/strong><br data-start=\"96\" data-end=\"99\">Ry\u017eiai, kiauliena, morkos, raps\u0173 aliejus, bulvi\u0173 krakmolas, druska, prieskoniai (svog\u016bnai, \u010desnakai, bazilikai, m\u0117tos, raudon\u0117liai, \u010diobreliai, raudonosios sald\u017eiosios paprikos, kalendros, kvapieji pipirai).<\/p>\n<p data-start=\"246\" data-end=\"409\"><strong data-start=\"246\" data-end=\"259\">Alergenai<\/strong><\/p>\n<p data-start=\"246\" data-end=\"409\">Sud\u0117tyje gali b\u016bti: Kiau\u0161iniai, soja, pienas, salierai, garsty\u010dios, sezamas, gr\u016bdai.<br data-start=\"335\" data-end=\"338\"><em>Pagaminta ir supakuota \u012fmon\u0117je, kurioje apdorojami \u0161ie alergenai.<\/em><\/p>\n","protected":false},"excerpt":{"rendered":"<p data-start=\"81\" data-end=\"141\"><strong data-start=\"81\" data-end=\"141\">Plovas &#8211; aromatingas ir tradicinis patiekalas i\u0161 &#8222;Good Mood Meals<\/strong><\/p>\n<p data-start=\"143\" data-end=\"508\">M\u0117gaukit\u0117s sodriu ir aromatingu \u0161altyje d\u017eiovinto &#8222;Plov&#8221; &#8211; tradicinio patiekalo su mink\u0161ta m\u0117sa, kvapniais ry\u017eiais ir aromatingais prieskoniais &#8211; skoniu. \u0160is lengvas ir ilgai i\u0161liekantis patiekalas, kuriame gausu baltym\u0173 ir maisting\u0173j\u0173 med\u017eiag\u0173, puikiai tinka stovyklavimui, \u017eygiams ar atsargin\u0117ms atsargoms laikyti. Tiesiog \u012fpilkite kar\u0161to vandens ir m\u0117gaukit\u0117s \u0161iltu naminiu patiekalu bet kur.  <\/p>\n<p data-start=\"510\" data-end=\"723\">\u2713 8 met\u0173 galiojimo laikas &#8211; idealiai tinka ilgalaikiam laikymui<br data-start=\"559\" data-end=\"562\">\u2713 Lengvas ir greitas paruo\u0161imas &#8211; puikiai tinka nuotykiams lauke<br data-start=\"627\" data-end=\"630\">\u2713 Sotus ir kupinas skonio &#8211; gausu baltym\u0173, ry\u017ei\u0173 ir prieskoni\u0173<br data-start=\"695\" data-end=\"698\">\u2713 Nereikia \u0161aldyti<\/p>\n","protected":false},"featured_media":8490,"comment_status":"open","ping_status":"closed","template":"","meta":[],"product_brand":[],"product_cat":[222,223],"product_tag":[],"class_list":{"0":"post-8487","1":"product","2":"type-product","3":"status-publish","4":"has-post-thumbnail","6":"product_cat-liofilizuotas-maistas","7":"product_cat-pagrindiniai-patiekalai","9":"first","10":"instock","11":"taxable","12":"shipping-taxable","13":"purchasable","14":"product-type-simple"},"_links":{"self":[{"href":"https:\/\/goodmoodmeals.com\/lt\/wp-json\/wp\/v2\/product\/8487","targetHints":{"allow":["GET"]}}],"collection":[{"href":"https:\/\/goodmoodmeals.com\/lt\/wp-json\/wp\/v2\/product"}],"about":[{"href":"https:\/\/goodmoodmeals.com\/lt\/wp-json\/wp\/v2\/types\/product"}],"replies":[{"embeddable":true,"href":"https:\/\/goodmoodmeals.com\/lt\/wp-json\/wp\/v2\/comments?post=8487"}],"wp:featuredmedia":[{"embeddable":true,"href":"https:\/\/goodmoodmeals.com\/lt\/wp-json\/wp\/v2\/media\/8490"}],"wp:attachment":[{"href":"https:\/\/goodmoodmeals.com\/lt\/wp-json\/wp\/v2\/media?parent=8487"}],"wp:term":[{"taxonomy":"product_brand","embeddable":true,"href":"https:\/\/goodmoodmeals.com\/lt\/wp-json\/wp\/v2\/product_brand?post=8487"},{"taxonomy":"product_cat","embeddable":true,"href":"https:\/\/goodmoodmeals.com\/lt\/wp-json\/wp\/v2\/product_cat?post=8487"},{"taxonomy":"product_tag","embeddable":true,"href":"https:\/\/goodmoodmeals.com\/lt\/wp-json\/wp\/v2\/product_tag?post=8487"}],"curies":[{"name":"wp","href":"https:\/\/api.w.org\/{rel}","templated":true}]}}