{"id":8486,"date":"2024-10-21T11:55:50","date_gmt":"2024-10-21T08:55:50","guid":{"rendered":"https:\/\/goodmoodmeals.com\/product\/ryziu-pudingas-su-braskemis\/"},"modified":"2026-04-30T18:28:17","modified_gmt":"2026-04-30T15:28:17","slug":"ryziu-pudingas-su-braskemis","status":"publish","type":"product","link":"https:\/\/goodmoodmeals.com\/lt\/product\/ryziu-pudingas-su-braskemis\/","title":{"rendered":"Ry\u017ei\u0173 pudingas su bra\u0161k\u0117mis"},"content":{"rendered":"<p data-start=\"143\" data-end=\"240\"><strong data-start=\"143\" data-end=\"158\">Sud\u0117tis<\/strong><br data-start=\"158\" data-end=\"161\">Ry\u017ei\u0173 pudingas<strong>(grietin\u0117l\u0117<\/strong>, ry\u017eiai 25 %, cukrus, vanilino kvapioji med\u017eiaga); bra\u0161k\u0117s (23 %).<\/p>\n<p data-start=\"242\" data-end=\"341\"><strong data-start=\"242\" data-end=\"255\">Alergenai<\/strong><br data-start=\"255\" data-end=\"258\">Sud\u0117tyje yra: <br data-start=\"272\" data-end=\"275\"> Gali tur\u0117ti p\u0117dsak\u0173: Kiau\u0161iniai, soja, salierai, garsty\u010dios, sezamas, gr\u016bdai<\/p>\n<p data-start=\"343\" data-end=\"414\"><em>Pagaminta ir supakuota \u012fmon\u0117je, kurioje apdorojami \u0161ie alergenai.<\/em><\/p>\n","protected":false},"excerpt":{"rendered":"<p data-start=\"109\" data-end=\"485\">M\u0117gaukit\u0117s maloniu <strong data-start=\"139\" data-end=\"186\">liofilizuot\u0173 ry\u017ei\u0173 pudingo su bra\u0161k\u0117mis<\/strong> skoniu, kuris puikiai tinka stovyklaujant, keliaujant p\u0117s\u010diomis ar tiesiog m\u0117gaujantis namuose. \u0160\u012f <strong data-start=\"251\" data-end=\"283\">lengv\u0105 ir ilgai i\u0161liekant\u012f<\/strong> desert\u0105 lengva paruo\u0161ti &#8211; tereikia \u012fpilti kar\u0161to vandens, kad gautum\u0117te kremin\u012f, sodr\u0173 ir vaisin\u012f malonum\u0105. Kiekviename \u0161auk\u0161te pajuskite <strong data-start=\"434\" data-end=\"464\">tikr\u0173 bra\u0161ki\u0173 skon\u012f<\/strong>!  <\/p>\n<p style=\"text-align: center\" data-start=\"487\" data-end=\"714\">\u2713 <strong>8 met\u0173 galiojimo laikas<\/strong> <br data-start=\"540\" data-end=\"543\">\u2713 <strong data-start=\"545\" data-end=\"579\">Lengvas ir greitas paruo\u0161imas<\/strong> <br data-start=\"612\" data-end=\"615\">\u2713 <strong data-start=\"617\" data-end=\"636\">Kreminis ir vaisinis<\/strong> <br data-start=\"680\" data-end=\"683\">\u2713 <strong data-start=\"685\" data-end=\"712\">Nereikia laikyti \u0161aldytuve<\/strong>.<\/p>\n","protected":false},"featured_media":8493,"comment_status":"open","ping_status":"closed","template":"","meta":[],"product_brand":[],"product_cat":[229,222,228,225],"product_tag":[],"class_list":{"0":"post-8486","1":"product","2":"type-product","3":"status-publish","4":"has-post-thumbnail","6":"product_cat-desertai","7":"product_cat-liofilizuotas-maistas","8":"product_cat-pusryciai","9":"product_cat-vegetariskas","11":"first","12":"instock","13":"taxable","14":"shipping-taxable","15":"purchasable","16":"product-type-simple"},"_links":{"self":[{"href":"https:\/\/goodmoodmeals.com\/lt\/wp-json\/wp\/v2\/product\/8486","targetHints":{"allow":["GET"]}}],"collection":[{"href":"https:\/\/goodmoodmeals.com\/lt\/wp-json\/wp\/v2\/product"}],"about":[{"href":"https:\/\/goodmoodmeals.com\/lt\/wp-json\/wp\/v2\/types\/product"}],"replies":[{"embeddable":true,"href":"https:\/\/goodmoodmeals.com\/lt\/wp-json\/wp\/v2\/comments?post=8486"}],"wp:featuredmedia":[{"embeddable":true,"href":"https:\/\/goodmoodmeals.com\/lt\/wp-json\/wp\/v2\/media\/8493"}],"wp:attachment":[{"href":"https:\/\/goodmoodmeals.com\/lt\/wp-json\/wp\/v2\/media?parent=8486"}],"wp:term":[{"taxonomy":"product_brand","embeddable":true,"href":"https:\/\/goodmoodmeals.com\/lt\/wp-json\/wp\/v2\/product_brand?post=8486"},{"taxonomy":"product_cat","embeddable":true,"href":"https:\/\/goodmoodmeals.com\/lt\/wp-json\/wp\/v2\/product_cat?post=8486"},{"taxonomy":"product_tag","embeddable":true,"href":"https:\/\/goodmoodmeals.com\/lt\/wp-json\/wp\/v2\/product_tag?post=8486"}],"curies":[{"name":"wp","href":"https:\/\/api.w.org\/{rel}","templated":true}]}}