{"id":8482,"date":"2024-10-21T11:55:51","date_gmt":"2024-10-21T08:55:51","guid":{"rendered":"https:\/\/goodmoodmeals.com\/product\/omletas\/"},"modified":"2026-04-30T18:25:53","modified_gmt":"2026-04-30T15:25:53","slug":"omletas","status":"publish","type":"product","link":"https:\/\/goodmoodmeals.com\/lt\/product\/omletas\/","title":{"rendered":"Omletas"},"content":{"rendered":"<p data-start=\"167\" data-end=\"281\"><strong data-start=\"167\" data-end=\"182\">Sud\u0117tis<\/strong><br data-start=\"182\" data-end=\"185\"><strong>Kiau\u0161ini\u0173<\/strong> mas\u0117 (65 %), kukur\u016bzai, vanduo, druska, paprika, <strong>grietin\u0117l\u0117<\/strong>, raps\u0173 aliejus, <strong>salierai<\/strong>, svog\u016bnai, \u010desnakai, prieskoniai.<\/p>\n<p data-start=\"283\" data-end=\"388\"><strong data-start=\"283\" data-end=\"296\">Alergenai<\/strong><br data-start=\"296\" data-end=\"299\">Sud\u0117tyje yra: Kiau\u0161iniai, pienas, salierai<br data-start=\"327\" data-end=\"330\">Gali tur\u0117ti p\u0117dsak\u0173: Sojos, garsty\u010di\u0173, sezamo, kit\u0173 gr\u016bd\u0173<\/p>\n<p data-start=\"390\" data-end=\"461\"><em>Pagaminta ir supakuota \u012fmon\u0117je, kurioje apdorojami \u0161ie alergenai.<\/em><\/p>\n","protected":false},"excerpt":{"rendered":"<p data-start=\"93\" data-end=\"404\">M\u0117gaukit\u0117s lengvu ir baltymingu <strong data-start=\"137\" data-end=\"162\">liofilizuot\u0173 omlet\u0173<\/strong> skoniu, puikiai tinkan\u010diu stovyklavimui, \u017eygiams ar atsargin\u0117ms maisto atsargoms. \u0160\u012f <strong data-start=\"225\" data-end=\"257\">lengv\u0105 ir ilgai i\u0161liekant\u012f<\/strong> patiekal\u0105 lengva paruo\u0161ti &#8211; tereikia \u012fpilti kar\u0161to vandens, kad gautum\u0117te mink\u0161t\u0105, pur\u0173 ir nat\u016brali\u0173 skoni\u0173 omlet\u0105. <strong>8 met\u0173 galiojimo laikas<\/strong> &#8211; nereikia laikyti \u0161aldytuve. <\/p>\n<p style=\"text-align: center\" data-start=\"406\" data-end=\"625\">\u2713 <strong>8 met\u0173 galiojimo laikas<\/strong> <br data-start=\"461\" data-end=\"464\">\u2713 <strong data-start=\"466\" data-end=\"500\">Lengvas ir greitas paruo\u0161imas<\/strong> <br data-start=\"531\" data-end=\"534\">\u2713 <strong data-start=\"536\" data-end=\"568\">Daug baltym\u0173 ir sotumo<\/strong> <br data-start=\"591\" data-end=\"594\">\u2713 <strong data-start=\"596\" data-end=\"623\">Nereikia \u0161aldyti<\/strong>.<\/p>\n","protected":false},"featured_media":8485,"comment_status":"open","ping_status":"closed","template":"","meta":[],"product_brand":[],"product_cat":[222,228],"product_tag":[],"class_list":{"0":"post-8482","1":"product","2":"type-product","3":"status-publish","4":"has-post-thumbnail","6":"product_cat-liofilizuotas-maistas","7":"product_cat-pusryciai","9":"first","10":"instock","11":"taxable","12":"shipping-taxable","13":"purchasable","14":"product-type-simple"},"_links":{"self":[{"href":"https:\/\/goodmoodmeals.com\/lt\/wp-json\/wp\/v2\/product\/8482","targetHints":{"allow":["GET"]}}],"collection":[{"href":"https:\/\/goodmoodmeals.com\/lt\/wp-json\/wp\/v2\/product"}],"about":[{"href":"https:\/\/goodmoodmeals.com\/lt\/wp-json\/wp\/v2\/types\/product"}],"replies":[{"embeddable":true,"href":"https:\/\/goodmoodmeals.com\/lt\/wp-json\/wp\/v2\/comments?post=8482"}],"wp:featuredmedia":[{"embeddable":true,"href":"https:\/\/goodmoodmeals.com\/lt\/wp-json\/wp\/v2\/media\/8485"}],"wp:attachment":[{"href":"https:\/\/goodmoodmeals.com\/lt\/wp-json\/wp\/v2\/media?parent=8482"}],"wp:term":[{"taxonomy":"product_brand","embeddable":true,"href":"https:\/\/goodmoodmeals.com\/lt\/wp-json\/wp\/v2\/product_brand?post=8482"},{"taxonomy":"product_cat","embeddable":true,"href":"https:\/\/goodmoodmeals.com\/lt\/wp-json\/wp\/v2\/product_cat?post=8482"},{"taxonomy":"product_tag","embeddable":true,"href":"https:\/\/goodmoodmeals.com\/lt\/wp-json\/wp\/v2\/product_tag?post=8482"}],"curies":[{"name":"wp","href":"https:\/\/api.w.org\/{rel}","templated":true}]}}