{"id":8475,"date":"2024-10-21T11:55:48","date_gmt":"2024-10-21T08:55:48","guid":{"rendered":"https:\/\/goodmoodmeals.com\/product\/makaronai-su-vistiena-surio-padazu-ir-brokoliais\/"},"modified":"2026-04-30T18:29:14","modified_gmt":"2026-04-30T15:29:14","slug":"makaronai-su-vistiena-surio-padazu-ir-brokoliais","status":"publish","type":"product","link":"https:\/\/goodmoodmeals.com\/lt\/product\/makaronai-su-vistiena-surio-padazu-ir-brokoliais\/","title":{"rendered":"Makaronai su vi\u0161tiena, s\u016brio pada\u017eu ir brokoliais"},"content":{"rendered":"<h3 style=\"margin-top: 24px\">Sudedamosios dalys<\/h3>\n<p>Makaronai 40% (kiet\u0173j\u0173 <strong>kvie\u010di\u0173<\/strong> man\u0173 kruopos, vanduo), pada\u017eas (lydytas <strong>s\u016bris<\/strong> ( <strong>s\u016bris<\/strong> 32.7%, nugriebtas <strong>pienas<\/strong>, <strong>var\u0161k\u0117<\/strong>, <strong>grietin\u0117l\u0117<\/strong>, emulsikliai (E 339, E 450, E 452), sausos <strong>i\u0161r\u016bgos<\/strong>, sausas nugriebtas <strong>pienas<\/strong>), morkos, <strong>grietin\u0117l\u0117<\/strong>, raps\u0173 aliejus, <strong>kvietiniai<\/strong> miltai, svog\u016bnai, druska, petra\u017eol\u0117s, citrininiai pipirai (juodieji pipirai, r\u016bg\u0161tingum\u0105 reguliuojanti med\u017eiaga: citrin\u0173 r\u016bg\u0161tis, svog\u016bnai, cukrus, citrin\u0173 sul\u010di\u0173 milteliai), \u010desnak\u0173 milteliai), vi\u0161tiena 16%, brokoliai 8%, kietasis <strong>s\u016bris<\/strong>, lai\u0161kiniai \u010desnakai.      <\/p>\n<h3>Informacija apie alergenus<\/h3>\n<p>Sud\u0117tyje yra: glitimas (kvie\u010diai), pienas<br \/>\nSud\u0117tyje gali b\u016bti: Kiau\u0161iniai, soja, salierai, garsty\u010dios, sezamas, gr\u016bdai<br \/>\n<em>Pagaminta ir supakuota \u012fmon\u0117je, kurioje apdorojami \u0161ie alergenai. Pakuot\u0117je yra absorberio, kuris yra nevalgomas.<\/em><\/p>\n","protected":false},"excerpt":{"rendered":"<p><strong>Maistingas ir skanus maistas lauko nuotykiams<\/strong><\/p>\n<p>M\u0117gaukit\u0117s kreminiais ir baltym\u0173 gausiais <strong>liofilizuotais makaronais su vi\u0161tiena, s\u016brio pada\u017eu ir brokoliais<\/strong>, puikiai tinkan\u010diais stovyklavimui, \u017eygiams ir avariniam maisto saugojimui. \u0160\u012f lengv\u0105, ilgai i\u0161liekant\u012f patiekal\u0105 lengva paruo\u0161ti &#8211; tereikia \u012fpilti kar\u0161to vandens, kad patiekalas b\u016bt\u0173 skanus ir sotus. I\u0161likite energingi keliaudami su \u0161iuo <strong>kokybi\u0161ku ir patogiu maistu<\/strong>.  <\/p>\n<p style=\"text-align: center\">\u2713 <strong>8 met\u0173 galiojimo laikas<\/strong><br \/>\n\u2713 <strong>Lengvas ir greitas paruo\u0161imas<\/strong><br \/>\n\u2713 <strong>Maistingas ir sotus<\/strong><br \/>\n\u2713 <strong>Nereikia \u0161aldyti<\/strong>.<\/p>\n","protected":false},"featured_media":8481,"comment_status":"open","ping_status":"closed","template":"","meta":[],"product_brand":[],"product_cat":[222,223],"product_tag":[],"class_list":{"0":"post-8475","1":"product","2":"type-product","3":"status-publish","4":"has-post-thumbnail","6":"product_cat-liofilizuotas-maistas","7":"product_cat-pagrindiniai-patiekalai","9":"first","10":"instock","11":"taxable","12":"shipping-taxable","13":"purchasable","14":"product-type-simple"},"_links":{"self":[{"href":"https:\/\/goodmoodmeals.com\/lt\/wp-json\/wp\/v2\/product\/8475","targetHints":{"allow":["GET"]}}],"collection":[{"href":"https:\/\/goodmoodmeals.com\/lt\/wp-json\/wp\/v2\/product"}],"about":[{"href":"https:\/\/goodmoodmeals.com\/lt\/wp-json\/wp\/v2\/types\/product"}],"replies":[{"embeddable":true,"href":"https:\/\/goodmoodmeals.com\/lt\/wp-json\/wp\/v2\/comments?post=8475"}],"wp:featuredmedia":[{"embeddable":true,"href":"https:\/\/goodmoodmeals.com\/lt\/wp-json\/wp\/v2\/media\/8481"}],"wp:attachment":[{"href":"https:\/\/goodmoodmeals.com\/lt\/wp-json\/wp\/v2\/media?parent=8475"}],"wp:term":[{"taxonomy":"product_brand","embeddable":true,"href":"https:\/\/goodmoodmeals.com\/lt\/wp-json\/wp\/v2\/product_brand?post=8475"},{"taxonomy":"product_cat","embeddable":true,"href":"https:\/\/goodmoodmeals.com\/lt\/wp-json\/wp\/v2\/product_cat?post=8475"},{"taxonomy":"product_tag","embeddable":true,"href":"https:\/\/goodmoodmeals.com\/lt\/wp-json\/wp\/v2\/product_tag?post=8475"}],"curies":[{"name":"wp","href":"https:\/\/api.w.org\/{rel}","templated":true}]}}