{"id":8474,"date":"2024-10-21T11:55:48","date_gmt":"2024-10-21T08:55:48","guid":{"rendered":"https:\/\/goodmoodmeals.com\/product\/vistienos-karis\/"},"modified":"2026-04-30T18:28:33","modified_gmt":"2026-04-30T15:28:33","slug":"vistienos-karis","status":"publish","type":"product","link":"https:\/\/goodmoodmeals.com\/lt\/product\/vistienos-karis\/","title":{"rendered":"Vi\u0161tienos karis"},"content":{"rendered":"<h3>Sudedamosios dalys<\/h3>\n<p>Ry\u017eiai, kario pada\u017eas 30 % (morkos, svog\u016bnai, \u010desnakai, bulvi\u0173 krakmolas, raps\u0173 aliejus, kario prieskoniai (kalendra, ciber\u017eol\u0117, kmynai, lauro lapai, aitriosios paprikos, pankolis, \u017eirniai, juodieji pipirai, druska, <strong>garsty\u010dios<\/strong>, o\u017erag\u0117, \u017evaig\u017edinis any\u017eius, \u010desnakai, druska, sausi mang\u0173 milteliai, juodoji druska, m\u0117tos, granatai, imbieras, citrinos r\u016bg\u0161tis, sausa \u017ealioji aitrioji paprika, muskato rie\u0161utas, asafoetida, muskato rie\u0161utas)); vi\u0161tiena 20 %.<\/p>\n<h3>Informacija apie alergenus<\/h3>\n<p>Sud\u0117tyje yra: Garsty\u010dios<br \/>\nSud\u0117tyje gali b\u016bti: Kiau\u0161iniai, soja, pienas, salierai, sezamas, gr\u016bdai<br \/>\n<em>Pagaminta ir supakuota \u012fmon\u0117je, kurioje apdorojami \u0161ie alergenai. Pakuot\u0117je yra absorberio, kuris yra nevalgomas.<\/em><\/p>\n","protected":false},"excerpt":{"rendered":"<p>M\u0117gaukit\u0117s <strong>sodriu ir aromatingu<\/strong> <strong>vi\u0161tienos kario<\/strong> <strong>skoniu<\/strong>, kuriame gausu <strong>\u0161velnios vi\u0161tienos, kvapni\u0173 prieskoni\u0173 ir kreminio kario pada\u017eo<\/strong>. \u0160is <strong>liofilizuotas maistas<\/strong> puikiai tinka <strong>stovyklavimui, \u017eygiams, atsargin\u0117ms maisto atsargoms ir karin\u0117ms<\/strong> reikm\u0117ms. Lengvas, maistingas ir lengvai paruo\u0161iamas &#8211; tereikia \u012fpilti kar\u0161to vandens, kad patiekalas b\u016bt\u0173 skanus ir paruo\u0161tas valgyti!  <\/p>\n<p style=\"text-align: center\"><strong>\u2713 8 met\u0173 galiojimo laikas<\/strong><br \/>\n<strong>\u2713 Lengvas ir greitas paruo\u0161imas<\/strong><br \/>\n<strong>\u2713 Maistingas ir sotus<\/strong><br \/>\n<strong>\u2713 Nereikia \u0161aldymo<\/strong><\/p>\n","protected":false},"featured_media":8478,"comment_status":"open","ping_status":"closed","template":"","meta":[],"product_brand":[],"product_cat":[226,222,223],"product_tag":[],"class_list":{"0":"post-8474","1":"product","2":"type-product","3":"status-publish","4":"has-post-thumbnail","6":"product_cat-bestseleriai","7":"product_cat-liofilizuotas-maistas","8":"product_cat-pagrindiniai-patiekalai","10":"first","11":"instock","12":"taxable","13":"shipping-taxable","14":"purchasable","15":"product-type-simple"},"_links":{"self":[{"href":"https:\/\/goodmoodmeals.com\/lt\/wp-json\/wp\/v2\/product\/8474","targetHints":{"allow":["GET"]}}],"collection":[{"href":"https:\/\/goodmoodmeals.com\/lt\/wp-json\/wp\/v2\/product"}],"about":[{"href":"https:\/\/goodmoodmeals.com\/lt\/wp-json\/wp\/v2\/types\/product"}],"replies":[{"embeddable":true,"href":"https:\/\/goodmoodmeals.com\/lt\/wp-json\/wp\/v2\/comments?post=8474"}],"wp:featuredmedia":[{"embeddable":true,"href":"https:\/\/goodmoodmeals.com\/lt\/wp-json\/wp\/v2\/media\/8478"}],"wp:attachment":[{"href":"https:\/\/goodmoodmeals.com\/lt\/wp-json\/wp\/v2\/media?parent=8474"}],"wp:term":[{"taxonomy":"product_brand","embeddable":true,"href":"https:\/\/goodmoodmeals.com\/lt\/wp-json\/wp\/v2\/product_brand?post=8474"},{"taxonomy":"product_cat","embeddable":true,"href":"https:\/\/goodmoodmeals.com\/lt\/wp-json\/wp\/v2\/product_cat?post=8474"},{"taxonomy":"product_tag","embeddable":true,"href":"https:\/\/goodmoodmeals.com\/lt\/wp-json\/wp\/v2\/product_tag?post=8474"}],"curies":[{"name":"wp","href":"https:\/\/api.w.org\/{rel}","templated":true}]}}