{"id":8466,"date":"2024-10-21T11:55:48","date_gmt":"2024-10-21T08:55:48","guid":{"rendered":"https:\/\/goodmoodmeals.com\/product\/makaronai-su-suriu\/"},"modified":"2026-04-30T18:28:36","modified_gmt":"2026-04-30T15:28:36","slug":"makaronai-su-suriu","status":"publish","type":"product","link":"https:\/\/goodmoodmeals.com\/lt\/product\/makaronai-su-suriu\/","title":{"rendered":"Makaronai su s\u016briu"},"content":{"rendered":"<h3 data-start=\"112\" data-end=\"129\">Sudedamosios dalys<\/h3>\n<p data-start=\"130\" data-end=\"391\">Makaronai 65 % (kiet\u0173j\u0173 <strong>kvie\u010di\u0173<\/strong> man\u0173 kruopos, vanduo); <strong>s\u016brio<\/strong> pada\u017eas 45 % (lydytas <strong>s\u016bris<\/strong> (nugriebtas <strong>pienas<\/strong>, <strong>var\u0161k\u0117<\/strong>, <strong>grietin\u0117l\u0117<\/strong>, emulsinimo druskos (natrio fosfatas, difosfatai, polifosfatai), sausos <strong>i\u0161r\u016bgos<\/strong>, sausas nugriebtas <strong>pienas<\/strong>), <strong>s\u016bris<\/strong>, <strong>kvietiniai<\/strong> miltai, bulvi\u0173 krakmolas, druska), kietasis <strong>s\u016bris<\/strong> 10 %.<\/p>\n<h3 data-start=\"393\" data-end=\"408\">Alergenai<\/h3>\n<p data-start=\"409\" data-end=\"644\"><strong data-start=\"409\" data-end=\"422\">Sud\u0117tyje yra:<\/strong> glitimas (kvie\u010diai), pienas<br data-start=\"443\" data-end=\"446\"><strong data-start=\"446\" data-end=\"472\">Sud\u0117tyje gali b\u016bti:<\/strong> Kiau\u0161iniai, soja, salierai, garsty\u010dios, sezamas, kiti gr\u016bdai<br data-start=\"522\" data-end=\"525\"><em>Pagaminta ir supakuota \u012fmon\u0117je, kurioje apdorojami \u0161ie alergenai. Pakuot\u0117je yra absorberio, kuris yra nevalgomas.<\/em><\/p>\n","protected":false},"excerpt":{"rendered":"<p><strong>Maistingi ir skan\u016bs makaronai su s\u016briu lauko nuotykiams<\/strong><\/p>\n<p>M\u0117gaukit\u0117s kreminiais ir baltym\u0173 gausiais <strong>liofilizuotais makaronais su s\u016briu<\/strong>, kurie puikiai tinka stovyklavimui, \u017eygiams ir atsargin\u0117ms maisto atsargoms. \u0160\u012f lengv\u0105, ilgai i\u0161liekant\u012f patiekal\u0105 galima greitai ir lengvai paruo\u0161ti &#8211; tereikia \u012fpilti kar\u0161to vandens, kad patiekalas b\u016bt\u0173 skanus ir sotus. I\u0161likite energingi keliaudami su \u0161iuo <strong>skaniu ir patogiu maistu<\/strong>.  <\/p>\n<p style=\"text-align: center\">\u2713 <strong>8 met\u0173 galiojimo laikas<\/strong><br \/>\n\u2713 <strong>Lengvas ir greitas paruo\u0161imas<\/strong><br \/>\n\u2713 <strong>Maistingas ir sotus<\/strong><br \/>\n\u2713 <strong>Nereikia \u0161aldyti<\/strong>.<\/p>\n","protected":false},"featured_media":8473,"comment_status":"open","ping_status":"closed","template":"","meta":[],"product_brand":[],"product_cat":[222,223,225],"product_tag":[],"class_list":{"0":"post-8466","1":"product","2":"type-product","3":"status-publish","4":"has-post-thumbnail","6":"product_cat-liofilizuotas-maistas","7":"product_cat-pagrindiniai-patiekalai","8":"product_cat-vegetariskas","10":"first","11":"instock","12":"taxable","13":"shipping-taxable","14":"purchasable","15":"product-type-simple"},"_links":{"self":[{"href":"https:\/\/goodmoodmeals.com\/lt\/wp-json\/wp\/v2\/product\/8466","targetHints":{"allow":["GET"]}}],"collection":[{"href":"https:\/\/goodmoodmeals.com\/lt\/wp-json\/wp\/v2\/product"}],"about":[{"href":"https:\/\/goodmoodmeals.com\/lt\/wp-json\/wp\/v2\/types\/product"}],"replies":[{"embeddable":true,"href":"https:\/\/goodmoodmeals.com\/lt\/wp-json\/wp\/v2\/comments?post=8466"}],"wp:featuredmedia":[{"embeddable":true,"href":"https:\/\/goodmoodmeals.com\/lt\/wp-json\/wp\/v2\/media\/8473"}],"wp:attachment":[{"href":"https:\/\/goodmoodmeals.com\/lt\/wp-json\/wp\/v2\/media?parent=8466"}],"wp:term":[{"taxonomy":"product_brand","embeddable":true,"href":"https:\/\/goodmoodmeals.com\/lt\/wp-json\/wp\/v2\/product_brand?post=8466"},{"taxonomy":"product_cat","embeddable":true,"href":"https:\/\/goodmoodmeals.com\/lt\/wp-json\/wp\/v2\/product_cat?post=8466"},{"taxonomy":"product_tag","embeddable":true,"href":"https:\/\/goodmoodmeals.com\/lt\/wp-json\/wp\/v2\/product_tag?post=8466"}],"curies":[{"name":"wp","href":"https:\/\/api.w.org\/{rel}","templated":true}]}}