{"id":8465,"date":"2024-10-21T11:55:48","date_gmt":"2024-10-21T08:55:48","guid":{"rendered":"https:\/\/goodmoodmeals.com\/product\/tikka-masala\/"},"modified":"2026-04-30T18:28:50","modified_gmt":"2026-04-30T15:28:50","slug":"tikka-masala","status":"publish","type":"product","link":"https:\/\/goodmoodmeals.com\/lt\/product\/tikka-masala\/","title":{"rendered":"Tikka masala"},"content":{"rendered":"<h3 style=\"margin-top: 24px\">Sudedamosios dalys<\/h3>\n<p>Pada\u017eas (turki\u0161kas jogurtas<strong>(pienas)<\/strong>, pomidorai (nulupti pomidorai, pomidor\u0173 sultys, r\u016bg\u0161tingum\u0105 reguliuojanti med\u017eiaga: citrin\u0173 r\u016bg\u0161tis), pomidor\u0173 pasta (pomidorai), bulvi\u0173 krakmolas, <strong>grietin\u0117l\u0117,<\/strong> raps\u0173 aliejus, druska, cukrus, prieskoniai (kuminas, kalendra, imbieras, ciber\u017eol\u0117, kardamonas, juodieji pipirai, cinamonas, gvazdik\u0117liai, Kajeno pipirai, druska, paprika, pomidorai, cukrus, svog\u016bnai, kalendros lapai), ry\u017ei\u0173 makaronai (ry\u017eiai), vi\u0161tiena 22,7 %.<\/p>\n<h3>Informacija apie alergenus<\/h3>\n<p>Sud\u0117tyje yra:<br \/>\n Gali b\u016bti p\u0117dsak\u0173: Kiau\u0161iniai, soja, salierai, garsty\u010dios, sezamas, gr\u016bdin\u0117s kult\u016bros<br \/>\nPagaminta ir supakuota \u012fmon\u0117je, kurioje apdorojami \u0161ie alergenai. Pakuot\u0117je yra absorbento ir ji yra nevalgoma. <\/p>\n","protected":false},"excerpt":{"rendered":"<p>M\u0117gaukit\u0117s <strong>sodriu ir aromatingu<\/strong> klasikinio indi\u0161ko patiekalo &#8221; <strong>Tikka Masala&#8221;<\/strong> <strong>skoniu<\/strong> patogiame <strong>liofilizuotame patiekale<\/strong>. Pagamintas i\u0161 <strong>\u0161velnios vi\u0161tienos, kreminio pomidor\u0173 pada\u017eo su prieskoniais ir kvapni\u0173 prieskoni\u0173<\/strong>, \u0161is patiekalas puikiai tinka <strong>stovyklavimui, \u017eygiams p\u0117s\u010diomis, atsargin\u0117ms maisto atsargoms ir karin\u0117ms<\/strong> reikm\u0117ms. Lengvas, maistingas ir lengvai paruo\u0161iamas &#8211; tereikia \u012fpilti kar\u0161to vandens!  <\/p>\n<p style=\"text-align: center\"><strong>\u2713 8 met\u0173 galiojimo laikas<\/strong><br \/>\n<strong>\u2713 Lengvas ir greitas paruo\u0161imas<\/strong><br \/>\n<strong>\u2713 Maistingas ir sotus<\/strong><br \/>\n<strong>\u2713 Nereikia \u0161aldymo<\/strong><\/p>\n","protected":false},"featured_media":8470,"comment_status":"open","ping_status":"closed","template":"","meta":[],"product_brand":[],"product_cat":[226,222,223],"product_tag":[],"class_list":{"0":"post-8465","1":"product","2":"type-product","3":"status-publish","4":"has-post-thumbnail","6":"product_cat-bestseleriai","7":"product_cat-liofilizuotas-maistas","8":"product_cat-pagrindiniai-patiekalai","10":"first","11":"instock","12":"taxable","13":"shipping-taxable","14":"purchasable","15":"product-type-simple"},"_links":{"self":[{"href":"https:\/\/goodmoodmeals.com\/lt\/wp-json\/wp\/v2\/product\/8465","targetHints":{"allow":["GET"]}}],"collection":[{"href":"https:\/\/goodmoodmeals.com\/lt\/wp-json\/wp\/v2\/product"}],"about":[{"href":"https:\/\/goodmoodmeals.com\/lt\/wp-json\/wp\/v2\/types\/product"}],"replies":[{"embeddable":true,"href":"https:\/\/goodmoodmeals.com\/lt\/wp-json\/wp\/v2\/comments?post=8465"}],"wp:featuredmedia":[{"embeddable":true,"href":"https:\/\/goodmoodmeals.com\/lt\/wp-json\/wp\/v2\/media\/8470"}],"wp:attachment":[{"href":"https:\/\/goodmoodmeals.com\/lt\/wp-json\/wp\/v2\/media?parent=8465"}],"wp:term":[{"taxonomy":"product_brand","embeddable":true,"href":"https:\/\/goodmoodmeals.com\/lt\/wp-json\/wp\/v2\/product_brand?post=8465"},{"taxonomy":"product_cat","embeddable":true,"href":"https:\/\/goodmoodmeals.com\/lt\/wp-json\/wp\/v2\/product_cat?post=8465"},{"taxonomy":"product_tag","embeddable":true,"href":"https:\/\/goodmoodmeals.com\/lt\/wp-json\/wp\/v2\/product_tag?post=8465"}],"curies":[{"name":"wp","href":"https:\/\/api.w.org\/{rel}","templated":true}]}}