{"id":8458,"date":"2024-10-21T11:55:47","date_gmt":"2024-10-21T08:55:47","guid":{"rendered":"https:\/\/goodmoodmeals.com\/product\/barsciai\/"},"modified":"2026-04-30T18:29:21","modified_gmt":"2026-04-30T15:29:21","slug":"barsciai","status":"publish","type":"product","link":"https:\/\/goodmoodmeals.com\/lt\/product\/barsciai\/","title":{"rendered":"Bar\u0161\u010diai"},"content":{"rendered":"<h3>Sudedamosios dalys<\/h3>\n<p>Pada\u017eas (pomidor\u0173 pasta (pomidorai), paprika, raps\u0173 aliejus, <strong>kvietiniai<\/strong> miltai, <strong>grietin\u0117<\/strong><strong>(pienas)<\/strong>, druska, d\u017eiovinti svog\u016bnai, d\u017eiovinti \u010desnakai, d\u017eiovintos petra\u017eol\u0117s, prieskoniai (paprika, svog\u016bnai, juodieji pipirai, mieli\u0173 ekstraktas, <strong>salier\u0173<\/strong> s\u0117klos, \u010desnakai), prieskoniai (svog\u016bnai, morkos, r\u016bg\u0161tis (citrin\u0173 r\u016bg\u0161tis), raudonieji pipirai, rausvieji pipirai, \u017ealieji pipirai, juodieji pipirai, cukrus, estragonas, citrin\u0173 sul\u010di\u0173 milteliai (0,2 %)), cukrus); kiauliena; burok\u0117liai; bulv\u0117s; kop\u016bstai.<\/p>\n<h3>Informacija apie alergenus<\/h3>\n<p>Sud\u0117tyje yra:<br \/>\n Gali tur\u0117ti p\u0117dsak\u0173: Kiau\u0161iniai, soja, garsty\u010dios, sezamas, gr\u016bdai<br \/>\nPagaminta ir supakuota \u012fmon\u0117je, kurioje apdorojami \u0161ie alergenai. Pakuot\u0117je yra absorbento ir ji yra nevalgoma. <\/p>\n","protected":false},"excerpt":{"rendered":"<p data-start=\"85\" data-end=\"158\"><strong data-start=\"85\" data-end=\"158\">\u0160altyje d\u017eiovinti bar\u0161\u010diai &#8211; tradicin\u0117 burok\u0117li\u0173 sriuba, kurios galiojimo laikas &#8211; 7 metai<\/strong><\/p>\n<p data-start=\"160\" data-end=\"474\">Pasim\u0117gaukite <strong data-start=\"201\" data-end=\"224\">tradicini\u0173 bar\u0161\u010di\u0173<\/strong>, m\u0117gstamos Ryt\u0173 Europos <strong data-start=\"255\" data-end=\"268\">burok\u0117li\u0173 sriubos<\/strong>, dr\u0105siais ir paguod\u017eian\u010diais skoniais, kurie dabar yra patog\u016bs <strong data-start=\"300\" data-end=\"323\">d\u017eiovinti \u0161altyje<\/strong>. Pagamintas i\u0161 <strong data-start=\"335\" data-end=\"358\">nat\u016brali\u0173 ingredient\u0173<\/strong> ir be dirbtini\u0173 konservant\u0173, \u0161is patiekalas u\u017etikrina puiki\u0105 <strong data-start=\"432\" data-end=\"473\">skonio, maistingumo ir ilgo galiojimo laiko<\/strong> pusiausvyr\u0105. <\/p>\n<p data-start=\"476\" data-end=\"676\">Nesvarbu, ar ruo\u0161iat\u0117s nenumatytiems atvejams, ar kaupiate karines atsargas, ar ruo\u0161iat\u0117s kitam <strong data-start=\"572\" data-end=\"603\">stovyklavimo ar \u017eygio nuotykiui<\/strong>, \u0161is <strong data-start=\"610\" data-end=\"634\">ilgai i\u0161liekantis bar\u0161\u010di\u0173<\/strong> g\u0117rimas bus paruo\u0161tas per kelias minutes &#8211; tereikia \u012fpilti kar\u0161to vandens.<\/p>\n<p style=\"text-align: center\" data-start=\"678\" data-end=\"872\"><strong data-start=\"680\" data-end=\"701\">8 met\u0173 galiojimo laikas<\/strong><br data-start=\"701\" data-end=\"704\"><strong data-start=\"706\" data-end=\"734\">Greitas ir paprastas paruo\u0161imas<\/strong> <br data-start=\"750\" data-end=\"753\"><strong data-start=\"755\" data-end=\"814\">Idealiai tinka stovyklavimui, pasiruo\u0161imui, kariuomenei ir kasdieniam naudojimui<\/strong><br data-start=\"814\" data-end=\"817\"><strong data-start=\"819\" data-end=\"839\" data-is-only-node=\"\">Autenti\u0161kas skonis<\/strong><\/p>\n","protected":false},"featured_media":8464,"comment_status":"open","ping_status":"closed","template":"","meta":[],"product_brand":[],"product_cat":[222,227],"product_tag":[],"class_list":{"0":"post-8458","1":"product","2":"type-product","3":"status-publish","4":"has-post-thumbnail","6":"product_cat-liofilizuotas-maistas","7":"product_cat-sriubos","9":"first","10":"instock","11":"taxable","12":"shipping-taxable","13":"purchasable","14":"product-type-simple"},"_links":{"self":[{"href":"https:\/\/goodmoodmeals.com\/lt\/wp-json\/wp\/v2\/product\/8458","targetHints":{"allow":["GET"]}}],"collection":[{"href":"https:\/\/goodmoodmeals.com\/lt\/wp-json\/wp\/v2\/product"}],"about":[{"href":"https:\/\/goodmoodmeals.com\/lt\/wp-json\/wp\/v2\/types\/product"}],"replies":[{"embeddable":true,"href":"https:\/\/goodmoodmeals.com\/lt\/wp-json\/wp\/v2\/comments?post=8458"}],"wp:featuredmedia":[{"embeddable":true,"href":"https:\/\/goodmoodmeals.com\/lt\/wp-json\/wp\/v2\/media\/8464"}],"wp:attachment":[{"href":"https:\/\/goodmoodmeals.com\/lt\/wp-json\/wp\/v2\/media?parent=8458"}],"wp:term":[{"taxonomy":"product_brand","embeddable":true,"href":"https:\/\/goodmoodmeals.com\/lt\/wp-json\/wp\/v2\/product_brand?post=8458"},{"taxonomy":"product_cat","embeddable":true,"href":"https:\/\/goodmoodmeals.com\/lt\/wp-json\/wp\/v2\/product_cat?post=8458"},{"taxonomy":"product_tag","embeddable":true,"href":"https:\/\/goodmoodmeals.com\/lt\/wp-json\/wp\/v2\/product_tag?post=8458"}],"curies":[{"name":"wp","href":"https:\/\/api.w.org\/{rel}","templated":true}]}}