{"id":8454,"date":"2024-10-21T11:55:48","date_gmt":"2024-10-21T08:55:48","guid":{"rendered":"https:\/\/goodmoodmeals.com\/product\/guliaso-sriuba\/"},"modified":"2026-04-30T18:28:52","modified_gmt":"2026-04-30T15:28:52","slug":"guliaso-sriuba","status":"publish","type":"product","link":"https:\/\/goodmoodmeals.com\/lt\/product\/guliaso-sriuba\/","title":{"rendered":"Gulia\u0161o sriuba"},"content":{"rendered":"<h3>Sudedamosios dalys<\/h3>\n<p>sriubos pada\u017eas (morkos, paprikos, pomidor\u0173 pasta (pomidorai), raps\u0173 aliejus, <strong>kvietiniai<\/strong> miltai, svog\u016bnai, <strong>salierai<\/strong>, cukrus, druska, prieskoniai (druska, paprika, svog\u016bnai, juodieji pipirai, mieli\u0173 ekstraktas, <strong>salier\u0173<\/strong> s\u0117klos, \u010desnakai, Kajeno pipirai, a\u0161tri\u0173j\u0173 pipir\u0173 milteliai)), bulv\u0117s, kiauliena (18 %).<\/p>\n<h3>Informacija apie alergenus<\/h3>\n<p>Sud\u0117tyje yra: glitimas (kvie\u010diai), salierai<br \/>\nSud\u0117tyje gali b\u016bti: Kiau\u0161iniai, soja, pienas, garsty\u010dios, sezamas, gr\u016bdai<br \/>\n<em>Pagaminta ir supakuota \u012fmon\u0117je, kurioje apdorojami \u0161ie alergenai. Pakuot\u0117je yra absorberio, kuris yra nevalgomas.<\/em><\/p>\n","protected":false},"excerpt":{"rendered":"<p>M\u0117gaukit\u0117s <strong>dr\u0105siais ir paguod\u017eian\u010diais<\/strong> <strong>tradicin\u0117s gulia\u0161o sriubos,<\/strong> pagamintos i\u0161 <strong>kiaulienos, paprikos ir pikanti\u0161k\u0173 dar\u017eovi\u0173<\/strong>, <strong>skoniais<\/strong>. \u0160is <strong>liofilizuotas patiekalas<\/strong> puikiai tinka <strong>stovyklavimui, \u017eygiams, atsargin\u0117ms maisto atsargoms ir karin\u0117ms<\/strong> reikm\u0117ms. Lengvas, maistingas ir lengvai paruo\u0161iamas &#8211; tereikia \u012fpilti kar\u0161to vandens, kad patiekalas b\u016bt\u0173 skanus ir paruo\u0161tas valgyti!  <\/p>\n<p style=\"text-align: center\"><strong>\u2713 8 met\u0173 galiojimo laikas<\/strong><br \/>\n<strong>\u2713 Lengvas ir greitas paruo\u0161imas<\/strong><br \/>\n<strong>\u2713 Maistingas ir sotus<\/strong><br \/>\n<strong>\u2713 Nereikia \u0161aldymo<\/strong><\/p>\n","protected":false},"featured_media":8461,"comment_status":"open","ping_status":"closed","template":"","meta":[],"product_brand":[],"product_cat":[222,227],"product_tag":[],"class_list":{"0":"post-8454","1":"product","2":"type-product","3":"status-publish","4":"has-post-thumbnail","6":"product_cat-liofilizuotas-maistas","7":"product_cat-sriubos","9":"first","10":"instock","11":"taxable","12":"shipping-taxable","13":"purchasable","14":"product-type-simple"},"_links":{"self":[{"href":"https:\/\/goodmoodmeals.com\/lt\/wp-json\/wp\/v2\/product\/8454","targetHints":{"allow":["GET"]}}],"collection":[{"href":"https:\/\/goodmoodmeals.com\/lt\/wp-json\/wp\/v2\/product"}],"about":[{"href":"https:\/\/goodmoodmeals.com\/lt\/wp-json\/wp\/v2\/types\/product"}],"replies":[{"embeddable":true,"href":"https:\/\/goodmoodmeals.com\/lt\/wp-json\/wp\/v2\/comments?post=8454"}],"wp:featuredmedia":[{"embeddable":true,"href":"https:\/\/goodmoodmeals.com\/lt\/wp-json\/wp\/v2\/media\/8461"}],"wp:attachment":[{"href":"https:\/\/goodmoodmeals.com\/lt\/wp-json\/wp\/v2\/media?parent=8454"}],"wp:term":[{"taxonomy":"product_brand","embeddable":true,"href":"https:\/\/goodmoodmeals.com\/lt\/wp-json\/wp\/v2\/product_brand?post=8454"},{"taxonomy":"product_cat","embeddable":true,"href":"https:\/\/goodmoodmeals.com\/lt\/wp-json\/wp\/v2\/product_cat?post=8454"},{"taxonomy":"product_tag","embeddable":true,"href":"https:\/\/goodmoodmeals.com\/lt\/wp-json\/wp\/v2\/product_tag?post=8454"}],"curies":[{"name":"wp","href":"https:\/\/api.w.org\/{rel}","templated":true}]}}