{"id":8450,"date":"2024-10-21T11:55:47","date_gmt":"2024-10-21T08:55:47","guid":{"rendered":"https:\/\/goodmoodmeals.com\/product\/grikiu-troskinys-su-kiauliena-ir-grybais\/"},"modified":"2026-04-30T18:29:18","modified_gmt":"2026-04-30T15:29:18","slug":"grikiu-troskinys-su-kiauliena-ir-grybais","status":"publish","type":"product","link":"https:\/\/goodmoodmeals.com\/lt\/product\/grikiu-troskinys-su-kiauliena-ir-grybais\/","title":{"rendered":"Griki\u0173 tro\u0161kinys su kiauliena ir grybais"},"content":{"rendered":"<h3>Sudedamosios dalys<\/h3>\n<p><strong>Grikiai<\/strong> 38 %, pada\u017eas (lydytas <strong>s\u016bris<\/strong><strong>(s\u016bris<\/strong> 32,7 %, nugriebtas <strong>pienas<\/strong>, <strong>var\u0161k\u0117<\/strong>, <strong>grietin\u0117l\u0117<\/strong>, emulsikliai (E 339, E 450, E 452), sausos i\u0161r\u016bgos, sausas nugriebtas pienas), morkos, <strong>grietin\u0117l\u0117<\/strong>, raps\u0173 aliejus, <strong>kvietiniai<\/strong> miltai, svog\u016bnai, druska, petra\u017eol\u0117s, citrininiai pipirai (juodieji pipirai, r\u016bg\u0161tingum\u0105 reguliuojanti med\u017eiaga: citrin\u0173 r\u016bg\u0161tis, svog\u016bnai, cukrus, citrin\u0173 sul\u010di\u0173 milteliai), \u010desnak\u0173 milteliai), kiauliena 23 %, gryb\u0173 grie\u017ein\u0117liai 4.7 % (pievagrybiai, druska, r\u016bg\u0161tingum\u0105 reguliuojanti med\u017eiaga: citrin\u0173 r\u016bg\u0161tis, antioksidantai: askorbo r\u016bg\u0161tis).<\/p>\n<h3>Informacija apie alergenus<\/h3>\n<p>Sud\u0117tyje yra: Sud\u0117tis: pienas, kvie\u010diai<br \/>\nSud\u0117tyje gali b\u016bti: Kiau\u0161iniai, soja, salierai, garsty\u010dios, sezamas, gr\u016bdai<br \/>\n<em>Pagaminta ir supakuota \u012fmon\u0117je, kurioje apdorojami \u0161ie alergenai. Pakuot\u0117je yra absorberio, kuris yra nevalgomas.<\/em><\/p>\n","protected":false},"excerpt":{"rendered":"<p>M\u0117gaukit\u0117s so\u010diu ir kvapniu <strong>griki\u0173 tro\u0161kiniu su kiauliena ir grybais<\/strong>, skirtu nuotyki\u0173 ie\u0161kotojams, i\u0161gyvenimo ir lauko entuziastams. \u0160iame <strong>liofilizuotame patiekale<\/strong> derinama baltyminga kiauliena, \u017eemi\u0161ki grybai ir sveiki grikiai, kad gautum\u0117te sot\u0173, maisting\u0173j\u0173 med\u017eiag\u0173 kupin\u0105 patiekal\u0105. Tereikia \u012fpilti kar\u0161to vandens ir jau galima valgyti!  <\/p>\n<p style=\"text-align: center\"><strong>\u2713 Ilgalaikis<\/strong><br \/>\n<strong>\u2713 Lengvas ir lengvai paruo\u0161iamas<\/strong><br \/>\n<strong>\u2713 Maistingas ir sotus<\/strong><br \/>\n<strong>\u2713 Nereikia \u0161aldyti<\/strong><\/p>\n","protected":false},"featured_media":8457,"comment_status":"open","ping_status":"closed","template":"","meta":[],"product_brand":[],"product_cat":[226,222,223],"product_tag":[],"class_list":{"0":"post-8450","1":"product","2":"type-product","3":"status-publish","4":"has-post-thumbnail","6":"product_cat-bestseleriai","7":"product_cat-liofilizuotas-maistas","8":"product_cat-pagrindiniai-patiekalai","10":"first","11":"instock","12":"sale","13":"taxable","14":"shipping-taxable","15":"purchasable","16":"product-type-simple"},"_links":{"self":[{"href":"https:\/\/goodmoodmeals.com\/lt\/wp-json\/wp\/v2\/product\/8450","targetHints":{"allow":["GET"]}}],"collection":[{"href":"https:\/\/goodmoodmeals.com\/lt\/wp-json\/wp\/v2\/product"}],"about":[{"href":"https:\/\/goodmoodmeals.com\/lt\/wp-json\/wp\/v2\/types\/product"}],"replies":[{"embeddable":true,"href":"https:\/\/goodmoodmeals.com\/lt\/wp-json\/wp\/v2\/comments?post=8450"}],"wp:featuredmedia":[{"embeddable":true,"href":"https:\/\/goodmoodmeals.com\/lt\/wp-json\/wp\/v2\/media\/8457"}],"wp:attachment":[{"href":"https:\/\/goodmoodmeals.com\/lt\/wp-json\/wp\/v2\/media?parent=8450"}],"wp:term":[{"taxonomy":"product_brand","embeddable":true,"href":"https:\/\/goodmoodmeals.com\/lt\/wp-json\/wp\/v2\/product_brand?post=8450"},{"taxonomy":"product_cat","embeddable":true,"href":"https:\/\/goodmoodmeals.com\/lt\/wp-json\/wp\/v2\/product_cat?post=8450"},{"taxonomy":"product_tag","embeddable":true,"href":"https:\/\/goodmoodmeals.com\/lt\/wp-json\/wp\/v2\/product_tag?post=8450"}],"curies":[{"name":"wp","href":"https:\/\/api.w.org\/{rel}","templated":true}]}}