{"id":8449,"date":"2024-10-21T11:55:48","date_gmt":"2024-10-21T08:55:48","guid":{"rendered":"https:\/\/goodmoodmeals.com\/product\/lesiai-su-darzovemis-ir-surio-padazu\/"},"modified":"2026-04-30T18:28:30","modified_gmt":"2026-04-30T15:28:30","slug":"lesiai-su-darzovemis-ir-surio-padazu","status":"publish","type":"product","link":"https:\/\/goodmoodmeals.com\/lt\/product\/lesiai-su-darzovemis-ir-surio-padazu\/","title":{"rendered":"L\u0119\u0161iai su dar\u017eov\u0117mis ir s\u016brio pada\u017eu"},"content":{"rendered":"<h3>Sudedamosios dalys<\/h3>\n<p>Raudonieji l\u0119\u0161iai 40 %, pada\u017eas (lydytas <strong>s\u016bris<\/strong> ( <strong>s\u016bris<\/strong> 32,7 %, nugriebtas <strong>pienas<\/strong>, <strong>var\u0161k\u0117<\/strong>, <strong>grietin\u0117l\u0117<\/strong>, emulsikliai (E 339, E 450, E 452), sausos <strong>i\u0161r\u016bgos<\/strong>, sausas nugriebtas <strong>pienas<\/strong>), morkos, grietin\u0117l\u0117, raps\u0173 aliejus, <strong>kvietiniai<\/strong> miltai, bulvi\u0173 krakmolas, svog\u016bnai, druska, petra\u017eol\u0117s, citrininiai pipirai (juodieji pipirai, r\u016bg\u0161tingum\u0105 reguliuojanti med\u017eiaga: citrin\u0173 r\u016bg\u0161tis, svog\u016bnai, cukrus, citrin\u0173 sul\u010di\u0173 milteliai)), dar\u017eov\u0117s 20 % (brokoliai, pupel\u0117s, \u017ealieji \u017eirneliai).   <\/p>\n<h3>Informacija apie alergenus<\/h3>\n<p>Sud\u0117tyje yra: Pienas, glitimas (kvie\u010diai)<br \/>\nSud\u0117tyje gali b\u016bti: Kiau\u0161iniai, soja, salierai, garsty\u010dios, sezamas, gr\u016bdai<br \/>\n<em>Pagaminta ir supakuota \u012fmon\u0117je, kurioje apdorojami \u0161ie alergenai. Pakuot\u0117je yra absorberio, kuris yra nevalgomas.<\/em><\/p>\n","protected":false},"excerpt":{"rendered":"<p>M\u0117gaukit\u0117s <strong>so\u010diu ir maistingu<\/strong> patiekalu su <strong>daug baltym\u0173 turin\u010diais l\u0119\u0161iais, sveikomis dar\u017eov\u0117mis ir kreminiu s\u016brio pada\u017eu<\/strong>. \u0160is <strong>liofilizuotas patiekalas<\/strong> puikiai tinka <strong>stovyklavimui, \u017eygiams, atsargin\u0117ms maisto atsargoms ir karin\u0117ms<\/strong> reikm\u0117ms. Lengvas, aromatingas ir lengvai paruo\u0161iamas &#8211; tereikia \u012fpilti kar\u0161to vandens, kad gautum\u0117te skan\u0173, paruo\u0161t\u0105 valgyti patiekal\u0105!  <\/p>\n<p style=\"text-align: center\"><strong>\u2713 8 met\u0173 galiojimo laikas<\/strong><br \/>\n<strong>\u2713 Lengvas ir greitas paruo\u0161imas<\/strong><br \/>\n<strong>\u2713 Maistingas ir sotus<\/strong><br \/>\n<strong>\u2713 Nereikia \u0161aldymo<\/strong><\/p>\n","protected":false},"featured_media":8453,"comment_status":"open","ping_status":"closed","template":"","meta":[],"product_brand":[],"product_cat":[222,225],"product_tag":[],"class_list":{"0":"post-8449","1":"product","2":"type-product","3":"status-publish","4":"has-post-thumbnail","6":"product_cat-liofilizuotas-maistas","7":"product_cat-vegetariskas","9":"first","10":"instock","11":"taxable","12":"shipping-taxable","13":"purchasable","14":"product-type-simple"},"_links":{"self":[{"href":"https:\/\/goodmoodmeals.com\/lt\/wp-json\/wp\/v2\/product\/8449","targetHints":{"allow":["GET"]}}],"collection":[{"href":"https:\/\/goodmoodmeals.com\/lt\/wp-json\/wp\/v2\/product"}],"about":[{"href":"https:\/\/goodmoodmeals.com\/lt\/wp-json\/wp\/v2\/types\/product"}],"replies":[{"embeddable":true,"href":"https:\/\/goodmoodmeals.com\/lt\/wp-json\/wp\/v2\/comments?post=8449"}],"wp:featuredmedia":[{"embeddable":true,"href":"https:\/\/goodmoodmeals.com\/lt\/wp-json\/wp\/v2\/media\/8453"}],"wp:attachment":[{"href":"https:\/\/goodmoodmeals.com\/lt\/wp-json\/wp\/v2\/media?parent=8449"}],"wp:term":[{"taxonomy":"product_brand","embeddable":true,"href":"https:\/\/goodmoodmeals.com\/lt\/wp-json\/wp\/v2\/product_brand?post=8449"},{"taxonomy":"product_cat","embeddable":true,"href":"https:\/\/goodmoodmeals.com\/lt\/wp-json\/wp\/v2\/product_cat?post=8449"},{"taxonomy":"product_tag","embeddable":true,"href":"https:\/\/goodmoodmeals.com\/lt\/wp-json\/wp\/v2\/product_tag?post=8449"}],"curies":[{"name":"wp","href":"https:\/\/api.w.org\/{rel}","templated":true}]}}