{"id":8442,"date":"2024-10-21T08:55:50","date_gmt":"2024-10-21T05:55:50","guid":{"rendered":"https:\/\/goodmoodmeals.com\/product\/ryziai-ir-soja\/"},"modified":"2026-04-30T18:29:25","modified_gmt":"2026-04-30T15:29:25","slug":"ryziai-ir-soja","status":"publish","type":"product","link":"https:\/\/goodmoodmeals.com\/lt\/product\/ryziai-ir-soja\/","title":{"rendered":"Ry\u017eiai ir soja"},"content":{"rendered":"<h3 data-start=\"149\" data-end=\"164\">Sudedamosios dalys<\/h3>\n<p data-start=\"165\" data-end=\"419\">Ry\u017eiai 50 %, <strong>soja<\/strong> 15 %, paprika, raps\u0173 aliejus, bulvi\u0173 krakmolas, pomidor\u0173 pasta, <strong>soj\u0173<\/strong> pupel\u0117s, <strong>kvie\u010diai<\/strong>, druska, svog\u016bnai, citrin\u0173 sultys, ry\u017ei\u0173 miltai, sausi mang\u0173 milteliai, juodoji druska, m\u0117tos, kalendros, granatai, imbieras, kmynai, citrinos r\u016bg\u0161tis, \u017ealiosios paprikos, juodieji pipirai, muskato rie\u0161utas.<\/p>\n<h3 data-start=\"421\" data-end=\"434\">Alergenai<\/h3>\n<p data-start=\"435\" data-end=\"614\">Sud\u0117tyje yra: Gali b\u016bti glitimo (kvie\u010di\u0173), sojos<br data-start=\"464\" data-end=\"467\">Gali b\u016bti p\u0117dsak\u0173: Kiau\u0161iniai, pienas, salierai, garsty\u010dios, sezamas, kiti gr\u016bdai<br data-start=\"540\" data-end=\"543\"><em>Pagaminta ir supakuota \u012fmon\u0117je, kurioje apdorojami \u0161ie alergenai.<\/em><\/p>\n","protected":false},"excerpt":{"rendered":"<p data-start=\"19\" data-end=\"100\"><strong data-start=\"19\" data-end=\"98\">Maistingi ir skan\u016bs vegani\u0161ki ry\u017eiai su soja &#8211; puikiai tinka lauko nuotykiams<\/strong><\/p>\n<p data-start=\"102\" data-end=\"472\">M\u0117gaukit\u0117s sveiku ir augalin\u0117s kilm\u0117s <strong data-start=\"136\" data-end=\"170\">\u0161altyje d\u017eiovintu ry\u017ei\u0173 ir sojos maistu<\/strong>, kuris idealiai tinka stovyklavimui, \u017eygiams ir atsargin\u0117ms maisto atsargoms. \u0160iame <strong data-start=\"232\" data-end=\"264\">lengvame ir ilgai i\u0161liekan\u010diame<\/strong> patiekale gausu baltym\u0173 ir svarbiausi\u0173 maistini\u0173 med\u017eiag\u0173, tod\u0117l jis suteikia nuolatin\u0117s energijos, kad ir kur keliautum\u0117te. Tiesiog \u012fpilkite kar\u0161to vandens, kad paruo\u0161tum\u0117te skan\u0173 ir sot\u0173 vegani\u0161k\u0105 patiekal\u0105.  <\/p>\n<p style=\"text-align: center;\" data-start=\"474\" data-end=\"781\">\u2713 <strong data-start=\"476\" data-end=\"504\">100% vegani\u0161kas ir augalinis<\/strong> <br data-start=\"537\" data-end=\"540\">\u2713 <strong>8 met\u0173 galiojimo laikas<\/strong> <br data-start=\"593\" data-end=\"596\">\u2713 <strong data-start=\"598\" data-end=\"632\">Lengvas ir greitas paruo\u0161imas<\/strong><br data-start=\"665\" data-end=\"668\">\u2713 <strong data-start=\"670\" data-end=\"697\">Maistingas ir sotus<\/strong> <br data-start=\"747\" data-end=\"750\">\u2713 <strong data-start=\"752\" data-end=\"779\">Nereikia \u0161aldyti<\/strong>.<\/p>\n","protected":false},"featured_media":8448,"comment_status":"open","ping_status":"closed","template":"","meta":[],"product_brand":[],"product_cat":[222,224,225],"product_tag":[],"class_list":{"0":"post-8442","1":"product","2":"type-product","3":"status-publish","4":"has-post-thumbnail","6":"product_cat-liofilizuotas-maistas","7":"product_cat-vegan","8":"product_cat-vegetariskas","10":"first","11":"instock","12":"sale","13":"taxable","14":"shipping-taxable","15":"purchasable","16":"product-type-simple"},"_links":{"self":[{"href":"https:\/\/goodmoodmeals.com\/lt\/wp-json\/wp\/v2\/product\/8442","targetHints":{"allow":["GET"]}}],"collection":[{"href":"https:\/\/goodmoodmeals.com\/lt\/wp-json\/wp\/v2\/product"}],"about":[{"href":"https:\/\/goodmoodmeals.com\/lt\/wp-json\/wp\/v2\/types\/product"}],"replies":[{"embeddable":true,"href":"https:\/\/goodmoodmeals.com\/lt\/wp-json\/wp\/v2\/comments?post=8442"}],"wp:featuredmedia":[{"embeddable":true,"href":"https:\/\/goodmoodmeals.com\/lt\/wp-json\/wp\/v2\/media\/8448"}],"wp:attachment":[{"href":"https:\/\/goodmoodmeals.com\/lt\/wp-json\/wp\/v2\/media?parent=8442"}],"wp:term":[{"taxonomy":"product_brand","embeddable":true,"href":"https:\/\/goodmoodmeals.com\/lt\/wp-json\/wp\/v2\/product_brand?post=8442"},{"taxonomy":"product_cat","embeddable":true,"href":"https:\/\/goodmoodmeals.com\/lt\/wp-json\/wp\/v2\/product_cat?post=8442"},{"taxonomy":"product_tag","embeddable":true,"href":"https:\/\/goodmoodmeals.com\/lt\/wp-json\/wp\/v2\/product_tag?post=8442"}],"curies":[{"name":"wp","href":"https:\/\/api.w.org\/{rel}","templated":true}]}}