{"id":8441,"date":"2024-10-21T11:55:48","date_gmt":"2024-10-21T08:55:48","guid":{"rendered":"https:\/\/goodmoodmeals.com\/product\/zirniu-kose-su-mesa\/"},"modified":"2026-04-30T18:28:55","modified_gmt":"2026-04-30T15:28:55","slug":"zirniu-kose-su-mesa","status":"publish","type":"product","link":"https:\/\/goodmoodmeals.com\/lt\/product\/zirniu-kose-su-mesa\/","title":{"rendered":"\u017dirni\u0173 ko\u0161\u0117 su m\u0117sa"},"content":{"rendered":"<h3 style=\"margin-top: 24px\">Sudedamosios dalys<\/h3>\n<p>\u017dirniai 45 %, pada\u017eas (lydytas <strong>s\u016bris<\/strong> (s\u016bris 32.7%, <strong>pienas<\/strong>, <strong>grietin\u0117l\u0117<\/strong>, emulsikliai (E 339, E 450, E 452), sausos <strong>i\u0161r\u016bgos<\/strong>, sausas <strong>pienas<\/strong>), morkos, <strong>grietin\u0117l\u0117<\/strong>, raps\u0173 aliejus, <strong>kvietiniai<\/strong> miltai, bulvi\u0173 krakmolas, svog\u016bnai, druska, petra\u017eol\u0117s, citrininiai pipirai (juodieji pipirai, r\u016bg\u0161tingum\u0105 reguliuojanti med\u017eiaga: citrin\u0173 r\u016bg\u0161tis, svog\u016bnai, cukrus, citrin\u0173 sul\u010di\u0173 milteliai), kiauliena 10%, kiauliena 10% (kiaulienos kumpis 96%, vanduo, druska, <strong>kvie\u010di\u0173<\/strong> skaidulos, \u010desnako granul\u0117s, dekstroz\u0117, juodieji pipirai).    <\/p>\n<h3>Informacija apie alergenus<\/h3>\n<p>Sud\u0117tyje yra: Pienas, glitimas (kvie\u010diai)<br \/>\nSud\u0117tyje gali b\u016bti: Kiau\u0161iniai, soja, salierai, garsty\u010dios, sezamas, gr\u016bdai<br \/>\n<em>Pagaminta ir supakuota \u012fmon\u0117je, kurioje apdorojami \u0161ie alergenai. Pakuot\u0117je yra absorberio, kuris yra nevalgomas.<\/em><\/p>\n","protected":false},"excerpt":{"rendered":"<p><strong>Maistingas ir skanus maistas lauko nuotykiams &#8211; <\/strong>m\u0117gaukit\u0117s so\u010dia ir daug baltym\u0173 turin\u010dia <strong>liofilizuot\u0173 \u017eirni\u0173 ko\u0161e su m\u0117sa<\/strong>, puikiai tinkan\u010dia stovyklavimui, \u017eygiams p\u0117s\u010diomis ir atsargin\u0117ms maisto atsargoms. \u0160\u012f lengv\u0105, ilgai i\u0161liekant\u012f patiekal\u0105 lengva paruo\u0161ti &#8211; tereikia \u012fpilti kar\u0161to vandens, kad gautum\u0117te skan\u0173 ir maisting\u0105 patiekal\u0105. I\u0161likite energingi keliaudami su \u0161iuo <strong>kokybi\u0161ku<\/strong> ir patogiu maistu.  <\/p>\n<p style=\"text-align: center\"><strong>\u2713 8 met\u0173 galiojimo laikas<\/strong><br \/>\n<strong>\u2713 Lengvas ir greitas paruo\u0161imas<\/strong><br \/>\n<strong>\u2713 Maistingas ir sotus<\/strong><br \/>\n<strong>\u2713 Nereikia \u0161aldymo<\/strong><\/p>\n","protected":false},"featured_media":8445,"comment_status":"open","ping_status":"closed","template":"","meta":[],"product_brand":[],"product_cat":[222,223],"product_tag":[],"class_list":{"0":"post-8441","1":"product","2":"type-product","3":"status-publish","4":"has-post-thumbnail","6":"product_cat-liofilizuotas-maistas","7":"product_cat-pagrindiniai-patiekalai","9":"first","10":"instock","11":"sale","12":"taxable","13":"shipping-taxable","14":"purchasable","15":"product-type-simple"},"_links":{"self":[{"href":"https:\/\/goodmoodmeals.com\/lt\/wp-json\/wp\/v2\/product\/8441","targetHints":{"allow":["GET"]}}],"collection":[{"href":"https:\/\/goodmoodmeals.com\/lt\/wp-json\/wp\/v2\/product"}],"about":[{"href":"https:\/\/goodmoodmeals.com\/lt\/wp-json\/wp\/v2\/types\/product"}],"replies":[{"embeddable":true,"href":"https:\/\/goodmoodmeals.com\/lt\/wp-json\/wp\/v2\/comments?post=8441"}],"wp:featuredmedia":[{"embeddable":true,"href":"https:\/\/goodmoodmeals.com\/lt\/wp-json\/wp\/v2\/media\/8445"}],"wp:attachment":[{"href":"https:\/\/goodmoodmeals.com\/lt\/wp-json\/wp\/v2\/media?parent=8441"}],"wp:term":[{"taxonomy":"product_brand","embeddable":true,"href":"https:\/\/goodmoodmeals.com\/lt\/wp-json\/wp\/v2\/product_brand?post=8441"},{"taxonomy":"product_cat","embeddable":true,"href":"https:\/\/goodmoodmeals.com\/lt\/wp-json\/wp\/v2\/product_cat?post=8441"},{"taxonomy":"product_tag","embeddable":true,"href":"https:\/\/goodmoodmeals.com\/lt\/wp-json\/wp\/v2\/product_tag?post=8441"}],"curies":[{"name":"wp","href":"https:\/\/api.w.org\/{rel}","templated":true}]}}