{"id":8600,"date":"2024-10-26T08:29:22","date_gmt":"2024-10-26T05:29:22","guid":{"rendered":"https:\/\/goodmoodmeals.com\/mokejimai\/"},"modified":"2026-04-30T16:12:43","modified_gmt":"2026-04-30T13:12:43","slug":"mokejimai","status":"publish","type":"page","link":"https:\/\/goodmoodmeals.com\/lt\/mokejimai\/","title":{"rendered":"Mok\u0117jimai"},"content":{"rendered":"\n<h2 class=\"wp-block-heading\"><strong>Mok\u0117jimo s\u0105lygos<\/strong><\/h2>\n\n<p><strong>Mok\u0117jimo s\u0105lygos<\/strong><\/p>\n\n<ol class=\"wp-block-list\">\n<li><strong>Priimami mok\u0117jimo b\u016bdai<\/strong><br\/>M\u016bs\u0173 el. parduotuv\u0117s svetain\u0117je priimamos pagrindin\u0117s kredito kortel\u0117s, debeto kortel\u0117s ir kitos saugios mok\u0117jimo galimyb\u0117s, kurias teikia SEB bankui priklausantys vartai &#8222;EveryPay&#8221;. Visos operacijos atliekamos vietine valiuta, kaip nurodyta kasoje. <\/li>\n\n\n\n<li><strong>Mok\u0117jim\u0173 apdorojimas<\/strong><br\/>Mok\u0117jimai saugiai apdorojami per &#8222;EveryPay&#8221; patvirtinus u\u017esakym\u0105. Saugus &#8222;EveryPay&#8221; \u0161ifravimas ir apsauga nuo suk\u010diavimo, kuri\u0105 palaiko SEB bankas, u\u017etikrina vis\u0173 operacij\u0173 privatum\u0105 ir saugum\u0105. <\/li>\n\n\n\n<li><strong>Nepavyk\u0119 arba atmesti mok\u0117jimai<\/strong><br\/>Jei mok\u0117jimas atmetamas, jums bus prane\u0161ta ir papra\u0161yta atnaujinti mok\u0117jimo b\u016bd\u0105. U\u017esakymai su nes\u0117kmingais mok\u0117jimais bus automati\u0161kai at\u0161aukti, jei j\u0173 nepavyks i\u0161spr\u0119sti per 48 valandas. <\/li>\n\n\n\n<li><strong>Atsiskaitymo ir s\u0105skaitos tikslumas<\/strong><br\/>Sutinkate pateikti tiksli\u0105 atsiskaitymo informacij\u0105 ir nuolat j\u0105 atnaujinti, \u012fskaitant atsiskaitymo adres\u0105, mok\u0117jimo b\u016bd\u0105 ir kontaktin\u0119 informacij\u0105. Bet kokie neatitikimai gali lemti u\u017esakymo v\u0117lavim\u0105 arba at\u0161aukim\u0105. <\/li>\n\n\n\n<li><strong>Saugumas ir privatumas<\/strong><br\/>EveryPay naudoja saugi\u0105 technologij\u0105, kad apsaugot\u0173 j\u016bs\u0173 mok\u0117jimo duomenis. Savo serveriuose nelaikome kredito korteli\u0173 informacijos, o visos operacijos atitinka galiojan\u010dius duomen\u0173 apsaugos standartus. <\/li>\n\n\n\n<li><strong>Susisiekite su mumis<\/strong><br\/>Jei turite su mok\u0117jimais susijusi\u0173 klausim\u0173, kreipkit\u0117s \u012f m\u016bs\u0173 klient\u0173 aptarnavimo komand\u0105 adresu <a href=\"mailto:info@goodmoodmeals.com\">info@goodmoodmeals.com<\/a>.<\/li>\n<\/ol>\n\n<ul class=\"wp-block-list\">\n<li>Kredito kortel\u0117<\/li>\n\n\n\n<li>&#8222;PayPal&#8221;<\/li>\n\n\n\n<li>&#8222;Apple Pay<\/li>\n\n\n\n<li>Banko pavedimas (i\u0161ankstinis mok\u0117jimas)<\/li>\n<\/ul>\n\n<p><strong>Banko pervedimo informacija:<\/strong><\/p>\n\n<p>S\u0105skaitos tur\u0117tojas: Adresas: UAB &#8222;ROGA-AGRO&#8221;<br\/>Adresas: Adresas: LV2169 Salaspils, Salaspils<\/p>\n\n<p>Atlikdami operacij\u0105 m\u016bs\u0173 svetain\u0117je, sutinkate su \u0161iomis Mok\u0117jimo s\u0105lygomis.<\/p>\n\n<p><\/p>\n","protected":false},"excerpt":{"rendered":"<p>Mok\u0117jimo s\u0105lygos Mok\u0117jimo s\u0105lygos Banko pervedimo informacija: S\u0105skaitos tur\u0117tojas: Adresas: UAB &#8222;ROGA-AGRO&#8221;Adresas: Adresas: LV2169 Salaspils, Salaspils Atlikdami operacij\u0105 m\u016bs\u0173 svetain\u0117je, sutinkate su \u0161iomis Mok\u0117jimo s\u0105lygomis.<\/p>\n","protected":false},"author":1,"featured_media":0,"parent":0,"menu_order":0,"comment_status":"closed","ping_status":"closed","template":"","meta":{"footnotes":""},"class_list":["post-8600","page","type-page","status-publish","hentry"],"_links":{"self":[{"href":"https:\/\/goodmoodmeals.com\/lt\/wp-json\/wp\/v2\/pages\/8600","targetHints":{"allow":["GET"]}}],"collection":[{"href":"https:\/\/goodmoodmeals.com\/lt\/wp-json\/wp\/v2\/pages"}],"about":[{"href":"https:\/\/goodmoodmeals.com\/lt\/wp-json\/wp\/v2\/types\/page"}],"author":[{"embeddable":true,"href":"https:\/\/goodmoodmeals.com\/lt\/wp-json\/wp\/v2\/users\/1"}],"replies":[{"embeddable":true,"href":"https:\/\/goodmoodmeals.com\/lt\/wp-json\/wp\/v2\/comments?post=8600"}],"version-history":[{"count":1,"href":"https:\/\/goodmoodmeals.com\/lt\/wp-json\/wp\/v2\/pages\/8600\/revisions"}],"predecessor-version":[{"id":8601,"href":"https:\/\/goodmoodmeals.com\/lt\/wp-json\/wp\/v2\/pages\/8600\/revisions\/8601"}],"wp:attachment":[{"href":"https:\/\/goodmoodmeals.com\/lt\/wp-json\/wp\/v2\/media?parent=8600"}],"curies":[{"name":"wp","href":"https:\/\/api.w.org\/{rel}","templated":true}]}}