{"id":8591,"date":"2024-10-26T10:05:03","date_gmt":"2024-10-26T07:05:03","guid":{"rendered":"https:\/\/goodmoodmeals.com\/parama\/"},"modified":"2026-04-30T16:09:18","modified_gmt":"2026-04-30T13:09:18","slug":"parama","status":"publish","type":"page","link":"https:\/\/goodmoodmeals.com\/lt\/parama\/","title":{"rendered":"Parama"},"content":{"rendered":"\n<h2 class=\"wp-block-heading has-text-align-center\" style=\"font-size:30px\">Kaip galime pad\u0117ti?<\/h2>\n\n<div class=\"wp-block-group alignfull is-layout-constrained wp-container-core-group-is-layout-a93d0d1d wp-block-group-is-layout-constrained\" style=\"padding-top:var(--wp--preset--spacing--40);padding-right:var(--wp--preset--spacing--30);padding-bottom:var(--wp--preset--spacing--40);padding-left:var(--wp--preset--spacing--30)\">\n<div class=\"wp-block-group alignwide is-vertical is-content-justification-center is-layout-flex wp-container-core-group-is-layout-9a7cdcfd wp-block-group-is-layout-flex\"><nav class=\"is-responsive items-justified-center wp-block-navigation is-content-justification-center is-layout-flex wp-container-core-navigation-is-layout-b636cbb1 wp-block-navigation-is-layout-flex\" aria-label=\"Navigation\" \n\t\t data-wp-interactive=\"core\/navigation\" data-wp-context='{\"overlayOpenedBy\":{\"click\":false,\"hover\":false,\"focus\":false},\"type\":\"overlay\",\"roleAttribute\":\"\",\"ariaLabel\":\"Meniu\"}'><button aria-haspopup=\"dialog\" aria-label=\"Atidaryti meniu\" class=\"wp-block-navigation__responsive-container-open\" \n\t\t\t\tdata-wp-on--click=\"actions.openMenuOnClick\"\n\t\t\t\tdata-wp-on--keydown=\"actions.handleMenuKeydown\"\n\t\t\t><svg width=\"24\" height=\"24\" xmlns=\"http:\/\/www.w3.org\/2000\/svg\" viewBox=\"0 0 24 24\" aria-hidden=\"true\" focusable=\"false\"><path d=\"M4 7.5h16v1.5H4z\"><\/path><path d=\"M4 15h16v1.5H4z\"><\/path><\/svg><\/button>\n\t\t\t\t<div class=\"wp-block-navigation__responsive-container\"  id=\"modal-1\" \n\t\t\t\tdata-wp-class--has-modal-open=\"state.isMenuOpen\"\n\t\t\t\tdata-wp-class--is-menu-open=\"state.isMenuOpen\"\n\t\t\t\tdata-wp-watch=\"callbacks.initMenu\"\n\t\t\t\tdata-wp-on--keydown=\"actions.handleMenuKeydown\"\n\t\t\t\tdata-wp-on--focusout=\"actions.handleMenuFocusout\"\n\t\t\t\ttabindex=\"-1\"\n\t\t\t>\n\t\t\t\t\t<div class=\"wp-block-navigation__responsive-close\" tabindex=\"-1\">\n\t\t\t\t\t\t<div class=\"wp-block-navigation__responsive-dialog\" \n\t\t\t\tdata-wp-bind--aria-modal=\"state.ariaModal\"\n\t\t\t\tdata-wp-bind--aria-label=\"state.ariaLabel\"\n\t\t\t\tdata-wp-bind--role=\"state.roleAttribute\"\n\t\t\t>\n\t\t\t\t\t\t\t<button aria-label=\"U\u017edaryti meniu\" class=\"wp-block-navigation__responsive-container-close\" \n\t\t\t\tdata-wp-on--click=\"actions.closeMenuOnClick\"\n\t\t\t><svg xmlns=\"http:\/\/www.w3.org\/2000\/svg\" viewBox=\"0 0 24 24\" width=\"24\" height=\"24\" aria-hidden=\"true\" focusable=\"false\"><path d=\"m13.06 12 6.47-6.47-1.06-1.06L12 10.94 5.53 4.47 4.47 5.53 10.94 12l-6.47 6.47 1.06 1.06L12 13.06l6.47 6.47 1.06-1.06L13.06 12Z\"><\/path><\/svg><\/button>\n\t\t\t\t\t\t\t<div class=\"wp-block-navigation__responsive-container-content\" \n\t\t\t\tdata-wp-watch=\"callbacks.focusFirstElement\"\n\t\t\t id=\"modal-1-content\">\n\t\t\t\t\t\t\t\t<ul class=\"wp-block-navigation__container is-responsive items-justified-center wp-block-navigation\"><li class=\" wp-block-navigation-item wp-block-navigation-link has-small-font-size\"><a class=\"wp-block-navigation-item__content\"  href=\"https:\/\/goodmoodmeals.com\/about-us\/\"><span class=\"wp-block-navigation-item__label\">About us<\/span><\/a><\/li><li class=\" wp-block-navigation-item wp-block-navigation-link has-small-font-size\"><a class=\"wp-block-navigation-item__content\"  href=\"https:\/\/goodmoodmeals.com\/b2b\/\"><span class=\"wp-block-navigation-item__label\">B2B<\/span><\/a><\/li><li class=\" wp-block-navigation-item wp-block-navigation-link has-small-font-size\"><a class=\"wp-block-navigation-item__content\"  href=\"https:\/\/goodmoodmeals.com\/shop\/\"><span class=\"wp-block-navigation-item__label\">Shop<\/span><\/a><\/li><li class=\" wp-block-navigation-item wp-block-navigation-link has-small-font-size\"><a class=\"wp-block-navigation-item__content\"  href=\"https:\/\/goodmoodmeals.com\/faq\/\"><span class=\"wp-block-navigation-item__label\">FAQ<\/span><\/a><\/li><li class=\" wp-block-navigation-item wp-block-navigation-link has-small-font-size\"><a class=\"wp-block-navigation-item__content\"  href=\"https:\/\/goodmoodmeals.com\/\"><span class=\"wp-block-navigation-item__label\">Home<\/span><\/a><\/li><li class=\" wp-block-navigation-item wp-block-navigation-link has-small-font-size\"><a class=\"wp-block-navigation-item__content\"  href=\"https:\/\/goodmoodmeals.com\/payments\/\"><span class=\"wp-block-navigation-item__label\">Payments<\/span><\/a><\/li><li class=\" wp-block-navigation-item wp-block-navigation-link has-small-font-size\"><a class=\"wp-block-navigation-item__content\"  href=\"https:\/\/goodmoodmeals.com\/refund_returns\/\"><span class=\"wp-block-navigation-item__label\">Refund and Returns Policy<\/span><\/a><\/li><li class=\" wp-block-navigation-item wp-block-navigation-link has-small-font-size\"><a class=\"wp-block-navigation-item__content\"  href=\"https:\/\/goodmoodmeals.com\/shipping-delivery-of-goods\/\"><span class=\"wp-block-navigation-item__label\">Shipping \/ Delivery of Goods<\/span><\/a><\/li><li class=\" wp-block-navigation-item wp-block-navigation-link has-small-font-size\"><a class=\"wp-block-navigation-item__content\"  href=\"https:\/\/goodmoodmeals.com\/terms-and-conditions\/\"><span class=\"wp-block-navigation-item__label\">Terms and conditions  <\/span><\/a><\/li><li class=\" wp-block-navigation-item wp-block-navigation-link has-small-font-size\"><a class=\"wp-block-navigation-item__content\"  href=\"https:\/\/goodmoodmeals.com\/lt\/private-label-freeze-drying-services\/\"><span class=\"wp-block-navigation-item__label\">Private Label &amp; Freeze-Drying Services<\/span><\/a><\/li><\/ul>\n\t\t\t\t\t\t\t<\/div>\n\t\t\t\t\t\t<\/div>\n\t\t\t\t\t<\/div>\n\t\t\t\t<\/div><\/nav><\/div>\n\n\n\n<hr class=\"wp-block-separator has-alpha-channel-opacity\"\/>\n<\/div>\n\n<div class=\"wp-block-group alignfull has-text-color has-background is-layout-flow wp-block-group-is-layout-flow\" style=\"color:#000000;background-color:#ffffff\">\n<p class=\"has-text-align-center has-medium-font-size\" style=\"line-height:.9\"><strong>Turite klausim\u0173?<\/strong><\/p>\n<\/div>\n\n<div class=\"gmm-mailto-block\">\n<style>\n  .gmm-mailto-block {\n    font-family: inherit;\n    display: flex;\n    flex-wrap: wrap;\n    gap: 8px 24px;\n    align-items: center;\n  }\n  .gmm-mailto-block .gmm-mailto-text {\n    color: #555;\n    font-size: 14px;\n    margin: 0;\n  }\n  .gmm-mailto-block .gmm-mailto-text a {\n    color: #24482d;\n    font-weight: 600;\n    text-decoration: none;\n    border-bottom: 1px solid rgba(36,72,45,0.3);\n    transition: border-color 0.2s;\n  }\n  .gmm-mailto-block .gmm-mailto-text a:hover {\n    border-color: #24482d;\n  }\n  .gmm-mailto-divider {\n    color: #d1d5db;\n    font-size: 14px;\n  }\n  @media(max-width:600px){\n    .gmm-mailto-divider { display: none; }\n    .gmm-mailto-block { flex-direction: column; align-items: flex-start; gap: 6px; }\n  }\n<\/style>\n \n  <p class=\"gmm-mailto-text\"> Para\u0161ykite mums \u017einut\u0119 adresu <a href=\"mailto:info@goodmoodmeals.com\">info@goodmoodmeals.com<\/a><\/p>\n<\/div>\n<p><\/p>\n\n<p><\/p>\n","protected":false},"excerpt":{"rendered":"<p>Kaip galime pad\u0117ti? Turite klausim\u0173? Para\u0161ykite mums \u017einut\u0119 adresu info@goodmoodmeals.com<\/p>\n","protected":false},"author":1,"featured_media":0,"parent":0,"menu_order":0,"comment_status":"closed","ping_status":"closed","template":"","meta":{"footnotes":""},"class_list":["post-8591","page","type-page","status-publish","hentry"],"_links":{"self":[{"href":"https:\/\/goodmoodmeals.com\/lt\/wp-json\/wp\/v2\/pages\/8591","targetHints":{"allow":["GET"]}}],"collection":[{"href":"https:\/\/goodmoodmeals.com\/lt\/wp-json\/wp\/v2\/pages"}],"about":[{"href":"https:\/\/goodmoodmeals.com\/lt\/wp-json\/wp\/v2\/types\/page"}],"author":[{"embeddable":true,"href":"https:\/\/goodmoodmeals.com\/lt\/wp-json\/wp\/v2\/users\/1"}],"replies":[{"embeddable":true,"href":"https:\/\/goodmoodmeals.com\/lt\/wp-json\/wp\/v2\/comments?post=8591"}],"version-history":[{"count":1,"href":"https:\/\/goodmoodmeals.com\/lt\/wp-json\/wp\/v2\/pages\/8591\/revisions"}],"predecessor-version":[{"id":8592,"href":"https:\/\/goodmoodmeals.com\/lt\/wp-json\/wp\/v2\/pages\/8591\/revisions\/8592"}],"wp:attachment":[{"href":"https:\/\/goodmoodmeals.com\/lt\/wp-json\/wp\/v2\/media?parent=8591"}],"curies":[{"name":"wp","href":"https:\/\/api.w.org\/{rel}","templated":true}]}}