{"id":8589,"date":"2024-10-24T12:10:22","date_gmt":"2024-10-24T09:10:22","guid":{"rendered":"https:\/\/goodmoodmeals.com\/grazinimo-ir-grazinimo-politika\/"},"modified":"2026-04-30T16:08:19","modified_gmt":"2026-04-30T13:08:19","slug":"grazinimo-ir-grazinimo-politika","status":"publish","type":"page","link":"https:\/\/goodmoodmeals.com\/lt\/grazinimo-ir-grazinimo-politika\/","title":{"rendered":"Gr\u0105\u017einimo ir gr\u0105\u017einimo politika"},"content":{"rendered":"\n<h1 class=\"wp-block-heading\"><strong>Gr\u0105\u017einimai ir gr\u0105\u017einimas<\/strong><\/h1>\n\n<hr class=\"wp-block-separator has-alpha-channel-opacity\"\/>\n\n<p>Vartotojas turi teis\u0119 atsisakyti sutarties, sudarytos su <strong>goodmoodmeals.com<\/strong> svetaine, per <strong>14 dien\u0173<\/strong>. \u0160is laikotarpis pradedamas skai\u010diuoti nuo tos dienos, kai Vartotojas gauna prekes. <\/p>\n\n<ol class=\"wp-block-list\"><\/ol>\n\n<p>Ta\u010diau prek\u0117ms, kurios yra pritaikytos arba pagamintos pagal konkre\u010dius kliento, kuris yra sutarties \u0161alis, reikalavimus, <strong>gr\u0105\u017einimo teis\u0117 netaikoma<\/strong>.<\/p>\n\n<p>Jei pirk\u0117jas nusprend\u017eia atsisakyti sutarties, mes nedelsdami, ne v\u0117liau kaip per <strong>14 dien\u0173<\/strong> nuo gr\u0105\u017eint\u0173 preki\u0173 gavimo dienos, gr\u0105\u017einsime visus pirk\u0117jo sumok\u0117tus pinigus. Pirk\u0117jas privalo <strong>nedelsdamas, bet<\/strong> ne v\u0117liau kaip per <strong>14 dien\u0173<\/strong> nuo pra\u0161ymo atsisakyti sutarties pateikimo dienos, gr\u0105\u017einti i\u0161 pardav\u0117jo gautas prekes. <\/p>\n\n<p>Jei prie pirminio pirkimo buvo prid\u0117tas reklaminis arba nemokamas produktas, jis turi b\u016bti gr\u0105\u017eintas kartu su \u012fsigytomis prek\u0117mis.<\/p>\n\n<p>U\u017e preki\u0173 gr\u0105\u017einimo i\u0161laidas atsako vartotojas, o gr\u0105\u017einama tik u\u017e pat\u012f gamin\u012f sumok\u0117ta suma. Siuntimo mokes\u010diai ir mok\u0117jimo apdorojimo i\u0161laidos negr\u0105\u017einami. <\/p>\n\n<p>Nor\u0117damas pasinaudoti teise atsisakyti sutarties, pirk\u0117jas turi pateikti laisvos formos pra\u0161ym\u0105 el. pa\u0161tu <strong>goodmoodmeals.com<\/strong>, nurodydamas \u0161iuos duomenis:<\/p>\n\n<ul class=\"wp-block-list\">\n<li>U\u017esakyt\u0173 arba gr\u0105\u017eint\u0173 preki\u0173 pavadinimas<\/li>\n\n\n\n<li>U\u017esakymo pateikimo data<\/li>\n\n\n\n<li>U\u017esakymo gavimo data<\/li>\n\n\n\n<li>Pirk\u0117jo vardas ir pavard\u0117<\/li>\n\n\n\n<li>Pirk\u0117jo kontaktin\u0117 informacija<\/li>\n<\/ul>\n\n<p>Gr\u0105\u017einamos prek\u0117s turi b\u016bti nenaudotos ir originalioje pakuot\u0117je. Jei prek\u0117s buvo i\u0161pakuotos patikrinimui, jos turi likti nenaudotos ir turi b\u016bti ap\u017ei\u016br\u0117tos taip, kaip jas ap\u017ei\u016br\u0117tum\u0117te fizin\u0117je parduotuv\u0117je. I\u0161 originalios pakuot\u0117s i\u0161imtos prek\u0117s turi b\u016bti kruop\u0161\u010diai perpakuotos, kad gr\u0105\u017einant jas neb\u016bt\u0173 pa\u017eeistos. Pinigai u\u017e gr\u0105\u017eintas prekes bus gr\u0105\u017einti per <strong>14 dien\u0173<\/strong>, pervedant juos \u012f banko s\u0105skait\u0105, i\u0161 kurios buvo \u012fsigytos prek\u0117s.   <\/p>\n\n<p><\/p><h2>Reikia pagalbos?<\/h2>\n\n<p>Klausimais, susijusiais su pinig\u0173 gr\u0105\u017einimu ir gr\u0105\u017einimu, kreipkit\u0117s \u012f mus el. pa\u0161tu <a href=\"mailto:info@goodmoodmeals.com\">info@goodmoodmeals.com<\/a>.<\/p>\n\n<p><\/p>\n","protected":false},"excerpt":{"rendered":"<p>Gr\u0105\u017einimai ir gr\u0105\u017einimas Vartotojas turi teis\u0119 atsisakyti sutarties, sudarytos su goodmoodmeals.com svetaine, per 14 dien\u0173. \u0160is laikotarpis pradedamas skai\u010diuoti nuo tos dienos, kai Vartotojas gauna prekes. Ta\u010diau prek\u0117ms, kurios yra pritaikytos arba pagamintos pagal konkre\u010dius kliento, kuris yra sutarties \u0161alis, reikalavimus, gr\u0105\u017einimo teis\u0117 netaikoma. Jei pirk\u0117jas nusprend\u017eia atsisakyti sutarties, mes nedelsdami, ne v\u0117liau kaip per [&#8230;]\n","protected":false},"author":1,"featured_media":0,"parent":0,"menu_order":0,"comment_status":"closed","ping_status":"closed","template":"","meta":{"footnotes":""},"class_list":["post-8589","page","type-page","status-publish","hentry"],"_links":{"self":[{"href":"https:\/\/goodmoodmeals.com\/lt\/wp-json\/wp\/v2\/pages\/8589","targetHints":{"allow":["GET"]}}],"collection":[{"href":"https:\/\/goodmoodmeals.com\/lt\/wp-json\/wp\/v2\/pages"}],"about":[{"href":"https:\/\/goodmoodmeals.com\/lt\/wp-json\/wp\/v2\/types\/page"}],"author":[{"embeddable":true,"href":"https:\/\/goodmoodmeals.com\/lt\/wp-json\/wp\/v2\/users\/1"}],"replies":[{"embeddable":true,"href":"https:\/\/goodmoodmeals.com\/lt\/wp-json\/wp\/v2\/comments?post=8589"}],"version-history":[{"count":1,"href":"https:\/\/goodmoodmeals.com\/lt\/wp-json\/wp\/v2\/pages\/8589\/revisions"}],"predecessor-version":[{"id":8590,"href":"https:\/\/goodmoodmeals.com\/lt\/wp-json\/wp\/v2\/pages\/8589\/revisions\/8590"}],"wp:attachment":[{"href":"https:\/\/goodmoodmeals.com\/lt\/wp-json\/wp\/v2\/media?parent=8589"}],"curies":[{"name":"wp","href":"https:\/\/api.w.org\/{rel}","templated":true}]}}