{"id":8585,"date":"2024-10-17T10:59:11","date_gmt":"2024-10-17T07:59:11","guid":{"rendered":"https:\/\/goodmoodmeals.com\/tinklarastis\/"},"modified":"2026-04-30T19:57:34","modified_gmt":"2026-04-30T16:57:34","slug":"tinklarastis","status":"publish","type":"page","link":"https:\/\/goodmoodmeals.com\/lt\/tinklarastis\/","title":{"rendered":"Tinklara\u0161tis"},"content":{"rendered":"\n  <style>\n    #row-2049885460 .grid-col-1{height: 600px}\n    #row-2049885460 .grid-col-1-2{height: 300px}\n    #row-2049885460 .grid-col-1-3{height:200px}\n    #row-2049885460 .grid-col-2-3{height: 400px}\n    #row-2049885460 .grid-col-1-4{height: 150px}\n    #row-2049885460 .grid-col-3-4{height: 450px}\n\n\n        \/* Tablet *\/\n    @media (max-width: 850px){\n      #row-2049885460 .grid-col-1{height: 400px}\n      #row-2049885460 .grid-col-1-2{height: 200px}\n      #row-2049885460 .grid-col-1-3{height:133.33333333333px}\n      #row-2049885460 .grid-col-2-3{height: 266.66666666667px}\n      #row-2049885460 .grid-col-1-4{height: 100px}\n      #row-2049885460 .grid-col-3-4{height: 300px}\n    }\n    \n        \/* Mobile *\/\n    @media (max-width: 550px){\n      #row-2049885460 .grid-col-1{height: 400px}\n      #row-2049885460 .grid-col-1-2{height: 200px}\n      #row-2049885460 .grid-col-1-3{height:133.33333333333px}\n      #row-2049885460 .grid-col-2-3{height: 266.66666666667px}\n      #row-2049885460 .grid-col-1-4{height: 100px}\n      #row-2049885460 .grid-col-3-4{height: 300px}\n    }\n    \n\n  <\/style>\n  \n  \n    <div id=\"row-2049885460\" class=\"row has-shadow row-box-shadow-1 row-box-shadow-2-hover row-grid\" data-packery-options='{\"itemSelector\": \".col\", \"gutter\": 0, \"presentageWidth\" : true}'>\n\n  <div class=\"col post-item grid-col grid-col-1 large-6 medium-12\" >\n\t\t\t<div class=\"col-inner\">\n\t\t\t\t<div class=\"box box-overlay dark box-text-bottom box-blog-post has-hover\">\n            \t\t\t\t\t<div class=\"box-image\" >\n  \t\t\t\t\t\t<div class=\"image-cover\" style=\"padding-top:56%;\">\n\t\t\t\t\t\t\t<a href=\"https:\/\/goodmoodmeals.com\/lt\/good-mood-meals-pristato-latvijoje-pagamintus-maisto-sprendimus-gynybai-ir-pasirengimui\/\" class=\"plain\" aria-label=\"&#8222;Good Mood Meals&#8221; pristato Latvijoje pagamintus maisto sprendimus gynybai ir pasirengimui\">\n\t\t\t\t\t\t\t\t<img decoding=\"async\" width=\"768\" height=\"1024\" src=\"https:\/\/goodmoodmeals.com\/wp-content\/uploads\/2026\/04\/infustrijasdienas-1-768x1024.webp\" class=\"attachment-large size-large wp-post-image\" alt=\"Good Mood Meals prezent\u0113 Latvij\u0101 ra\u017eotus liofiliz\u0113tus p\u0101rtikas risin\u0101jumus Industrijas dien\u0101 Iek\u0161lietu ministrij\u0101\" srcset=\"https:\/\/goodmoodmeals.com\/wp-content\/uploads\/2026\/04\/infustrijasdienas-1-768x1024.webp 768w, https:\/\/goodmoodmeals.com\/wp-content\/uploads\/2026\/04\/infustrijasdienas-1-225x300.webp 225w, https:\/\/goodmoodmeals.com\/wp-content\/uploads\/2026\/04\/infustrijasdienas-1-510x680.webp 510w, https:\/\/goodmoodmeals.com\/wp-content\/uploads\/2026\/04\/infustrijasdienas-1.webp 900w\" sizes=\"(max-width: 768px) 100vw, 768px\" \/>\t\t\t\t\t\t\t<\/a>\n  \t\t\t\t\t\t\t<div class=\"overlay\" style=\"background-color: rgba(0, 0, 0, 0.494)\"><\/div>  \t\t\t\t\t\t\t  \t\t\t\t\t\t<\/div>\n  \t\t\t\t\t\t  \t\t\t\t\t<\/div>\n          \t\t\t\t\t<div class=\"box-text text-center\" style=\"background-color:rgba(4, 24, 12, 0.75);\">\n\t\t\t\t\t<div class=\"box-text-inner blog-post-inner\">\n\n\t\t\t\t\t\n\t\t\t\t\t\t\t\t\t\t<h5 class=\"post-title is-larger uppercase\">\n\t\t\t\t\t\t<a href=\"https:\/\/goodmoodmeals.com\/lt\/good-mood-meals-pristato-latvijoje-pagamintus-maisto-sprendimus-gynybai-ir-pasirengimui\/\" class=\"plain\">&#8222;Good Mood Meals&#8221; pristato Latvijoje pagamintus maisto sprendimus gynybai ir pasirengimui<\/a>\n\t\t\t\t\t<\/h5>\n\t\t\t\t\t\t\t\t\t\t<div class=\"is-divider\"><\/div>\n\t\t\t\t\t\t\t\t\t\t<p class=\"from_the_blog_excerpt \">\n\t\t\t\t\t\tTV3 News | Industry Day [...]\t\t\t\t\t<\/p>\n\t\t\t\t\t                    \n\t\t\t\t\t\t\t\t\t\t\t<a href=\"https:\/\/goodmoodmeals.com\/lt\/good-mood-meals-pristato-latvijoje-pagamintus-maisto-sprendimus-gynybai-ir-pasirengimui\/\" class=\"button secondary is-outline is-small mb-0\">\n\t\t\t\t\t\t\tSkaityti daugiau\t\t\t\t\t\t<\/a>\n\t\t\t\t\t\n\t\t\t\t\t\n\t\t\t\t\t<\/div>\n\t\t\t\t\t<\/div>\n\t\t\t\t\t\t\t\t\t\t\t\t\t\t\t\t<div class=\"badge absolute top post-date badge-circle\">\n\t\t\t\t\t\t\t<div class=\"badge-inner\">\n\t\t\t\t\t\t\t\t<span class=\"post-date-day\">27<\/span><br>\n\t\t\t\t\t\t\t\t<span class=\"post-date-month is-xsmall\">Bal<\/span>\n\t\t\t\t\t\t\t<\/div>\n\t\t\t\t\t\t<\/div>\n\t\t\t\t\t\t\t\t\t<\/div>\n\t\t\t<\/div>\n\t\t<\/div><div class=\"col post-item grid-col grid-col-1-2 large-6 medium-6\" >\n\t\t\t<div class=\"col-inner\">\n\t\t\t\t<div class=\"box box-overlay dark box-text-bottom box-blog-post has-hover\">\n            \t\t\t\t\t<div class=\"box-image\" >\n  \t\t\t\t\t\t<div class=\"image-cover\" style=\"padding-top:56%;\">\n\t\t\t\t\t\t\t<a href=\"https:\/\/goodmoodmeals.com\/lt\/how-to-prepare-freeze-dried-meals-a-simple-step-by-step-guide\/\" class=\"plain\" aria-label=\"Kaip paruo\u0161ti liofilizuotus patiekalus: paprastas \u017eingsnis po \u017eingsnio vadovas\">\n\t\t\t\t\t\t\t\t<img decoding=\"async\" width=\"300\" height=\"155\" src=\"https:\/\/goodmoodmeals.com\/wp-content\/uploads\/2026\/03\/goodmoodmeals_howto-300x155.webp\" class=\"attachment-medium size-medium wp-post-image\" alt=\"Good Mood Meals How to prepare Good Mood Meals and steaming pot of water\" srcset=\"https:\/\/goodmoodmeals.com\/wp-content\/uploads\/2026\/03\/goodmoodmeals_howto-300x155.webp 300w, https:\/\/goodmoodmeals.com\/wp-content\/uploads\/2026\/03\/goodmoodmeals_howto-1024x530.webp 1024w, https:\/\/goodmoodmeals.com\/wp-content\/uploads\/2026\/03\/goodmoodmeals_howto-768x397.webp 768w, https:\/\/goodmoodmeals.com\/wp-content\/uploads\/2026\/03\/goodmoodmeals_howto-510x264.webp 510w, https:\/\/goodmoodmeals.com\/wp-content\/uploads\/2026\/03\/goodmoodmeals_howto.webp 1200w\" sizes=\"(max-width: 300px) 100vw, 300px\" \/>\t\t\t\t\t\t\t<\/a>\n  \t\t\t\t\t\t\t<div class=\"overlay\" style=\"background-color: rgba(0, 0, 0, 0.494)\"><\/div>  \t\t\t\t\t\t\t  \t\t\t\t\t\t<\/div>\n  \t\t\t\t\t\t  \t\t\t\t\t<\/div>\n          \t\t\t\t\t<div class=\"box-text text-center\" style=\"background-color:rgba(4, 24, 12, 0.75);\">\n\t\t\t\t\t<div class=\"box-text-inner blog-post-inner\">\n\n\t\t\t\t\t\n\t\t\t\t\t\t\t\t\t\t<h5 class=\"post-title is-larger uppercase\">\n\t\t\t\t\t\t<a href=\"https:\/\/goodmoodmeals.com\/lt\/how-to-prepare-freeze-dried-meals-a-simple-step-by-step-guide\/\" class=\"plain\">Kaip paruo\u0161ti liofilizuotus patiekalus: paprastas \u017eingsnis po \u017eingsnio vadovas<\/a>\n\t\t\t\t\t<\/h5>\n\t\t\t\t\t\t\t\t\t\t<div class=\"is-divider\"><\/div>\n\t\t\t\t\t\t\t\t\t\t<p class=\"from_the_blog_excerpt \">\n\t\t\t\t\t\t\t\t\t\t\t<\/p>\n\t\t\t\t\t                    \n\t\t\t\t\t\t\t\t\t\t\t<a href=\"https:\/\/goodmoodmeals.com\/lt\/how-to-prepare-freeze-dried-meals-a-simple-step-by-step-guide\/\" class=\"button secondary is-outline is-small mb-0\">\n\t\t\t\t\t\t\tSkaityti daugiau\t\t\t\t\t\t<\/a>\n\t\t\t\t\t\n\t\t\t\t\t\n\t\t\t\t\t<\/div>\n\t\t\t\t\t<\/div>\n\t\t\t\t\t\t\t\t\t\t\t\t\t\t\t\t<div class=\"badge absolute top post-date badge-circle\">\n\t\t\t\t\t\t\t<div class=\"badge-inner\">\n\t\t\t\t\t\t\t\t<span class=\"post-date-day\">25<\/span><br>\n\t\t\t\t\t\t\t\t<span class=\"post-date-month is-xsmall\">Kov<\/span>\n\t\t\t\t\t\t\t<\/div>\n\t\t\t\t\t\t<\/div>\n\t\t\t\t\t\t\t\t\t<\/div>\n\t\t\t<\/div>\n\t\t<\/div><div class=\"col post-item grid-col grid-col-1-2 large-3 medium-6\" >\n\t\t\t<div class=\"col-inner\">\n\t\t\t\t<div class=\"box box-overlay dark box-text-bottom box-blog-post has-hover\">\n            \t\t\t\t\t<div class=\"box-image\" >\n  \t\t\t\t\t\t<div class=\"image-cover\" style=\"padding-top:56%;\">\n\t\t\t\t\t\t\t<a href=\"https:\/\/goodmoodmeals.com\/lt\/freeze-dried-meals-vs-dehydrated-meals-what-sets-them-apart\/\" class=\"plain\" aria-label=\"Freeze-Dried Meals vs. Dehydrated Meals: What Sets Them Apart?\">\n\t\t\t\t\t\t\t\t<img decoding=\"async\" width=\"150\" height=\"150\" src=\"https:\/\/goodmoodmeals.com\/wp-content\/uploads\/2024\/12\/Difference-And-Comparison-Between-Coffee-And-Tea-Facebook-Post-1200-x-628-px-1-150x150.png\" class=\"attachment-thumbnail size-thumbnail wp-post-image\" alt=\"\" srcset=\"https:\/\/goodmoodmeals.com\/wp-content\/uploads\/2024\/12\/Difference-And-Comparison-Between-Coffee-And-Tea-Facebook-Post-1200-x-628-px-1-150x150.png 150w, https:\/\/goodmoodmeals.com\/wp-content\/uploads\/2024\/12\/Difference-And-Comparison-Between-Coffee-And-Tea-Facebook-Post-1200-x-628-px-1-510x510.png 510w, https:\/\/goodmoodmeals.com\/wp-content\/uploads\/2024\/12\/Difference-And-Comparison-Between-Coffee-And-Tea-Facebook-Post-1200-x-628-px-1-100x100.png 100w\" sizes=\"(max-width: 150px) 100vw, 150px\" \/>\t\t\t\t\t\t\t<\/a>\n  \t\t\t\t\t\t\t<div class=\"overlay\" style=\"background-color: rgba(0, 0, 0, 0.494)\"><\/div>  \t\t\t\t\t\t\t  \t\t\t\t\t\t<\/div>\n  \t\t\t\t\t\t  \t\t\t\t\t<\/div>\n          \t\t\t\t\t<div class=\"box-text text-center\" style=\"background-color:rgba(4, 24, 12, 0.75);\">\n\t\t\t\t\t<div class=\"box-text-inner blog-post-inner\">\n\n\t\t\t\t\t\n\t\t\t\t\t\t\t\t\t\t<h5 class=\"post-title is-larger uppercase\">\n\t\t\t\t\t\t<a href=\"https:\/\/goodmoodmeals.com\/lt\/freeze-dried-meals-vs-dehydrated-meals-what-sets-them-apart\/\" class=\"plain\">Freeze-Dried Meals vs. Dehydrated Meals: What Sets Them Apart?<\/a>\n\t\t\t\t\t<\/h5>\n\t\t\t\t\t\t\t\t\t\t<div class=\"is-divider\"><\/div>\n\t\t\t\t\t                    \n\t\t\t\t\t\t\t\t\t\t\t<a href=\"https:\/\/goodmoodmeals.com\/lt\/freeze-dried-meals-vs-dehydrated-meals-what-sets-them-apart\/\" class=\"button secondary is-outline is-small mb-0\">\n\t\t\t\t\t\t\tSkaityti daugiau\t\t\t\t\t\t<\/a>\n\t\t\t\t\t\n\t\t\t\t\t\n\t\t\t\t\t<\/div>\n\t\t\t\t\t<\/div>\n\t\t\t\t\t\t\t\t\t\t\t\t\t\t\t\t<div class=\"badge absolute top post-date badge-circle\">\n\t\t\t\t\t\t\t<div class=\"badge-inner\">\n\t\t\t\t\t\t\t\t<span class=\"post-date-day\">02<\/span><br>\n\t\t\t\t\t\t\t\t<span class=\"post-date-month is-xsmall\">Gru<\/span>\n\t\t\t\t\t\t\t<\/div>\n\t\t\t\t\t\t<\/div>\n\t\t\t\t\t\t\t\t\t<\/div>\n\t\t\t<\/div>\n\t\t<\/div><div class=\"col post-item grid-col grid-col-1-2 large-3 medium-6\" >\n\t\t\t<div class=\"col-inner\">\n\t\t\t\t<div class=\"box box-overlay dark box-text-bottom box-blog-post has-hover\">\n            \t\t\t\t\t<div class=\"box-image\" >\n  \t\t\t\t\t\t<div class=\"image-cover\" style=\"padding-top:56%;\">\n\t\t\t\t\t\t\t<a href=\"https:\/\/goodmoodmeals.com\/lt\/ispanijos-kalnu-keliu-tyrinejimas-dviraciu-vertingi-patarimai\/\" class=\"plain\" aria-label=\"Ispanijos kaln\u0173 keli\u0173 tyrin\u0117jimas dvira\u010diu &#8211; vertingi patarimai\">\n\t\t\t\t\t\t\t\t<img decoding=\"async\" width=\"150\" height=\"150\" src=\"https:\/\/goodmoodmeals.com\/wp-content\/uploads\/2024\/10\/dd5926af-0151-4f6e-9c69-7d9a905e7844_1-150x150.jpg\" class=\"attachment-thumbnail size-thumbnail wp-post-image\" alt=\"\" srcset=\"https:\/\/goodmoodmeals.com\/wp-content\/uploads\/2024\/10\/dd5926af-0151-4f6e-9c69-7d9a905e7844_1-150x150.jpg 150w, https:\/\/goodmoodmeals.com\/wp-content\/uploads\/2024\/10\/dd5926af-0151-4f6e-9c69-7d9a905e7844_1-100x100.jpg 100w\" sizes=\"(max-width: 150px) 100vw, 150px\" \/>\t\t\t\t\t\t\t<\/a>\n  \t\t\t\t\t\t\t<div class=\"overlay\" style=\"background-color: rgba(0, 0, 0, 0.494)\"><\/div>  \t\t\t\t\t\t\t  \t\t\t\t\t\t<\/div>\n  \t\t\t\t\t\t  \t\t\t\t\t<\/div>\n          \t\t\t\t\t<div class=\"box-text text-center\" style=\"background-color:rgba(4, 24, 12, 0.75);\">\n\t\t\t\t\t<div class=\"box-text-inner blog-post-inner\">\n\n\t\t\t\t\t\n\t\t\t\t\t\t\t\t\t\t<h5 class=\"post-title is-larger uppercase\">\n\t\t\t\t\t\t<a href=\"https:\/\/goodmoodmeals.com\/lt\/ispanijos-kalnu-keliu-tyrinejimas-dviraciu-vertingi-patarimai\/\" class=\"plain\">Ispanijos kaln\u0173 keli\u0173 tyrin\u0117jimas dvira\u010diu &#8211; vertingi patarimai<\/a>\n\t\t\t\t\t<\/h5>\n\t\t\t\t\t\t\t\t\t\t<div class=\"is-divider\"><\/div>\n\t\t\t\t\t                    \n\t\t\t\t\t\t\t\t\t\t\t<a href=\"https:\/\/goodmoodmeals.com\/lt\/ispanijos-kalnu-keliu-tyrinejimas-dviraciu-vertingi-patarimai\/\" class=\"button secondary is-outline is-small mb-0\">\n\t\t\t\t\t\t\tSkaityti daugiau\t\t\t\t\t\t<\/a>\n\t\t\t\t\t\n\t\t\t\t\t\n\t\t\t\t\t<\/div>\n\t\t\t\t\t<\/div>\n\t\t\t\t\t\t\t\t\t\t\t\t\t\t\t\t<div class=\"badge absolute top post-date badge-circle\">\n\t\t\t\t\t\t\t<div class=\"badge-inner\">\n\t\t\t\t\t\t\t\t<span class=\"post-date-day\">10<\/span><br>\n\t\t\t\t\t\t\t\t<span class=\"post-date-month is-xsmall\">Rgp<\/span>\n\t\t\t\t\t\t\t<\/div>\n\t\t\t\t\t\t<\/div>\n\t\t\t\t\t\t\t\t\t<\/div>\n\t\t\t<\/div>\n\t\t<\/div><\/div>\n\n\n\n<section class=\"gmm-blog-bottom-cta\"><style>.gmm-blog-bottom-cta {\n      max-width: 1100px;\n      margin: 56px auto 70px;\n      padding: 0 16px;\n    }\n\n    .gmm-blog-bottom-cta-inner {\n      border-radius: 28px;\n      background: linear-gradient(135deg, #243b2f 0%, #355947 100%);\n      color: #ffffff;\n      padding: clamp(34px, 5vw, 58px);\n      text-align: center;\n      box-shadow: 0 20px 55px rgba(0, 0, 0, 0.12);\n      position: relative;\n      overflow: hidden;\n    }\n\n    .gmm-blog-bottom-cta-inner::before {\n      content: \"\";\n      position: absolute;\n      width: 280px;\n      height: 280px;\n      right: -120px;\n      top: -130px;\n      border-radius: 50%;\n      background: rgba(200, 164, 93, 0.18);\n    }\n\n    .gmm-blog-bottom-tag {\n      display: inline-flex;\n      margin-bottom: 16px;\n      padding: 8px 14px;\n      border-radius: 999px;\n      background: rgba(255, 255, 255, 0.12);\n      color: #f8f3e8;\n      font-size: 12px;\n      font-weight: 800;\n      letter-spacing: 0.06em;\n      text-transform: uppercase;\n      position: relative;\n      z-index: 1;\n    }\n\n    .gmm-blog-bottom-cta h2 {\n      max-width: 760px;\n      margin: 0 auto 16px;\n      color: #ffffff;\n      font-size: clamp(30px, 4vw, 48px);\n      line-height: 1.08;\n      letter-spacing: -0.04em;\n      font-weight: 850;\n      position: relative;\n      z-index: 1;\n    }\n\n    .gmm-blog-bottom-cta p {\n      max-width: 700px;\n      margin: 0 auto 28px;\n      color: rgba(255, 255, 255, 0.86);\n      font-size: 17px;\n      line-height: 1.7;\n      position: relative;\n      z-index: 1;\n    }\n\n    .gmm-blog-bottom-actions {\n      display: flex;\n      justify-content: center;\n      gap: 14px;\n      flex-wrap: wrap;\n      position: relative;\n      z-index: 1;\n    }\n\n    .gmm-blog-bottom-btn,\n    .gmm-blog-bottom-btn:visited {\n      display: inline-flex !important;\n      align-items: center;\n      justify-content: center;\n      min-height: 48px;\n      padding: 14px 24px;\n      border-radius: 999px;\n      font-size: 15px;\n      font-weight: 800;\n      line-height: 1;\n      text-decoration: none !important;\n      opacity: 1 !important;\n      visibility: visible !important;\n      transition: transform 0.2s ease, background 0.2s ease, border-color 0.2s ease;\n    }\n\n    .gmm-blog-bottom-btn.primary,\n    .gmm-blog-bottom-btn.primary:visited {\n      background: #c8a45d !important;\n      color: #1f2c24 !important;\n      border: 1px solid #c8a45d !important;\n    }\n\n    .gmm-blog-bottom-btn.primary:hover {\n      background: #d8b86f !important;\n      color: #1f2c24 !important;\n      border-color: #d8b86f !important;\n      transform: translateY(-2px);\n    }\n\n    .gmm-blog-bottom-btn.secondary,\n    .gmm-blog-bottom-btn.secondary:visited {\n      background: rgba(255, 255, 255, 0.10) !important;\n      color: #ffffff !important;\n      border: 1px solid rgba(255, 255, 255, 0.35) !important;\n    }\n\n    .gmm-blog-bottom-btn.secondary:hover {\n      background: rgba(255, 255, 255, 0.18) !important;\n      color: #ffffff !important;\n      border-color: rgba(255, 255, 255, 0.55) !important;\n      transform: translateY(-2px);\n    }\n\n    @media (max-width: 640px) {\n      .gmm-blog-bottom-cta {\n        margin: 40px auto 50px;\n      }\n\n      .gmm-blog-bottom-btn {\n        width: 100%;\n      }\n    }\n  <\/style><div class=\"gmm-blog-bottom-cta-inner\"><span class=\"gmm-blog-bottom-tag\">Good Mood Meals<\/span><h2>Atraskite lengvus patiekalus tikriems nuotykiams<\/h2><p>Per\u017ei\u016br\u0117kite m\u016bs\u0173 liofilizuotus patiekalus su ilgu galiojimo laiku, paprastu paruo\u0161imu ir subalansuota mityba \u2014 sukurti \u017eygiams, kelion\u0117ms, gyvenimui gamtoje ir pasiruo\u0161imui.\n    <\/p><div class=\"gmm-blog-bottom-actions\"><a href=\"https:\/\/goodmoodmeals.com\/lt\/parduotuve\/\" class=\"gmm-blog-bottom-btn primary\">Per\u017ei\u016br\u0117ti produktus<\/a><a href=\"https:\/\/goodmoodmeals.com\/lt\/apie-mus\/\" class=\"gmm-blog-bottom-btn secondary\">Apie Good Mood Meals<\/a><\/div><\/div><\/section>\n\n\n","protected":false},"excerpt":{"rendered":"","protected":false},"author":1,"featured_media":0,"parent":0,"menu_order":0,"comment_status":"closed","ping_status":"closed","template":"","meta":{"footnotes":""},"class_list":["post-8585","page","type-page","status-publish","hentry"],"_links":{"self":[{"href":"https:\/\/goodmoodmeals.com\/lt\/wp-json\/wp\/v2\/pages\/8585","targetHints":{"allow":["GET"]}}],"collection":[{"href":"https:\/\/goodmoodmeals.com\/lt\/wp-json\/wp\/v2\/pages"}],"about":[{"href":"https:\/\/goodmoodmeals.com\/lt\/wp-json\/wp\/v2\/types\/page"}],"author":[{"embeddable":true,"href":"https:\/\/goodmoodmeals.com\/lt\/wp-json\/wp\/v2\/users\/1"}],"replies":[{"embeddable":true,"href":"https:\/\/goodmoodmeals.com\/lt\/wp-json\/wp\/v2\/comments?post=8585"}],"version-history":[{"count":5,"href":"https:\/\/goodmoodmeals.com\/lt\/wp-json\/wp\/v2\/pages\/8585\/revisions"}],"predecessor-version":[{"id":8655,"href":"https:\/\/goodmoodmeals.com\/lt\/wp-json\/wp\/v2\/pages\/8585\/revisions\/8655"}],"wp:attachment":[{"href":"https:\/\/goodmoodmeals.com\/lt\/wp-json\/wp\/v2\/media?parent=8585"}],"curies":[{"name":"wp","href":"https:\/\/api.w.org\/{rel}","templated":true}]}}