{"id":8401,"date":"2024-10-24T17:45:24","date_gmt":"2024-10-24T14:45:24","guid":{"rendered":"https:\/\/goodmoodmeals.com\/terminai-ir-salygos\/"},"modified":"2026-04-30T15:09:44","modified_gmt":"2026-04-30T12:09:44","slug":"terminai-ir-salygos","status":"publish","type":"page","link":"https:\/\/goodmoodmeals.com\/lt\/terminai-ir-salygos\/","title":{"rendered":"Terminai ir s\u0105lygos"},"content":{"rendered":"\n<h2 class=\"wp-block-heading\"><strong>Standartin\u0117s s\u0105lygos ir informacija klientui<\/strong><\/h2>\n\n<p><strong>Pardav\u0117jas<\/strong> &#8211; internetin\u0117s prekybos platformos www.goodmoodmeals.com, toliau &#8211; &#8222;Internetin\u0117 parduotuv\u0117&#8221;, savininkas kartu su visomis susijusiomis teis\u0117mis yra UAB &#8222;ROGA-AGRO&#8221;, registracijos Nr. 40003101668, kurios juridinis ir korespondencijos adresas yra L\u012bvzemes iela 11\/13, Salaspils, Salaspils novads, LV-2169. Vykdydamas savo veikl\u0105, Pardav\u0117jas si\u016blo ir parduoda prekes Pirk\u0117jui pagal \u0161i\u0105 nuotolin\u0117s prekybos sutart\u012f (toliau &#8211; &#8222;Sutartis&#8221;).<\/p>\n\n<p class=\"has-text-align-left\"><strong>Pardav\u0117jo tapatyb\u0117<\/strong><\/p>\n\n<ul class=\"wp-block-list\">\n<li>JSC &#8222;ROGA-AGRO&#8221;<\/li>\n\n\n\n<li>Livzemes iela 11\/13<\/li>\n\n\n\n<li>LV2169 Salaspils, Salaspils novads, Latvija  <\/li>\n\n\n\n<li>Telephone: +371 20018946<\/li>\n\n\n\n<li>El. pa\u0161tas: <a>info@goodmoodmeals.com<\/a><\/li>\n<\/ul>\n\n<p><strong>Pirk\u0117jas<\/strong> &#8211; teisi\u0161kai veiksnus asmuo, u\u017esiregistrav\u0119s internetin\u0117je parduotuv\u0117je ir pateik\u0119s u\u017esakym\u0105. U\u017esiregistruodamas Pirk\u0117jas patvirtina, kad turi teisin\u012f veiksnum\u0105 ir gali pirkti Internetin\u0117je parduotuv\u0117je. <\/p>\n\n<p><strong>Sutartis<\/strong> laikoma sudaryta, kai Pirk\u0117jas pateikia u\u017esakym\u0105 ir sumoka u\u017e prekes pagal \u0161ias S\u0105lygas.<\/p>\n\n<p><strong>Pardav\u0117jas<\/strong> pasilieka teis\u0119 viena\u0161ali\u0161kai keisti ar papildyti Sutarties s\u0105lygas. Pirk\u0117jui privaloma Sutarties redakcija, galiojanti u\u017esakymo pateikimo metu. <\/p>\n\n<p><strong>Pardav\u0117jas<\/strong> pasilieka teis\u0119 apriboti Pirk\u0117jo prieig\u0105 prie Internetin\u0117s parduotuv\u0117s arba at\u0161aukti jo registracij\u0105 be i\u0161ankstinio \u012fsp\u0117jimo, jei Pardav\u0117jas mano, kad Pirk\u0117jas pa\u017eeid\u017eia ar gali pa\u017eeisti Sutarties s\u0105lygas arba bando pakenkti Pardav\u0117jui, Internetin\u0117s parduotuv\u0117s funkcionalumui ar saugumui arba tre\u010diosioms \u0161alims.<\/p>\n\n<p><strong>Pateikdamas u\u017esakym\u0105<\/strong> Pirk\u0117jas patvirtina, kad perskait\u0117, suprato ir visi\u0161kai sutinka su \u0161ia Sutartimi ir joje pateiktomis s\u0105lygomis. Pirk\u0117jas sutinka per\u017ei\u016br\u0117ti Sutarties s\u0105lygas kiekvien\u0105 kart\u0105 pirkdamas. Jei Pirk\u0117jas neskait\u0117 Sutarties s\u0105lyg\u0173 arba su jomis nesutinka, jis neturi teis\u0117s u\u017esisakyti preki\u0173 i\u0161 Internetin\u0117s parduotuv\u0117s.  <\/p>\n\n<h2 class=\"wp-block-heading\"><strong>Preki\u0173 u\u017esakymas<\/strong><\/h2>\n\n<p>Pateikiant u\u017esakym\u0105 b\u016btina nurodyti gav\u0117jo adres\u0105, vard\u0105 ir pavard\u0119 bei telefono numer\u012f;<\/p>\n\n<p>Prad\u0117dami u\u017esakym\u0105 ir \u012fvesdami savo kontaktinius duomenis, sutinkate, kad Pardav\u0117jas gali si\u0173sti jums automatinius el. pa\u0161to arba SMS priminimus apie pirkini\u0173 krep\u0161elyje paliktas prekes.<\/p>\n\n<p>Pateikdamas u\u017esakym\u0105 Pirk\u0117jas patvirtina, kad jis pasirinko pirkti prekes \u0161ioje Sutartyje nustatytomis s\u0105lygomis;<\/p>\n\n<p>Pateikdamas u\u017esakym\u0105, Klientas patvirtina, kad yra ne jaunesnis kaip 18 met\u0173 ir kad jis perskait\u0117 nuotolin\u0117s sutarties s\u0105lygas ir su jomis sutinka;<\/p>\n\n<h2 class=\"wp-block-heading\"><strong>Kaina, pristatymo mokes\u010diai ir mok\u0117jimo tvarka<\/strong><\/h2>\n\n<p>Internetin\u0117je parduotuv\u0117je pateiktame u\u017esakyme preki\u0173 kainos nurodytos eurais (EUR) su PVM. Prek\u0117s Klientui parduodamos u\u017e internetin\u0117je parduotuv\u0117je u\u017esakymo pateikimo metu vyraujan\u010di\u0105 kain\u0105; <\/p>\n\n<p>Pirk\u0117jas sumoka u\u017e Prekes ir pristatym\u0105 i\u0161 karto po u\u017esakymo pateikimo, naudodamas vien\u0105 i\u0161 internetin\u0117je parduotuv\u0117je nurodyt\u0173 mok\u0117jimo sistem\u0173;<\/p>\n\n<p>Pirk\u0117jas u\u017e u\u017esakytas prekes ir pristatym\u0105 sumoka u\u017esakymo pateikimo metu arba i\u0161ankstiniu mok\u0117jimu pagal gaut\u0105 s\u0105skait\u0105 fakt\u016br\u0105. Tik gavus apmok\u0117jim\u0105 u\u017e prekes ir pristatym\u0105, u\u017esakymas \u012fvykdomas ir nustatoma pristatymo data. Apmok\u0117jimas laikomas atliktu, kai \u012f mok\u0117jimo s\u0105lygose nurodyt\u0105 Pardav\u0117jo banko s\u0105skait\u0105 gaunama visa mok\u0117jimo suma. \u012e Preki\u0173 ir pristatymo kain\u0105 \u012fskai\u010diuotas PVM;   <\/p>\n\n<p>Preki\u0173 u\u017esakymo metu taikomos internetin\u0117je parduotuv\u0117je nurodytos pristatymo i\u0161laid\u0173 kainos. U\u017esakymo suma, kuri\u0105 sudaro Preki\u0173 kaina ir pristatymo i\u0161laidos, pateikiama Pirk\u0117jui u\u017esakymo proceso metu prie\u0161 patvirtinant u\u017esakym\u0105. <\/p>\n\n<h2 class=\"wp-block-heading\"><strong>Pristatymas<\/strong><\/h2>\n\n<p>J\u016bs\u0173 u\u017esakymai apdorojami darbo dienomis nuo M iki P 10:00 &#8211; 17:00.<\/p>\n\n<p>Jei u\u017esakytas prekes turime sand\u0117lyje, u\u017esakym\u0105 gausite per 2-10 darbo dien\u0173.<\/p>\n\n<p>Jei u\u017esakyt\u0173 preki\u0173 n\u0117ra sand\u0117lyje, susisieksime su jumis ir informuosime apie pirm\u0105j\u012f galim\u0105 pristatymo laik\u0105.<\/p>\n\n<p>M\u016bs\u0173 pristatymo partneriai yra &#8222;Omniva<\/p>\n\n<p>M\u016bs\u0173 pristatymo kainos galioja asmenims, perkantiems i\u0161 m\u016bs\u0173 internetin\u0117s parduotuv\u0117s.<\/p>\n\n<p>Prek\u0117s pristatomos tik Pardav\u0117jo nurodytoje teritorijoje. Pardav\u0117jas priims u\u017esakym\u0105 tik tuo atveju, jei Pirk\u0117jo nurodytas pristatymo adresas yra nurodytoje teritorijoje; <\/p>\n\n<p>Pardav\u0117jas imsis pagr\u012fst\u0173 priemoni\u0173, kad u\u017etikrint\u0173, jog Pirk\u0117jo u\u017esakymas bus visi\u0161kai \u012fvykdytas, ta\u010diau Pardav\u0117jas negali to garantuoti. Jei Parduotuv\u0117 neturi u\u017esakyt\u0173 Preki\u0173 arba neturi pakankamai Preki\u0173, Pardav\u0117jas pasilieka teis\u0119 nepristatyti Preki\u0173 arba pristatyti ma\u017eesn\u012f Preki\u0173 kiek\u012f; <\/p>\n\n<p>Pirk\u0117jo u\u017esakytos prek\u0117s pristatomos Pirk\u0117jo u\u017esakyme nurodytu adresu. U\u017esakyme nurodytas asmuo turi pats atsiimti prekes. Jei u\u017esakytas prekes u\u017esakyme nurodytu adresu gauna ne u\u017esakyme nurodytas asmuo, o kitas asmuo, laikoma, kad u\u017esakym\u0105 gavo u\u017esakyme nurodytas asmuo. Pardav\u0117jas jokiu atveju neatsako u\u017e bet kokius nuostolius, kuriuos Pirk\u0117jas ar tretieji asmenys patyr\u0117 d\u0117l to, kad Pirk\u0117jas nurod\u0117 neteising\u0105 pristatymo adres\u0105 ar nei\u0161samius gav\u0117jo duomenis, arba jei prekes pristatymo adresu gavo kitas asmuo;   <\/p>\n\n<p>Jei preki\u0173 ne\u012fmanoma pristatyti d\u0117l Pirk\u0117jo kalt\u0117s ar nuo Pirk\u0117jo nepriklausan\u010di\u0173 aplinkybi\u0173 (Pirk\u0117jas nurod\u0117 neteising\u0105 adres\u0105, Pirk\u0117jas ar u\u017esakyme nurodytas asmuo nerandamas nurodytu adresu, nurodytu adresu negalima patekti ir pan. objektyvi\u0173 prie\u017eas\u010di\u0173), prek\u0117s pakartotinai nesiun\u010diamos, o pinigai u\u017e prekes gr\u0105\u017einami, i\u0161skyrus pristatymo mokest\u012f ir u\u017e sugadintas prekes, jei prek\u0117s buvo sugadintos d\u0117l j\u0173 gr\u0105\u017einimo. Jei pateikiant u\u017esakym\u0105 Pirk\u0117jui buvo suteikta pristatymo nuolaida, ta\u010diau preki\u0173 pristatyti ne\u012fmanoma d\u0117l nuo Pardav\u0117jo nepriklausan\u010di\u0173 aplinkybi\u0173, Pardav\u0117jas pasilieka teis\u0119 i\u0161 Pirk\u0117jui gr\u0105\u017eintinos sumos i\u0161skai\u010diuoti vis\u0105 pristatymo mokest\u012f; <\/p>\n\n<p>Pardav\u0117jas pristato prekes Pirk\u0117jui per internetin\u0117je parduotuv\u0117je nurodyt\u0105 laikotarp\u012f, jei si\u016blomi skirtingi pristatymo terminai. Pirk\u0117jas sutinka, kad jei preki\u0173 pristatymas gali v\u0117luoti d\u0117l nenumatyt\u0173 ir nuo Pardav\u0117jo nepriklausan\u010di\u0173 aplinkybi\u0173, Pardav\u0117jas gali susisiekti su Pirk\u0117ju ir susitarti d\u0117l alternatyvaus pristatymo laiko; <\/p>\n\n<p>Jei pristatymo metu Pirk\u0117jas pastebi, kad siuntos pakuot\u0117 yra pa\u017eeista (nupl\u0117\u0161ta pakuot\u0117s etiket\u0117 ar kitas i\u0161orinis pa\u017eeidimas), jis privalo nufotografuoti pa\u017eeistas prekes preki\u0173 gavimo dien\u0105. Neatitikim\u0105 apra\u0161ykite laisva forma ir per 1 dien\u0105 atsi\u0173skite nuotrauk\u0105 adresu <a href=\"mailto:info@goodmoodmeals.com\">info@goodmoodmeals.com<\/a>. Prie\u0161ingu atveju laikoma, kad prek\u0117 pristatyta be pa\u017eeidim\u0173. Pardav\u0117jas per 3 (tris) darbo dienas nuo elektroninio lai\u0161ko gavimo dienos patikrina prane\u0161ime nurodytas aplinkybes ir susisiekia su Pirk\u0117ju, kad b\u016bt\u0173 rastas situacijos sprendimas.   <\/p>\n\n<p>Jei Pirk\u0117jas nesilaiko ankstesn\u0117s dalies nuostat\u0173, Pardav\u0117jas neatsako u\u017e jokius Pirk\u0117jo patirtus nuostolius.<\/p>\n\n<h2 class=\"wp-block-heading\"><strong>Gr\u0105\u017einimai ir gr\u0105\u017einimas  <\/strong><\/h2>\n\n<p>Vartotojas turi teis\u0119 atsisakyti sutarties, sudarytos su <strong>goodmoodmeals.com<\/strong> svetaine, per <strong>14 dien\u0173<\/strong>. \u0160is laikotarpis pradedamas skai\u010diuoti nuo tos dienos, kai Vartotojas gauna prekes. <\/p>\n\n<p>Ta\u010diau prek\u0117ms, kurios yra pritaikytos arba pagamintos pagal konkre\u010dius kliento, kuris yra sutarties \u0161alis, reikalavimus, <strong>gr\u0105\u017einimo teis\u0117 netaikoma<\/strong>.<\/p>\n\n<p>Jei pirk\u0117jas nusprend\u017eia atsisakyti sutarties, mes nedelsdami, ne v\u0117liau kaip per <strong>14 dien\u0173<\/strong> nuo gr\u0105\u017eint\u0173 preki\u0173 gavimo dienos, gr\u0105\u017einsime visus pirk\u0117jo sumok\u0117tus pinigus. Pirk\u0117jas privalo <strong>nedelsdamas, bet<\/strong> ne v\u0117liau kaip per <strong>14 dien\u0173<\/strong> nuo pra\u0161ymo atsisakyti sutarties pateikimo dienos, gr\u0105\u017einti i\u0161 pardav\u0117jo gautas prekes. <\/p>\n\n<p>Jei prie pirminio pirkimo buvo prid\u0117tas reklaminis arba nemokamas produktas, jis turi b\u016bti gr\u0105\u017eintas kartu su \u012fsigytomis prek\u0117mis.<\/p>\n\n<p>U\u017e preki\u0173 gr\u0105\u017einimo i\u0161laidas atsako vartotojas, o gr\u0105\u017einama tik u\u017e pat\u012f gamin\u012f sumok\u0117ta suma. Siuntimo mokes\u010diai ir mok\u0117jimo apdorojimo i\u0161laidos negr\u0105\u017einami. <\/p>\n\n<p>Nor\u0117damas pasinaudoti teise atsisakyti sutarties, pirk\u0117jas turi pateikti laisvos formos pra\u0161ym\u0105 el. pa\u0161tu <strong>goodmoodmeals.com<\/strong>, nurodydamas \u0161iuos duomenis:<\/p>\n\n<ul class=\"wp-block-list\">\n<li>U\u017esakyt\u0173 arba gr\u0105\u017eint\u0173 preki\u0173 pavadinimas<\/li>\n\n\n\n<li>U\u017esakymo pateikimo data<\/li>\n\n\n\n<li>U\u017esakymo gavimo data<\/li>\n\n\n\n<li>Pirk\u0117jo vardas ir pavard\u0117<\/li>\n\n\n\n<li>Pirk\u0117jo kontaktin\u0117 informacija<\/li>\n<\/ul>\n\n<p>Gr\u0105\u017einamos prek\u0117s turi b\u016bti nenaudotos ir originalioje pakuot\u0117je. Jei prek\u0117s buvo i\u0161pakuotos patikrinimui, jos turi likti nenaudotos ir turi b\u016bti ap\u017ei\u016br\u0117tos taip, kaip jas ap\u017ei\u016br\u0117tum\u0117te fizin\u0117je parduotuv\u0117je. I\u0161 originalios pakuot\u0117s i\u0161imtos prek\u0117s turi b\u016bti kruop\u0161\u010diai perpakuotos, kad gr\u0105\u017einant jas neb\u016bt\u0173 pa\u017eeistos. Pinigai u\u017e gr\u0105\u017eintas prekes bus gr\u0105\u017einti per <strong>14 dien\u0173<\/strong> ir pervesti \u012f banko s\u0105skait\u0105, i\u0161 kurios buvo pirktos prek\u0117s.   <\/p>\n\n<p><strong>Gr\u0105\u017einimo adresas:<\/strong><\/p>\n\n<p>ROGA-AGRO<br\/>L\u012bvzemes iela 11\/13<br\/>LV2169 Salaspils, Latvija<\/p>\n\n<h2 class=\"wp-block-heading\"><strong>Mok\u0117jimo s\u0105lygos<\/strong><\/h2>\n\n<p><strong>Galimi mok\u0117jimo b\u016bdai:<\/strong><\/p>\n\n<ul class=\"wp-block-list\">\n<li>Kredito kortel\u0117<\/li>\n\n\n\n<li>&#8222;PayPal&#8221;<\/li>\n\n\n\n<li>&#8222;Apple Pay<\/li>\n\n\n\n<li>Banko pavedimas (i\u0161ankstinis mok\u0117jimas)<\/li>\n<\/ul>\n\n<p><strong>Banko pervedimo informacija:<\/strong><\/p>\n\n<p>S\u0105skaitos tur\u0117tojas: Adresas: UAB &#8222;ROGA-AGRO&#8221;<br\/>Adresas: LV2169 Salaspils, Salaspils novads, Latvija <br\/>Bankas: SEB bankas Banko kodas: BANKO KODAS: UNLALV2X<br\/>IBAN: LV22UNLA0033320466238<\/p>\n\n<h2 class=\"wp-block-heading\"><strong>Kitos nuostatos<\/strong><\/h2>\n\n<ol start=\"8\" class=\"wp-block-list\">\n<li><\/li>\n<\/ol>\n\n<p>Jei Prek\u0117s Pirk\u0117jui pristatomos pav\u0117luotai arba nepristatomos d\u0117l Pirk\u0117jo kalt\u0117s ar nuo Pirk\u0117jo nepriklausan\u010di\u0173 aplinkybi\u0173, Pardav\u0117jas neatsako u\u017e pristatymo s\u0105lyg\u0173 pa\u017eeidim\u0105.<\/p>\n\n<p>Jei prieiga prie internetin\u0117s parduotuv\u0117s, registracija internetin\u0117je parduotuv\u0117je arba u\u017esakymo pateikimas internetin\u0117je parduotuv\u0117je yra ne\u012fmanomas arba apsunkintas d\u0117l technini\u0173 prie\u017eas\u010di\u0173 arba d\u0117l prie\u017eas\u010di\u0173, nepriklausan\u010di\u0173 nuo Pardav\u0117jo, Pardav\u0117jas neatsako u\u017e bet koki\u0105 Pirk\u0117jo ar tre\u010di\u0173j\u0173 \u0161ali\u0173 patirt\u0105 \u017eal\u0105.<\/p>\n\n<p>Pardav\u0117jas neatsako u\u017e pasekmes, jei d\u0117l Pirk\u0117jo kompiuterio ar monitoriaus savybi\u0173 internetin\u0117s parduotuv\u0117s preki\u0173 vaizdas, rodomas Pirk\u0117jo kompiuteryje ar monitoriuje, skiriasi nuo nat\u016bralios preki\u0173 i\u0161vaizdos.<\/p>\n\n<h2 class=\"wp-block-heading\"><strong>Skund\u0173 ir neteismini\u0173 gin\u010d\u0173 nagrin\u0117jimo tvarka<\/strong><\/h2>\n\n<ol start=\"9\" class=\"wp-block-list\">\n<li><\/li>\n<\/ol>\n\n<p>Skundai d\u0117l preki\u0173 kokyb\u0117s ir kiti su pirkimu susij\u0119 klausimai tur\u0117t\u0173 b\u016bti pateikiami elektroniniu b\u016bdu el. pa\u0161to adresu <a href=\"mailto:info@goodmoodmeals.com\">info@goodmoodmeals.com<\/a> arba ra\u0161tu adresu Livzemes iela 11\/13, Salaspils, Salaspils novads, LV-2169.Visi skundai bus i\u0161nagrin\u0117ti per 7 darbo dienas nuo skundo gavimo, o atsakymas bus i\u0161si\u0173stas skunde nurodytu kontaktiniu adresu.<\/p>\n\n<p>Jei j\u016bs\u0173 skundas pripa\u017e\u012fstamas nepagr\u012fstu ir j\u016bs nesutinkate su tuo, kad skundas pripa\u017e\u012fstamas nepagr\u012fstu, turite teis\u0119 pasinaudoti \u012fstatymuose ir kituose teis\u0117s aktuose numatytomis alternatyviomis gin\u010d\u0173 sprendimo galimyb\u0117mis, pateikdami preki\u0173 pardav\u0117jui ra\u0161ytin\u012f pra\u0161ym\u0105 d\u0117l neteisminio gin\u010do sprendimo, kuriame nurodote:<\/p>\n\n<ul class=\"wp-block-list\">\n<li>vardas, pavard\u0117, kontaktiniai duomenys;<\/li>\n\n\n\n<li>parai\u0161kos pateikimo dat\u0105;<\/li>\n\n\n\n<li>gin\u010do pob\u016bd\u012f, reikalavimus ir j\u0173 pagrind\u0105.<\/li>\n<\/ul>\n\n<p>Informacija apie neteisminio gin\u010d\u0173 sprendimo galimybes ir neteisminio gin\u010d\u0173 sprendimo subjektus:<\/p>\n\n<p>Informacija apie gin\u010d\u0173 sprendimo proces\u0105: www.ptac.gov.lv\/lv\/content\/stridu-risinasanas-process.<\/p>\n\n<p>Informacija apie vartotoj\u0173 gin\u010d\u0173 neteisminio sprendimo subjekt\u0173 duomen\u0173 baz\u0119: www.ptac.gov.lv\/lv\/content\/arpustiesas-pateretaju-stridu-risinataju-datubaze.<\/p>\n\n<p>Informacija apie gin\u010d\u0173 sprendim\u0105 internetu: jei kyla problem\u0173 d\u0117l internetu \u012fsigyto produkto, klientas gali pasinaudoti gin\u010d\u0173 sprendimo internetu platforma ir pateikti skund\u0105, kur\u012f nagrin\u0117s nepriklausoma gin\u010d\u0173 sprendimo institucija. Nuoroda \u012f SIT platform\u0105: <a href=\"https:\/\/ec.europa.eu\/consumers\/odr\/main\/index.cfm?event=main.home2.show&amp;lng=LV\">https:\/\/ec.europa.eu\/consumers\/odr\/main\/index.cfm?event=main.home2.show&amp;lng=LV<\/a> <\/p>\n\n<p>Nor\u0117dami i\u0161spr\u0119sti ES valstyb\u0117se nar\u0117se i\u0161kilusias problemas, kreipkit\u0117s \u012f Europos vartotoj\u0173 centrus (ECC-Net).<\/p>\n\n<p><\/p>\n","protected":false},"excerpt":{"rendered":"<p>Standartin\u0117s s\u0105lygos ir informacija klientui Pardav\u0117jas &#8211; internetin\u0117s prekybos platformos www.goodmoodmeals.com, toliau &#8211; &#8222;Internetin\u0117 parduotuv\u0117&#8221;, savininkas kartu su visomis susijusiomis teis\u0117mis yra UAB &#8222;ROGA-AGRO&#8221;, registracijos Nr. 40003101668, kurios juridinis ir korespondencijos adresas yra L\u012bvzemes iela 11\/13, Salaspils, Salaspils novads, LV-2169. Vykdydamas savo veikl\u0105, Pardav\u0117jas si\u016blo ir parduoda prekes Pirk\u0117jui pagal \u0161i\u0105 nuotolin\u0117s prekybos sutart\u012f (toliau [&#8230;]\n","protected":false},"author":1,"featured_media":0,"parent":0,"menu_order":0,"comment_status":"closed","ping_status":"closed","template":"","meta":{"footnotes":""},"class_list":["post-8401","page","type-page","status-publish","hentry"],"_links":{"self":[{"href":"https:\/\/goodmoodmeals.com\/lt\/wp-json\/wp\/v2\/pages\/8401","targetHints":{"allow":["GET"]}}],"collection":[{"href":"https:\/\/goodmoodmeals.com\/lt\/wp-json\/wp\/v2\/pages"}],"about":[{"href":"https:\/\/goodmoodmeals.com\/lt\/wp-json\/wp\/v2\/types\/page"}],"author":[{"embeddable":true,"href":"https:\/\/goodmoodmeals.com\/lt\/wp-json\/wp\/v2\/users\/1"}],"replies":[{"embeddable":true,"href":"https:\/\/goodmoodmeals.com\/lt\/wp-json\/wp\/v2\/comments?post=8401"}],"version-history":[{"count":1,"href":"https:\/\/goodmoodmeals.com\/lt\/wp-json\/wp\/v2\/pages\/8401\/revisions"}],"predecessor-version":[{"id":8402,"href":"https:\/\/goodmoodmeals.com\/lt\/wp-json\/wp\/v2\/pages\/8401\/revisions\/8402"}],"wp:attachment":[{"href":"https:\/\/goodmoodmeals.com\/lt\/wp-json\/wp\/v2\/media?parent=8401"}],"curies":[{"name":"wp","href":"https:\/\/api.w.org\/{rel}","templated":true}]}}