{"id":8397,"date":"2024-10-26T13:58:31","date_gmt":"2024-10-26T10:58:31","guid":{"rendered":"https:\/\/goodmoodmeals.com\/privatumo-politika\/"},"modified":"2026-04-30T15:03:44","modified_gmt":"2026-04-30T12:03:44","slug":"privatumo-politika","status":"publish","type":"page","link":"https:\/\/goodmoodmeals.com\/lt\/privatumo-politika\/","title":{"rendered":"Privatumo politika"},"content":{"rendered":"\n<hr class=\"wp-block-separator has-alpha-channel-opacity\"\/>\n\n<p><strong>Privatumo politika<\/strong><\/p>\n\n<p>Mums svarbus j\u016bs\u0173 privatumas!<\/p>\n\n<p>Siekiame, kad dalydamiesi su mumis savo asmeniniais duomenimis jaustum\u0117t\u0117s saug\u016bs. \u0160ios privatumo politikos tikslas &#8211; suteikti jums, kaip duomen\u0173 subjektui, informacij\u0105 apie asmens duomen\u0173 tvarkymo tiksl\u0105, apimt\u012f, apsaug\u0105 ir trukm\u0119 renkant duomenis ir tvarkant j\u016bs\u0173 asmens duomenis. <\/p>\n\n<p>Taip pat norime, kad \u017einotum\u0117te, jog imam\u0117s b\u016btin\u0173 priemoni\u0173, kad u\u017etikrintume j\u016bs\u0173 asmens duomen\u0173 saugum\u0105 ir j\u0173 tvarkym\u0105 pagal galiojan\u010dius duomen\u0173 apsaugos \u012fstatymus. Esame paskyr\u0119 duomen\u0173 apsaugos pareig\u016bn\u0105, atsaking\u0105 u\u017e \u0161i\u0173 \u012fstatym\u0173 laikymosi prie\u017ei\u016br\u0105. <\/p>\n\n<p>Jums tereikia pateikti tikslius duomenis, kad gal\u0117tume apdoroti ir pristatyti j\u016bs\u0173 u\u017esakym\u0105 i\u0161 &#8222;Good Mood Meals&#8221; internetin\u0117s parduotuv\u0117s.<\/p>\n\n<p>\u0160ioje privatumo politikoje rasite informacijos apie tai, kokius asmens duomenis renkame ir tvarkome, kokiu tikslu, kiek laiko juos saugome ir kitos svarbios informacijos. Kvie\u010diame susipa\u017einti su \u0161iomis Politikos s\u0105lygomis prie\u0161 pateikiant mums savo asmens duomenis. Taip pat atkreipkite d\u0117mes\u012f, kad \u0161ios s\u0105lygos gali b\u016bti kei\u010diamos ir atnaujinamos.  <\/p>\n\n<p>Jei nesutinkate su \u0161iomis s\u0105lygomis ir privatumo politika, deja, negal\u0117sime jums teikti vis\u0173 ar kai kuri\u0173 savo paslaug\u0173 (toliau &#8211; Paslaugos).<\/p>\n\n<p>Registruodamiesi svetain\u0117je <a href=\"http:\/\/www.goodmoodmeals.com\/\">www.goodmoodmeals.com<\/a>, j\u016bs patikite A\/S &#8222;Roga-Agro&#8221; (registracijos numeris 40003101668, juridinis adresas: L\u012bvzemes iela 11\/13, Salaspils, Salaspils novads, LV-2169, Latvija), kaip duomen\u0173 valdytojui (toliau &#8211; Bendrov\u0117 arba mes, arba Duomen\u0173 valdytojas), savo asmens duomenis ir suteikia mums teis\u0119 juos tvarkyti pagal \u0161i\u0105 Politik\u0105 (toliau &#8211; Politika) ir pardavimo sutartyje &#8222;Local top! e-store&#8221; (toliau &#8211; S\u0105lygos) nustatytas s\u0105lygas. Informuojame jus, kad j\u016bs\u0173 asmens duomenis tvarkysime tik tuo atveju, jei j\u016bs nuspr\u0119site mums juos pateikti.<\/p>\n\n<p><strong>Kas yra asmens duomenys, kokius asmens duomenis tvarkome ir kod\u0117l?<\/strong><\/p>\n\n<p><em>Registracija<\/em><\/p>\n\n<p>Asmens duomenys &#8211; tai bet kokia informacija, susijusi su identifikuotu arba identifikuojamu fiziniu asmeniu (toliau &#8211; duomen\u0173 subjektas); identifikuojamas fizinis asmuo &#8211; tai asmuo, kurio tapatyb\u0119 galima tiesiogiai ar netiesiogiai nustatyti, vis\u0173 pirma pagal identifikatori\u0173, pavyzd\u017eiui, vard\u0105, pavard\u0119, identifikavimo numer\u012f, buvimo vietos duomenis, internetin\u012f identifikatori\u0173, arba pagal vien\u0105 ar daugiau veiksni\u0173, b\u016bding\u0173 to asmens fizinei, fiziologinei, genetinei, protinei, ekonominei, kult\u016brinei ar socialinei tapatybei.<\/p>\n\n<p>Registruodamiesi svetain\u0117je <a href=\"http:\/\/www.goodmoodmeals.com\/\">www.goodmoodmeals.com<\/a>, turite sutikti su svetain\u0117s naudojimo s\u0105lygomis (sutikti su Sutartimi). Pateikti savo asmens duomenis yra privaloma, nes to nepadar\u0119 negal\u0117site sudaryti Sutarties ir naudotis m\u016bs\u0173 Paslaugomis. Registruodamiesi sudarote Sutart\u012f ir patvirtinate, kad j\u016bs\u0173 asmens duomenys yra tiksl\u016bs ir teisingi ir kad jums yra ne ma\u017eiau kaip 18 met\u0173. Mes neatsakome u\u017e j\u016bs\u0173 pateiktus netikslius, nei\u0161samius ar neteisingus asmens duomenis. Jei pateikiate kito asmens duomenis, A\/S &#8222;Roga-Agro&#8221; pasilieka teis\u0119 reikalauti i\u0161 j\u016bs\u0173 regreso teis\u0117s bet koki\u0173 pretenzij\u0173 atveju.    <\/p>\n\n<p>Susitarimui reikalingi duomenys:<\/p>\n\n<ul class=\"wp-block-list\">\n<li><strong>Duomen\u0173 kategorijos<\/strong>: J\u016bs\u0173 vardas, pavard\u0117, adresas (miestas, gatv\u0117 arba namo numeris, buto numeris), el. pa\u0161to adresas ir telefono numeris.<\/li>\n\n\n\n<li><strong>Duomen\u0173 tvarkymo teisinis pagrindas<\/strong>: Sutarties, kurios \u0161alimi esate, sudarymas ir vykdymas bei m\u016bs\u0173 teis\u0117t\u0173 interes\u0173 apsauga.<\/li>\n\n\n\n<li><strong>Duomen\u0173 apdorojimo terminas<\/strong>: Vis\u0105 laikotarp\u012f, kuriuo galioja Sutartis ir kuriuo naudojat\u0117s m\u016bs\u0173 Paslaugomis. Sutarties \u012frodymus ir susijusius \u012fra\u0161us galime saugoti ilgiau, kol baigsis bet koki\u0173 reikalavim\u0173, kylan\u010di\u0173 i\u0161 sutartini\u0173 \u012fsipareigojim\u0173, terminas arba jei tai b\u016btina siekiant apsaugoti m\u016bs\u0173 teis\u0117tus interesus nuo pretenzij\u0173, prie\u0161taravim\u0173 ar reikalavim\u0173. <\/li>\n<\/ul>\n\n<p>Remiantis j\u016bs\u0173 asmens duomenimis, pateiktais registruojantis svetain\u0117je <a href=\"http:\/\/www.goodmoodmeals.com\/\">www.goodmoodmeals.com<\/a>, sudarius Sutart\u012f sukuriamas unikalus naudotojo profilis (paskyra), leid\u017eiantis mums identifikuoti jus kaip registruot\u0105 svetain\u0117s naudotoj\u0105 ir teikti jums paslaugas, kaip nurodyta Sutartyje ir \u0161ioje Politikoje.<\/p>\n\n<p>Jus atpa\u017e\u012fstame pagal j\u016bs\u0173 pateiktus asmens duomenis, kai, pavyzd\u017eiui, norite atnaujinti ar pakeisti savo duomenis, susisiekti su mumis d\u0117l pateiktos asmenin\u0117s informacijos arba pasinaudoti teis\u0117mis, susijusiomis su asmens duomen\u0173 tvarkymu, ir pan.<\/p>\n\n<p><strong>J\u016bs\u0173 paskyros administravimas<\/strong><\/p>\n\n<p>J\u016bs\u0173 asmens duomenis tvarkome siekdami steb\u0117ti ir administruoti j\u016bs\u0173 paskyr\u0105.<\/p>\n\n<p><em>Paskyros duomenys<\/em><\/p>\n\n<ul class=\"wp-block-list\">\n<li><strong>Duomen\u0173 kategorijos<\/strong>: Duomenys, pateikti registracijos metu (svetain\u0117je <a href=\"http:\/\/www.goodmoodmeals.com\/\">www.goodmoodmeals.com<\/a>), paskyros prisijungimo duomenys, paskyros veikla, \u012fskaitant techninius nar\u0161ymo duomenis (IP adresas, prisijungimo ir nar\u0161ymo technin\u0117 informacija).<\/li>\n\n\n\n<li><strong>Duomen\u0173 tvarkymo teisinis pagrindas<\/strong>: Sutartis ir sukurta paskyra, siekiant vykdyti sutartinius \u012fsipareigojimus ir apsaugoti m\u016bs\u0173 teis\u0117tus interesus.<\/li>\n\n\n\n<li><strong>Duomen\u0173 apdorojimo terminas<\/strong>: Vis\u0105 laikotarp\u012f, kur\u012f esate paskyros naudotojas. Sutarties sudarymo \u012frodymas gali b\u016bti saugomas ilgiau, jei to reikia siekiant apsiginti nuo pretenzij\u0173, prie\u0161taravim\u0173 ar reikalavim\u0173. <\/li>\n<\/ul>\n\n<p><strong>J\u016bs\u0173 pirkimo duomen\u0173 tvarkymas<\/strong><\/p>\n\n<p>teikti jums Paslaugas ir \u012fvairias lengvatas &#8211; sudaryti ir vykdyti sutartinius \u012fsipareigojimus, priimti mok\u0117jimus u\u017e prekes, gr\u0105\u017einti pinigus (jei gr\u0105\u017einate \u012fsigytas prekes), suteikti nuolaidas ir kt. &#8211; be registracijos duomen\u0173, tvarkome su j\u016bs\u0173 pirkimo sandoriais susijusius duomenis (toliau &#8211; pirkimo duomenys) ir, laikydamiesi Latvijos Respublikos teis\u0117s akt\u0173 reikalavim\u0173, i\u0161ra\u0161ome jums apskaitos dokumentus. <\/p>\n\n<p><em>Pirkimo duomenys paslaug\u0173 administravimui<\/em><\/p>\n\n<ul class=\"wp-block-list\">\n<li><strong>Duomen\u0173 kategorijos<\/strong>: J\u016bs\u0173 vardas, pavard\u0117, el. pa\u0161to adresas, telefono numeris, pristatymo adresas, para\u0161as (jei asmeni\u0161kai priimate prekes), pirkimo ir pristatymo data ir laikas, preki\u0173 pavadinimai, kiekiai, pirkimo kainos ir taikomos nuolaidos, mok\u0117jimo b\u016bdas ir mok\u0117jimo informacija.<\/li>\n\n\n\n<li><strong>Duomen\u0173 tvarkymo teisinis pagrindas<\/strong>: Sutartis ir sukurta paskyra siekiant vykdyti sutartinius \u012fsipareigojimus, apsaugoti teis\u0117tus interesus ir vykdyti teisines prievoles.<\/li>\n\n\n\n<li><strong>Duomen\u0173 apdorojimo terminas<\/strong>: Apskaitos dokumentai &#8211; 5 metai nuo pirkimo datos ir pristatymo kvito pasira\u0161ymo. Sutartis su jumis ir su ja susij\u0119 apskaitos dokumentai gali b\u016bti saugomi ilgiau, kol baigsis bet koki\u0173 reikalavim\u0173, kylan\u010di\u0173 i\u0161 sutartini\u0173 \u012fsipareigojim\u0173, terminas arba jei tai b\u016btina siekiant apsaugoti m\u016bs\u0173 teis\u0117tus interesus nuo pretenzij\u0173, prie\u0161taravim\u0173 ar reikalavim\u0173. <\/li>\n<\/ul>\n\n<p><strong>Duomen\u0173 tvarkymas d\u0117l palikt\u0173 pirkini\u0173 krep\u0161eli\u0173<\/strong><\/p>\n\n<p>Jei m\u016bs\u0173 svetain\u0117je prad\u0117jote atsiskaitymo proces\u0105, \u012fvesdami savo el. pa\u0161to adres\u0105 ir (arba) telefono numer\u012f, ta\u010diau pirkimo neu\u017ebaig\u0117te, \u0161i\u0105 informacij\u0105 galime tvarkyti tam, kad i\u0161si\u0173stume jums automatinius priminimus el. pa\u0161tu arba SMS \u017einute apie palikt\u0105 pirkini\u0173 krep\u0161el\u012f.<\/p>\n\n<ul class=\"wp-block-list\">\n<li>Duomen\u0173 kategorijos: j\u016bs\u0173 el. pa\u0161to adresas, telefono numeris ir preki\u0173, \u012fd\u0117t\u0173 \u012f pirkini\u0173 krep\u0161el\u012f, s\u0105ra\u0161as.<\/li>\n\n\n\n<li>Tvarkymo tikslas: teikti klient\u0173 aptarnavim\u0105, priminti apie j\u016bs\u0173 susidom\u0117jim\u0105 m\u016bs\u0173 produktais ir pad\u0117ti u\u017ebaigti pirkim\u0105.<\/li>\n\n\n\n<li>Duomen\u0173 tvarkymo teisinis pagrindas: m\u016bs\u0173 teis\u0117tas interesas pagal BDAR 6 straipsnio 1 dalies f punkt\u0105 susigr\u0105\u017einti prarastus pardavimus ir suteikti patogi\u0105 apsipirkimo patirt\u012f, jei nesate atsisak\u0119 toki\u0173 prane\u0161im\u0173.<\/li>\n\n\n\n<li>Duomen\u0173 saugojimo terminas: palikto krep\u0161elio duomenys saugomi ne ilgiau kaip 30 dien\u0173 nuo krep\u0161elio suk\u016brimo dienos, po to jie i\u0161trinami arba anonimizuojami.<\/li>\n\n\n\n<li>J\u016bs\u0173 teis\u0117 atsisakyti: \u0161i\u0173 priminim\u0173 galite bet kada atsisakyti paspausdami el. lai\u0161ke esan\u010di\u0105 nuorod\u0105 \u201eAtsisakyti prenumeratos\u201c arba susisiek\u0119 su mumis tiesiogiai el. pa\u0161tu info@goodmoodmeals.com.<\/li>\n<\/ul>\n\n<p><strong>Pasi\u016blymai ir informacijos teikimas<\/strong><\/p>\n\n<p>Jei registruodamiesi svetain\u0117je <a href=\"http:\/\/www.goodmoodmeals.com\/\">www.goodmoodmeals.com<\/a> sutikote gauti i\u0161 m\u016bs\u0173 pasi\u016blymus ir (arba) aktualius pasi\u016blymus el. pa\u0161tu arba SMS naujienas \u012f savo telefon\u0105, mes tvarkysime j\u016bs\u0173 asmens duomenis, kad gal\u0117tume pateikti tokius pasi\u016blymus ir informacij\u0105, \u012fskaitant bendruosius naujienlai\u0161kius, informacij\u0105 apie m\u016bs\u0173 ir m\u016bs\u0173 partneri\u0173 pasi\u016blymus, nuolaidas, i\u0161pardavimus, kvietimus dalyvauti akcijose, loterijose ir laim\u0117ti prizus, pra\u0161yti j\u016bs\u0173 atsiliepim\u0173 apie m\u016bs\u0173 paslaugas ir produktus ir pan. Pasi\u016blymus ir informacij\u0105 pateiksime j\u016bs\u0173 paskyroje ir kitais j\u016bs\u0173 pageidaujamais b\u016bdais, pavyzd\u017eiui, el. pa\u0161tu arba SMS \u017einute j\u016bs\u0173 nurodytu telefono numeriu. <\/p>\n\n<p><strong>Kaip saugome ir naikiname duomenis<\/strong><\/p>\n\n<p>Pasibaigus \u0161ioje Politikoje nurodytam duomen\u0173 tvarkymo ir saugojimo laikotarpiui, saugiai sunaikinsime dokumentus su j\u016bs\u0173 asmens duomenimis arba, jei tai nurodyta Politikoje, saugiai ir negr\u012f\u017etamai juos nuasmeninsime.<\/p>\n\n<p><strong>Susisiekite su mumis<\/strong><\/p>\n\n<ul class=\"wp-block-list\">\n<li>El. pa\u0161tu: <a href=\"mailto:info@goodmoodmeals.com\">info@goodmoodmeals.com<\/a><\/li>\n\n\n\n<li>Telefonu: +371 20018946<\/li>\n\n\n\n<li>Korespondencija pa\u0161tu: L\u012bvzemes iela 11\/13, Salaspils, LV-2169, Latvija. Lai\u0161k\u0105 adresuokite A\/S &#8222;Roga-Agro&#8221; administracijai. <\/li>\n<\/ul>\n\n<p><\/p>\n","protected":false},"excerpt":{"rendered":"<p>Privatumo politika Mums svarbus j\u016bs\u0173 privatumas! Siekiame, kad dalydamiesi su mumis savo asmeniniais duomenimis jaustum\u0117t\u0117s saug\u016bs. \u0160ios privatumo politikos tikslas &#8211; suteikti jums, kaip duomen\u0173 subjektui, informacij\u0105 apie asmens duomen\u0173 tvarkymo tiksl\u0105, apimt\u012f, apsaug\u0105 ir trukm\u0119 renkant duomenis ir tvarkant j\u016bs\u0173 asmens duomenis. Taip pat norime, kad \u017einotum\u0117te, jog imam\u0117s b\u016btin\u0173 priemoni\u0173, kad u\u017etikrintume j\u016bs\u0173 [&#8230;]\n","protected":false},"author":1,"featured_media":0,"parent":0,"menu_order":0,"comment_status":"closed","ping_status":"closed","template":"","meta":{"footnotes":""},"class_list":["post-8397","page","type-page","status-publish","hentry"],"_links":{"self":[{"href":"https:\/\/goodmoodmeals.com\/lt\/wp-json\/wp\/v2\/pages\/8397","targetHints":{"allow":["GET"]}}],"collection":[{"href":"https:\/\/goodmoodmeals.com\/lt\/wp-json\/wp\/v2\/pages"}],"about":[{"href":"https:\/\/goodmoodmeals.com\/lt\/wp-json\/wp\/v2\/types\/page"}],"author":[{"embeddable":true,"href":"https:\/\/goodmoodmeals.com\/lt\/wp-json\/wp\/v2\/users\/1"}],"replies":[{"embeddable":true,"href":"https:\/\/goodmoodmeals.com\/lt\/wp-json\/wp\/v2\/comments?post=8397"}],"version-history":[{"count":1,"href":"https:\/\/goodmoodmeals.com\/lt\/wp-json\/wp\/v2\/pages\/8397\/revisions"}],"predecessor-version":[{"id":8398,"href":"https:\/\/goodmoodmeals.com\/lt\/wp-json\/wp\/v2\/pages\/8397\/revisions\/8398"}],"wp:attachment":[{"href":"https:\/\/goodmoodmeals.com\/lt\/wp-json\/wp\/v2\/media?parent=8397"}],"curies":[{"name":"wp","href":"https:\/\/api.w.org\/{rel}","templated":true}]}}