{"id":8395,"date":"2024-11-01T09:49:58","date_gmt":"2024-11-01T07:49:58","guid":{"rendered":"https:\/\/goodmoodmeals.com\/slapuku-politika\/"},"modified":"2026-04-30T14:59:19","modified_gmt":"2026-04-30T11:59:19","slug":"slapuku-politika","status":"publish","type":"page","link":"https:\/\/goodmoodmeals.com\/lt\/slapuku-politika\/","title":{"rendered":"Slapuk\u0173 politika"},"content":{"rendered":"\n<hr class=\"wp-block-separator has-alpha-channel-opacity\"\/>\n\n<p><strong>1. Bendrosios s\u0105lygos<\/strong><\/p>\n\n<p>Akcin\u0117 bendrov\u0117 &#8222;Roga-Agro&#8221; (reg. 40003101668), \u012fsik\u016brusi adresu Livzemes iela 11\/13, Salaspils, Salaspils novads, LV-2169, el. pa\u0161tas: <a>info@goodmoodmeals.com,<\/a> interneto svetain\u0117: https: <a href=\"https:\/\/www.goodmoodmeals.com\">\/\/www.goodmoodmeals.com<\/a> (toliau &#8211; Bendrov\u0117), \u012fsipareigoja u\u017etikrinti savo interneto svetain\u0117s <a href=\"https:\/\/www.goodmoodmeals.com\">https:\/\/www.goodmoodmeals.com<\/a> (toliau &#8211; Svetain\u0117) saugum\u0105, taip pat apsaugoti savo lankytoj\u0173 asmenin\u0119 informacij\u0105 ir teises.<\/p>\n\n<p>\u0160ios slapuk\u0173 politikos tikslas &#8211; suteikti lankytojams papildomos informacijos apie Svetain\u0117je naudojamas technologijas ir tai, kaip Bendrov\u0117 jas naudoja.<\/p>\n\n<p><strong>2. Informacija apie slapukus<\/strong><\/p>\n\n<p>Slapukai &#8211; tai ma\u017ei raidiniai skaitmeniniai failai, kurie atsisiun\u010diami ir i\u0161saugomi j\u016bs\u0173 \u012frenginyje (pvz., kompiuteryje, i\u0161maniajame telefone, plan\u0161etiniame kompiuteryje) per interneto nar\u0161ykl\u0119, kai lankot\u0117s svetain\u0117je. \u0160ie failai gali sekti aplankytus puslapius, i\u0161saugoti \u012fvest\u0105 informacij\u0105 arba \u012fsiminti nuostatas, pavyzd\u017eiui, kalbos nustatymus. <\/p>\n\n<p><strong>3. Slapuk\u0173 paskirtis ir teisinis pagrindas<\/strong><\/p>\n\n<p>Slapukai palengvina naudojim\u0105si m\u016bs\u0173 skaitmenin\u0117mis paslaugomis, pvz., mok\u0117jimais internetu, suteikia informacijos apie tai, kaip lankytojai naudojasi m\u016bs\u0173 Svetaine, ir padeda mums tobulinti si\u016blomas paslaugas.<\/p>\n\n<p>Naudojame keli\u0173 tip\u0173 slapukus, \u012fskaitant &#8222;privalomuosius&#8221; slapukus, kurie \u012fjungti pagal numatytuosius nustatymus.<\/p>\n\n<p><strong>4. Slapuk\u0173 tipai ir j\u0173 naudojimas<\/strong><\/p>\n\n<p>Naudojame tik b\u016btinus slapukus. Sutikdami su bet kurios kategorijos slapukais, sutinkate su visais tos kategorijos slapukais (\u017er. toliau pateikt\u0105 i\u0161sam\u0173 slapuk\u0173 s\u0105ra\u0161\u0105). <\/p>\n\n<p><strong>Reikalingi slapukai<\/strong><\/p>\n\n<p>B\u016btinieji slapukai yra b\u016btini norint pasiekti \u012fvairias svetain\u0117s dalis. \u0160ie slapukai i\u0161saugomi j\u016bs\u0173 \u012frenginyje apsilankymo metu ir automati\u0161kai nustatomi atliekant tokius veiksmus, kaip privatumo nuostat\u0173 nustatymas, prisijungimas arba form\u0173 pildymas. \u0160ie slapukai yra b\u016btini svetain\u0117s veikimui, tod\u0117l jiems nereikia naudotojo sutikimo.  <\/p>\n\n<p><strong>5. Sutikimas d\u0117l slapuk\u0173<\/strong><\/p>\n\n<p>Apsilankius \u0161ioje Svetain\u0117je pasirodys prane\u0161imas, kad naudojami slapukai. Pasirink\u0119 &#8222;Sutinku&#8221; patvirtinate, kad per\u017ei\u016br\u0117jote informacij\u0105 apie slapukus, j\u0173 paskirt\u012f ir sutinkate su j\u0173 naudojimu Svetain\u0117je. <\/p>\n\n<p><strong>6. Slapuk\u0173 atmetimas<\/strong><\/p>\n\n<p>&#8222;B\u016btiniems&#8221; slapukams sutikimo nereikia, nes jie u\u017etikrina visi\u0161k\u0105 ir nepertraukiam\u0105 Svetain\u0117s turinio rodym\u0105, tod\u0117l galite prisijungti ir m\u0117gautis tinkama nar\u0161ymo patirtimi.<\/p>\n\n<p><strong>7. Sutikimo at\u0161aukimas<\/strong><\/p>\n\n<p>Galite atsisakyti vis\u0173 slapuk\u0173. Daugiau informacijos apie slapuk\u0173 i\u0161trynim\u0105 rasite adresu: https: <a href=\"https:\/\/www.aboutcookies.org\">\/\/www.aboutcookies.org<\/a>. <\/p>\n\n<p><strong>8. Politikos pakeitimai<\/strong><\/p>\n\n<p>Jei kyla klausim\u0173 d\u0117l asmens duomen\u0173 tvarkymo, \u017er. Bendrov\u0117s privatumo politik\u0105 adresu <a href=\"https:\/\/goodmoodmeals.com\/privacy-policy\/\">https:\/\/goodmoodmeals.com\/privacy-policy<\/a>.<\/p>\n\n<p>Bendrov\u0117 pasilieka teis\u0119 bet kuriuo metu keisti \u0161i\u0105 slapuk\u0173 politik\u0105. Visi atnaujinimai bus skelbiami svetain\u0117je <a href=\"https:\/\/www.goodmoodmeals.com\">https:\/\/www.goodmoodmeals.com<\/a>. <\/p>\n","protected":false},"excerpt":{"rendered":"<p>1. Bendrosios s\u0105lygos Akcin\u0117 bendrov\u0117 &#8222;Roga-Agro&#8221; (reg. 40003101668), \u012fsik\u016brusi adresu Livzemes iela 11\/13, Salaspils, Salaspils novads, LV-2169, el. pa\u0161tas: info@goodmoodmeals.com, interneto svetain\u0117: https: \/\/www.goodmoodmeals.com (toliau &#8211; Bendrov\u0117), \u012fsipareigoja u\u017etikrinti savo interneto svetain\u0117s https:\/\/www.goodmoodmeals.com (toliau &#8211; Svetain\u0117) saugum\u0105, taip pat apsaugoti savo lankytoj\u0173 asmenin\u0119 informacij\u0105 ir teises. \u0160ios slapuk\u0173 politikos tikslas &#8211; suteikti lankytojams papildomos informacijos [&#8230;]\n","protected":false},"author":1,"featured_media":0,"parent":0,"menu_order":0,"comment_status":"closed","ping_status":"closed","template":"","meta":{"footnotes":""},"class_list":["post-8395","page","type-page","status-publish","hentry"],"_links":{"self":[{"href":"https:\/\/goodmoodmeals.com\/lt\/wp-json\/wp\/v2\/pages\/8395","targetHints":{"allow":["GET"]}}],"collection":[{"href":"https:\/\/goodmoodmeals.com\/lt\/wp-json\/wp\/v2\/pages"}],"about":[{"href":"https:\/\/goodmoodmeals.com\/lt\/wp-json\/wp\/v2\/types\/page"}],"author":[{"embeddable":true,"href":"https:\/\/goodmoodmeals.com\/lt\/wp-json\/wp\/v2\/users\/1"}],"replies":[{"embeddable":true,"href":"https:\/\/goodmoodmeals.com\/lt\/wp-json\/wp\/v2\/comments?post=8395"}],"version-history":[{"count":1,"href":"https:\/\/goodmoodmeals.com\/lt\/wp-json\/wp\/v2\/pages\/8395\/revisions"}],"predecessor-version":[{"id":8396,"href":"https:\/\/goodmoodmeals.com\/lt\/wp-json\/wp\/v2\/pages\/8395\/revisions\/8396"}],"wp:attachment":[{"href":"https:\/\/goodmoodmeals.com\/lt\/wp-json\/wp\/v2\/media?parent=8395"}],"curies":[{"name":"wp","href":"https:\/\/api.w.org\/{rel}","templated":true}]}}