{"id":8393,"date":"2024-10-17T10:58:41","date_gmt":"2024-10-17T07:58:41","guid":{"rendered":"https:\/\/goodmoodmeals.com\/duk\/"},"modified":"2026-04-30T15:03:45","modified_gmt":"2026-04-30T12:03:45","slug":"duk","status":"publish","type":"page","link":"https:\/\/goodmoodmeals.com\/lt\/duk\/","title":{"rendered":"DUK"},"content":{"rendered":"\n\n\t<section class=\"section dark hide-for-small has-scroll-for-more\" id=\"section_1056749758\">\n\t\t<div class=\"section-bg fill\" >\n\t\t\t\t\t\t\t\t\t<div class=\"section-bg-overlay absolute fill\"><\/div><button class=\"scroll-for-more z-5 icon absolute bottom h-center\" aria-label=\"Scroll for more\"><i class=\"icon-angle-down\" aria-hidden=\"true\" style=\"font-size:42px;\"><\/i><\/button>\n\t\t\t\n\n\t\t<\/div>\n\n\t\t\n\n\t\t<div class=\"section-content relative\">\n\t\t\t\n\n<div class=\"row align-center\"  id=\"row-1884511760\">\n\n\n\t<div id=\"col-1048526103\" class=\"col medium-6 small-12 large-6\"  >\n\t\t\t\t<div class=\"col-inner text-center\"  >\n\t\t\t\n\t\t\t\n\n\t<div id=\"text-3892966719\" class=\"text\">\n\t\t\n\n<h2>Kaip galime pad\u0117ti?<\/h2>\n\t\t\n<style>\n#text-3892966719 {\n  font-size: 1.5rem;\n}\n<\/style>\n\t<\/div>\n\t\n\t<div id=\"gap-1395881856\" class=\"gap-element clearfix\" style=\"display:block; height:auto;\">\n\t\t\n<style>\n#gap-1395881856 {\n  padding-top: 30px;\n}\n<\/style>\n\t<\/div>\n\t\n\n<div class=\"searchform-wrapper ux-search-box relative form-flat is-normal\"><form role=\"search\" method=\"get\" class=\"searchform\" action=\"https:\/\/goodmoodmeals.com\/lt\/\">\n\t<div class=\"flex-row relative\">\n\t\t\t\t\t\t<div class=\"flex-col flex-grow\">\n\t\t\t<label class=\"screen-reader-text\" for=\"woocommerce-product-search-field-0\">Ie\u0161koti:<\/label>\n\t\t\t<input type=\"search\" id=\"woocommerce-product-search-field-0\" class=\"search-field mb-0\" placeholder=\"Find your meal\" value=\"\" name=\"s\" \/>\n\t\t\t<input type=\"hidden\" name=\"post_type\" value=\"product\" \/>\n\t\t\t\t\t\t\t<input type=\"hidden\" name=\"lang\" value=\"lt\" \/>\n\t\t\t\t\t<\/div>\n\t\t<div class=\"flex-col\">\n\t\t\t<button type=\"submit\" value=\"Ie\u0161koti\" class=\"ux-search-submit submit-button secondary button  icon mb-0\" aria-label=\"Submit\">\n\t\t\t\t<i class=\"icon-search\" aria-hidden=\"true\"><\/i>\t\t\t<\/button>\n\t\t<\/div>\n\t<\/div>\n\t<div class=\"live-search-results text-left z-top\"><\/div>\n<\/form>\n<\/div>\n\n\t<div id=\"gap-1922396578\" class=\"gap-element clearfix\" style=\"display:block; height:auto;\">\n\t\t\n<style>\n#gap-1922396578 {\n  padding-top: 30px;\n}\n<\/style>\n\t<\/div>\n\t\n\n\n\t\t<\/div>\n\t\t\t\t\t<\/div>\n\n\t\n\n<\/div>\n\n\t\t<\/div>\n\n\t\t\n<style>\n#section_1056749758 {\n  padding-top: 30px;\n  padding-bottom: 30px;\n  min-height: 300px;\n}\n#section_1056749758 .section-bg-overlay {\n  background-color: rgb(47, 93, 58);\n}\n<\/style>\n\t<\/section>\n\t\n\n\t<section class=\"section dark show-for-small has-scroll-for-more\" id=\"section_659308795\">\n\t\t<div class=\"section-bg fill\" >\n\t\t\t\t\t\t\t\t\t<div class=\"section-bg-overlay absolute fill\"><\/div><button class=\"scroll-for-more z-5 icon absolute bottom h-center\" aria-label=\"Scroll for more\"><i class=\"icon-angle-down\" aria-hidden=\"true\" style=\"font-size:42px;\"><\/i><\/button>\n\t\t\t\n\n\t\t<\/div>\n\n\t\t\n\n\t\t<div class=\"section-content relative\">\n\t\t\t\n\n<div class=\"row align-center\"  id=\"row-409715686\">\n\n\n\t<div id=\"col-1585345742\" class=\"col medium-10 small-12 large-10\"  >\n\t\t\t\t<div class=\"col-inner text-center\"  >\n\t\t\t\n\t\t\t\n\n\t<div id=\"text-3502848081\" class=\"text\">\n\t\t\n\n<h2>Kaip galime pad\u0117ti?<\/h2>\n\t\t\n<style>\n#text-3502848081 {\n  font-size: 1.5rem;\n}\n<\/style>\n\t<\/div>\n\t\n\t<div id=\"gap-1611410795\" class=\"gap-element clearfix\" style=\"display:block; height:auto;\">\n\t\t\n<style>\n#gap-1611410795 {\n  padding-top: 30px;\n}\n<\/style>\n\t<\/div>\n\t\n\n<div class=\"searchform-wrapper ux-search-box relative form-flat is-normal\"><form role=\"search\" method=\"get\" class=\"searchform\" action=\"https:\/\/goodmoodmeals.com\/lt\/\">\n\t<div class=\"flex-row relative\">\n\t\t\t\t\t\t<div class=\"flex-col flex-grow\">\n\t\t\t<label class=\"screen-reader-text\" for=\"woocommerce-product-search-field-1\">Ie\u0161koti:<\/label>\n\t\t\t<input type=\"search\" id=\"woocommerce-product-search-field-1\" class=\"search-field mb-0\" placeholder=\"Find your meal\" value=\"\" name=\"s\" \/>\n\t\t\t<input type=\"hidden\" name=\"post_type\" value=\"product\" \/>\n\t\t\t\t\t\t\t<input type=\"hidden\" name=\"lang\" value=\"lt\" \/>\n\t\t\t\t\t<\/div>\n\t\t<div class=\"flex-col\">\n\t\t\t<button type=\"submit\" value=\"Ie\u0161koti\" class=\"ux-search-submit submit-button secondary button  icon mb-0\" aria-label=\"Submit\">\n\t\t\t\t<i class=\"icon-search\" aria-hidden=\"true\"><\/i>\t\t\t<\/button>\n\t\t<\/div>\n\t<\/div>\n\t<div class=\"live-search-results text-left z-top\"><\/div>\n<\/form>\n<\/div>\n\n\t<div id=\"gap-17695395\" class=\"gap-element clearfix\" style=\"display:block; height:auto;\">\n\t\t\n<style>\n#gap-17695395 {\n  padding-top: 30px;\n}\n<\/style>\n\t<\/div>\n\t\n\n\n\t\t<\/div>\n\t\t\t\t\t<\/div>\n\n\t\n\n<\/div>\n\n\t\t<\/div>\n\n\t\t\n<style>\n#section_659308795 {\n  padding-top: 30px;\n  padding-bottom: 30px;\n  min-height: 350px;\n}\n#section_659308795 .section-bg-overlay {\n  background-color: rgba(0, 0, 0, 0.355);\n}\n#section_659308795 .section-bg img {\n  object-position: 47% 30%;\n}\n@media (min-width:550px) {\n  #section_659308795 {\n    min-height: 600px;\n  }\n}\n<\/style>\n\t<\/section>\n\t\n\n\t<section class=\"section\" id=\"section_1024281226\">\n\t\t<div class=\"section-bg fill\" >\n\t\t\t\t\t\t\t\t\t\n\t\t\t\n\n\t\t<\/div>\n\n\t\t\n\n\t\t<div class=\"section-content relative\">\n\t\t\t\n\n<div class=\"row\"  id=\"row-916125442\">\n\n\n\t<div id=\"col-1612775075\" class=\"col small-12 large-12\"  >\n\t\t\t\t<div class=\"col-inner text-center\"  >\n\t\t\t\n\t\t\t\n\n<h3>Nar\u0161ykite \u017eini\u0173 baz\u0119<\/h3>\n\n\t\t<\/div>\n\t\t\t\t\t<\/div>\n\n\t\n\n<\/div>\n<div class=\"row align-equal row-box-shadow-2-hover\"  id=\"row-580248763\">\n\n\n\t<div id=\"col-645798220\" class=\"col medium-6 small-12 large-4\"  data-animate=\"bounceInUp\">\n\t\t\t\t<div class=\"col-inner\"  >\n\t\t\t\n\t\t\t\n\n\n\t<a class=\"plain\" href=\"https:\/\/goodmoodmeals.com\/shipping-delivery-of-goods\/\" >\t<div class=\"icon-box featured-box icon-box-center text-center\"  >\n\t\t\t\t\t<div class=\"icon-box-img\" style=\"width: 48px\">\n\t\t\t\t<div class=\"icon\">\n\t\t\t\t\t<div class=\"icon-inner\" >\n\t\t\t\t\t\t\t\t\t\t\t<\/div>\n\t\t\t\t<\/div>\n\t\t\t<\/div>\n\t\t\t\t<div class=\"icon-box-text last-reset\">\n\t\t\t\t\t\t\t\t\t\n\n<h3>Pristatymas<\/h3>\n\n\t\t<\/div>\n\t<\/div>\n\t<\/a>\n\t\n\n\t\t<\/div>\n\t\t\t\t\t<\/div>\n\n\t\n\n\t<div id=\"col-354079487\" class=\"col medium-6 small-12 large-4\"  data-animate=\"bounceInUp\">\n\t\t\t\t<div class=\"col-inner\"  >\n\t\t\t\n\t\t\t\n\n\n\t<a class=\"plain\" href=\"https:\/\/goodmoodmeals.com\/payments\/\" >\t<div class=\"icon-box featured-box icon-box-center text-center\"  >\n\t\t\t\t\t<div class=\"icon-box-img\" style=\"width: 48px\">\n\t\t\t\t<div class=\"icon\">\n\t\t\t\t\t<div class=\"icon-inner\" >\n\t\t\t\t\t\t\t\t\t\t\t<\/div>\n\t\t\t\t<\/div>\n\t\t\t<\/div>\n\t\t\t\t<div class=\"icon-box-text last-reset\">\n\t\t\t\t\t\t\t\t\t\n\n<h3>Mok\u0117jimai<\/h3>\n\n\t\t<\/div>\n\t<\/div>\n\t<\/a>\n\t\n\n\t\t<\/div>\n\t\t\t\t\t<\/div>\n\n\t\n\n\t<div id=\"col-2036398562\" class=\"col medium-6 small-12 large-4\"  data-animate=\"bounceInUp\">\n\t\t\t\t<div class=\"col-inner\"  >\n\t\t\t\n\t\t\t\n\n\n\t<a class=\"plain\" href=\"https:\/\/goodmoodmeals.com\/refund_returns\/\" >\t<div class=\"icon-box featured-box icon-box-center text-center\"  >\n\t\t\t\t\t<div class=\"icon-box-img\" style=\"width: 48px\">\n\t\t\t\t<div class=\"icon\">\n\t\t\t\t\t<div class=\"icon-inner\" >\n\t\t\t\t\t\t\t\t\t\t\t<\/div>\n\t\t\t\t<\/div>\n\t\t\t<\/div>\n\t\t\t\t<div class=\"icon-box-text last-reset\">\n\t\t\t\t\t\t\t\t\t\n\n<h3>Gr\u0105\u017eina<\/h3>\n\n\t\t<\/div>\n\t<\/div>\n\t<\/a>\n\t\n\n\t\t<\/div>\n\t\t\t\t\t<\/div>\n\n\t\n\n\t<div id=\"col-612286638\" class=\"col medium-6 small-12 large-4\"  data-animate=\"bounceInUp\">\n\t\t\t\t<div class=\"col-inner\"  >\n\t\t\t\n\t\t\t\n\n\n\t<a class=\"plain\" href=\"https:\/\/goodmoodmeals.com\/my-account\/orders\/\" >\t<div class=\"icon-box featured-box icon-box-center text-center\"  >\n\t\t\t\t\t<div class=\"icon-box-img\" style=\"width: 48px\">\n\t\t\t\t<div class=\"icon\">\n\t\t\t\t\t<div class=\"icon-inner\" >\n\t\t\t\t\t\t\t\t\t\t\t<\/div>\n\t\t\t\t<\/div>\n\t\t\t<\/div>\n\t\t\t\t<div class=\"icon-box-text last-reset\">\n\t\t\t\t\t\t\t\t\t\n\n<h3>U\u017esakymai<\/h3>\n\n\t\t<\/div>\n\t<\/div>\n\t<\/a>\n\t\n\n\t\t<\/div>\n\t\t\t\t\t<\/div>\n\n\t\n\n\t<div id=\"col-417794797\" class=\"col medium-6 small-12 large-4\"  data-animate=\"bounceInUp\">\n\t\t\t\t<div class=\"col-inner\"  >\n\t\t\t\n\t\t\t\n\n\n\t<a class=\"plain\" href=\"https:\/\/goodmoodmeals.com\/my-account\/edit-account\/\" >\t<div class=\"icon-box featured-box icon-box-center text-center\"  >\n\t\t\t\t\t<div class=\"icon-box-img\" style=\"width: 48px\">\n\t\t\t\t<div class=\"icon\">\n\t\t\t\t\t<div class=\"icon-inner\" >\n\t\t\t\t\t\t\t\t\t\t\t<\/div>\n\t\t\t\t<\/div>\n\t\t\t<\/div>\n\t\t\t\t<div class=\"icon-box-text last-reset\">\n\t\t\t\t\t\t\t\t\t\n\n<h3>S\u0105skaita<\/h3>\n\n\t\t<\/div>\n\t<\/div>\n\t<\/a>\n\t\n\n\t\t<\/div>\n\t\t\t\t\t<\/div>\n\n\t\n\n\t<div id=\"col-661246625\" class=\"col medium-6 small-12 large-4\"  data-animate=\"bounceInUp\">\n\t\t\t\t<div class=\"col-inner\"  >\n\t\t\t\n\t\t\t\n\n\n\t<a class=\"plain\" href=\"https:\/\/goodmoodmeals.com\/terms-and-conditions\/\" >\t<div class=\"icon-box featured-box icon-box-center text-center\"  >\n\t\t\t\t\t<div class=\"icon-box-img\" style=\"width: 48px\">\n\t\t\t\t<div class=\"icon\">\n\t\t\t\t\t<div class=\"icon-inner\" >\n\t\t\t\t\t\t\t\t\t\t\t<\/div>\n\t\t\t\t<\/div>\n\t\t\t<\/div>\n\t\t\t\t<div class=\"icon-box-text last-reset\">\n\t\t\t\t\t\t\t\t\t\n\n<h3>S\u0105lygos<\/h3>\n\n\t\t<\/div>\n\t<\/div>\n\t<\/a>\n\t\n\n\t\t<\/div>\n\t\t\t\t\t<\/div>\n\n\t\n\n\n<style>\n#row-580248763 > .col > .col-inner {\n  padding: 40px 40px 40px 40px;\n  background-color: rgb(255,255,255);\n  border-radius: 20px;\n}\n<\/style>\n<\/div>\n\n\t\t<\/div>\n\n\t\t\n<style>\n#section_1024281226 {\n  padding-top: 60px;\n  padding-bottom: 60px;\n  background-color: rgb(250, 250, 250);\n}\n<\/style>\n\t<\/section>\n\t\n\n\t<section class=\"section\" id=\"section_1784428150\">\n\t\t<div class=\"section-bg fill\" >\n\t\t\t\t\t\t\t\t\t\n\t\t\t\n\n\t\t<\/div>\n\n\t\t\n\n\t\t<div class=\"section-content relative\">\n\t\t\t\n\n<div class=\"row\"  id=\"row-861355947\">\n\n\n\t<div id=\"col-1916613059\" class=\"col small-12 large-12\"  >\n\t\t\t\t<div class=\"col-inner text-center\"  >\n\t\t\t\n\t\t\t\n\n<h3>Aktual\u016bs straipsniai<\/h3>\n\n\t\t<\/div>\n\t\t\t\t\t<\/div>\n\n\t\n\n<\/div>\n<div class=\"row\"  id=\"row-1516847576\">\n\n\n\t<div id=\"col-1830195299\" class=\"col medium-12 small-12 large-6\"  >\n\t\t\t\t<div class=\"col-inner\"  >\n\t\t\t\n\t\t\t\n\n<div class=\"accordion\">\n\n\t<div id=\"accordion-2488008416\" class=\"accordion-item\">\n\t\t<a id=\"accordion-2488008416-label\" class=\"accordion-title plain\" href=\"#accordion-item-kaip-tai-gaminama\" aria-expanded=\"false\" aria-controls=\"accordion-2488008416-content\">\n\t\t\t<button class=\"toggle\" aria-label=\"Toggle\"><i class=\"icon-angle-down\" aria-hidden=\"true\"><\/i><\/button>\n\t\t\t<span>Kaip tai gaminama<\/span>\n\t\t<\/a>\n\t\t<div id=\"accordion-2488008416-content\" class=\"accordion-inner\" aria-labelledby=\"accordion-2488008416-label\">\n\t\t\t\n\n<p>\u201eGood Mood Meals\u201c did\u017eiuojam\u0117s kiekvienu proceso etapu, kad gal\u0117tume pasi\u016blyti skanius, maistingus ir bet kokiam nuotykiui tinkamus patiekalus.<\/p>\n<ol>\n<li><strong>\u0160vie\u017ei ingredientai<\/strong>: Pradedame nuo auk\u0161tos kokyb\u0117s \u0161vie\u017ei\u0173 ingredient\u0173, atrinkt\u0173 d\u0117l j\u0173 skonio ir maistin\u0117s vert\u0117s.<\/li>\n<li>Nam\u0173 stiliaus gamyba: Visi patiekalai kruop\u0161\u010diai ruo\u0161iami ir gaminami m\u016bs\u0173 pa\u010di\u0173 gamybos patalpose, u\u017etikrinant geriausi\u0105 skon\u012f ir kokyb\u0119 kiekviename patiekale.<\/li>\n<li>Liofilizavimo procesas: Kai patiekalai paruo\u0161iami iki tobulumo, jie liofilizuojami m\u016bs\u0173 gamybos patalpose naudojant pa\u017eangi\u0105 technologij\u0105. \u0160is procesas pa\u0161alina dr\u0117gm\u0119, kartu i\u0161saugodamas maistines med\u017eiagas, skon\u012f ir tekst\u016br\u0105. <\/li>\n<li>Pakuot\u0117: Liofilizuoti patiekalai sandariai supakuojami \u012f lengvas, orui nepralaid\u017eias pakuotes, kad i\u0161likt\u0173 \u0161vie\u017ei, b\u016bt\u0173 lengvai transportuojami ir paruo\u0161ti tada, kai j\u0173 prireikia.<\/li>\n<\/ol>\n<p>Su \u201eGood Mood Meals\u201c gaunate visaver\u010dius, nam\u0173 stiliaus patiekalus, puikiai i\u0161saugotus kitam j\u016bs\u0173 nuotykiui \u2014 tiesiog \u012fpilkite vandens ir m\u0117gaukit\u0117s!<\/p>\n\n\t\t<\/div>\n\t<\/div>\n\t\n\t<div id=\"accordion-1058482541\" class=\"accordion-item\">\n\t\t<a id=\"accordion-1058482541-label\" class=\"accordion-title plain\" href=\"#accordion-item-kas-yra-liofilizacija?\" aria-expanded=\"false\" aria-controls=\"accordion-1058482541-content\">\n\t\t\t<button class=\"toggle\" aria-label=\"Toggle\"><i class=\"icon-angle-down\" aria-hidden=\"true\"><\/i><\/button>\n\t\t\t<span>Kas yra liofilizacija?<\/span>\n\t\t<\/a>\n\t\t<div id=\"accordion-1058482541-content\" class=\"accordion-inner\" aria-labelledby=\"accordion-1058482541-label\">\n\t\t\t\n\n<p>&#8222;Good Mood Meals&#8221; koncepcija &#8211; d\u017eiovinimas \u0161altyje. \u0160io proceso metu vanduo i\u0161 ledo tiesiogiai sublimuojamas \u012f garus, aplenkiant skyst\u0105j\u0105 b\u016bsen\u0105, o tada vanduo pa\u0161alinamas i\u0161 sauso sluoksnio. Taip i\u0161saugoma apie 97 % maistin\u0117s patiekal\u0173 vert\u0117s ir u\u017etikrinamas iki 7 met\u0173 galiojimo laikas.  <\/p>\n\n\t\t<\/div>\n\t<\/div>\n\t\n\t<div id=\"accordion-1304286030\" class=\"accordion-item\">\n\t\t<a id=\"accordion-1304286030-label\" class=\"accordion-title plain\" href=\"#accordion-item-kaip-paruo\u0161ti-produktus?\" aria-expanded=\"false\" aria-controls=\"accordion-1304286030-content\">\n\t\t\t<button class=\"toggle\" aria-label=\"Toggle\"><i class=\"icon-angle-down\" aria-hidden=\"true\"><\/i><\/button>\n\t\t\t<span>Kaip paruo\u0161ti produktus?<\/span>\n\t\t<\/a>\n\t\t<div id=\"accordion-1304286030-content\" class=\"accordion-inner\" aria-labelledby=\"accordion-1304286030-label\">\n\t\t\t\n\n<div style=\"width: 700px;\" class=\"wp-video\"><video class=\"wp-video-shortcode\" id=\"video-8393-1\" width=\"700\" height=\"700\" preload=\"metadata\" controls=\"controls\"><source type=\"video\/mp4\" src=\"https:\/\/goodmoodmeals.com\/wp-content\/uploads\/2024\/10\/gmm_velo_ver2-copy-RESIZE-Videobolt.net_.mp4?_=1\" \/><a href=\"https:\/\/goodmoodmeals.com\/wp-content\/uploads\/2024\/10\/gmm_velo_ver2-copy-RESIZE-Videobolt.net_.mp4\">https:\/\/goodmoodmeals.com\/wp-content\/uploads\/2024\/10\/gmm_velo_ver2-copy-RESIZE-Videobolt.net_.mp4<\/a><\/video><\/div>\n\t<div id=\"text-3354103137\" class=\"text\">\n\t\t\n\n\n\t\t\n<style>\n#text-3354103137 {\n  font-size: 0.95rem;\n  text-align: center;\n}\n<\/style>\n\t<\/div>\n\t\n\n\t\t<\/div>\n\t<\/div>\n\t\n\t<div id=\"accordion-3843979558\" class=\"accordion-item\">\n\t\t<a id=\"accordion-3843979558-label\" class=\"accordion-title plain\" aria-expanded=\"false\" aria-controls=\"accordion-3843979558-content\">\n\t\t\t<button class=\"toggle\" aria-label=\"Toggle\"><i class=\"icon-angle-down\" aria-hidden=\"true\"><\/i><\/button>\n\t\t\t<span>Liofilizuota ir d\u017eiovinta: kuo skiriasi?<\/span>\n\t\t<\/a>\n\t\t<div id=\"accordion-3843979558-content\" class=\"accordion-inner\" aria-labelledby=\"accordion-3843979558-label\">\n\t\t\t\n\n\n  \n    <div id=\"row-409204502\" class=\"slider slider-auto-height row-collapse slider-nav-circle\" data-flickity-options='{&quot;imagesLoaded&quot;: true, &quot;dragThreshold&quot; : 5, &quot;cellAlign&quot;: &quot;left&quot;,&quot;wrapAround&quot;: true,&quot;prevNextButtons&quot;: true,&quot;percentPosition&quot;: true,&quot;pageDots&quot;: false, &quot;rightToLeft&quot;: false, &quot;autoPlay&quot; : false}'>\n\n  <div class=\"col post-item\" >\n\t\t\t<div class=\"col-inner\">\n\t\t\t\t<div class=\"box box-overlay dark box-text-bottom box-blog-post has-hover\">\n            \t\t\t\t\t<div class=\"box-image\" >\n  \t\t\t\t\t\t<div class=\"image-overlay-remove image-cover\" style=\"padding-top:56%;\">\n\t\t\t\t\t\t\t<a href=\"https:\/\/goodmoodmeals.com\/lt\/freeze-dried-meals-vs-dehydrated-meals-what-sets-them-apart\/\" class=\"plain\" aria-label=\"Freeze-Dried Meals vs. Dehydrated Meals: What Sets Them Apart?\">\n\t\t\t\t\t\t\t\t<img decoding=\"async\" width=\"1020\" height=\"534\" src=\"https:\/\/goodmoodmeals.com\/wp-content\/uploads\/2024\/12\/Difference-And-Comparison-Between-Coffee-And-Tea-Facebook-Post-1200-x-628-px-1-1024x536.png\" class=\"attachment-large size-large wp-post-image\" alt=\"\" srcset=\"https:\/\/goodmoodmeals.com\/wp-content\/uploads\/2024\/12\/Difference-And-Comparison-Between-Coffee-And-Tea-Facebook-Post-1200-x-628-px-1-1024x536.png 1024w, https:\/\/goodmoodmeals.com\/wp-content\/uploads\/2024\/12\/Difference-And-Comparison-Between-Coffee-And-Tea-Facebook-Post-1200-x-628-px-1-300x157.png 300w, https:\/\/goodmoodmeals.com\/wp-content\/uploads\/2024\/12\/Difference-And-Comparison-Between-Coffee-And-Tea-Facebook-Post-1200-x-628-px-1-768x402.png 768w, https:\/\/goodmoodmeals.com\/wp-content\/uploads\/2024\/12\/Difference-And-Comparison-Between-Coffee-And-Tea-Facebook-Post-1200-x-628-px-1-1536x804.png 1536w, https:\/\/goodmoodmeals.com\/wp-content\/uploads\/2024\/12\/Difference-And-Comparison-Between-Coffee-And-Tea-Facebook-Post-1200-x-628-px-1-510x267.png 510w, https:\/\/goodmoodmeals.com\/wp-content\/uploads\/2024\/12\/Difference-And-Comparison-Between-Coffee-And-Tea-Facebook-Post-1200-x-628-px-1.png 1200w\" sizes=\"(max-width: 1020px) 100vw, 1020px\" \/>\t\t\t\t\t\t\t<\/a>\n  \t\t\t\t\t\t\t<div class=\"overlay\" style=\"background-color: rgba(0, 0, 0, 0.09)\"><\/div>  \t\t\t\t\t\t\t  \t\t\t\t\t\t<\/div>\n  \t\t\t\t\t\t  \t\t\t\t\t<\/div>\n          \t\t\t\t\t<div class=\"box-text show-on-hover hover-bounce text-center is-large\" style=\"padding:10% 0px 10% 0px;\">\n\t\t\t\t\t<div class=\"box-text-inner blog-post-inner\">\n\n\t\t\t\t\t\n\t\t\t\t\t\t\t\t\t\t\t<p class=\"cat-label tag-label is-xxsmall op-7 uppercase\">\n\t\t\t\t\tTinklara\u0161tis \t\t\t\t\t<\/p>\n\t\t\t\t\t\t\t\t\t\t<h5 class=\"post-title is-large \">\n\t\t\t\t\t\t<a href=\"https:\/\/goodmoodmeals.com\/lt\/freeze-dried-meals-vs-dehydrated-meals-what-sets-them-apart\/\" class=\"plain\">Freeze-Dried Meals vs. Dehydrated Meals: What Sets Them Apart?<\/a>\n\t\t\t\t\t<\/h5>\n\t\t\t\t\t<div class=\"post-meta is-small op-8\">2 gruod\u017eio, 2024<\/div>\t\t\t\t\t<div class=\"is-divider\"><\/div>\n\t\t\t\t\t                    \n\t\t\t\t\t\n\t\t\t\t\t\n\t\t\t\t\t<\/div>\n\t\t\t\t\t<\/div>\n\t\t\t\t\t\t\t\t\t<\/div>\n\t\t\t<\/div>\n\t\t<\/div><\/div>\n\n\n\t\t<\/div>\n\t<\/div>\n\t\n\n<\/div>\n\n\t\t<\/div>\n\t\t\t\t\t<\/div>\n\n\t\n\n\t<div id=\"col-1282786373\" class=\"col medium-12 small-12 large-6\"  >\n\t\t\t\t<div class=\"col-inner\"  >\n\t\t\t\n\t\t\t\n\n<div class=\"accordion\">\n\n\t<div id=\"accordion-372289572\" class=\"accordion-item\">\n\t\t<a id=\"accordion-372289572-label\" class=\"accordion-title plain\" href=\"#accordion-item-k\u0105-daryti,-jei-reikia-pakeisti-pristatymo-adres\u0105?\" aria-expanded=\"false\" aria-controls=\"accordion-372289572-content\">\n\t\t\t<button class=\"toggle\" aria-label=\"Toggle\"><i class=\"icon-angle-down\" aria-hidden=\"true\"><\/i><\/button>\n\t\t\t<span>K\u0105 daryti, jei reikia pakeisti pristatymo adres\u0105?<\/span>\n\t\t<\/a>\n\t\t<div id=\"accordion-372289572-content\" class=\"accordion-inner\" aria-labelledby=\"accordion-372289572-label\">\n\t\t\t\n\n<p>Jei reikia atnaujinti pristatymo adres\u0105, kuo grei\u010diau susisiekite su m\u016bs\u0173 klient\u0173 aptarnavimo komanda. Jei j\u016bs\u0173 u\u017esakymas nebuvo i\u0161si\u0173stas, atnaujinsime byloje esant\u012f adres\u0105. Jei u\u017esakymas jau i\u0161si\u0173stas, stengsim\u0117s pad\u0117ti, ta\u010diau pakeisti adres\u0105 ne visada \u012fmanoma.  <\/p>\n\n\t\t<\/div>\n\t<\/div>\n\t\n\t<div id=\"accordion-557223061\" class=\"accordion-item\">\n\t\t<a id=\"accordion-557223061-label\" class=\"accordion-title plain\" href=\"#accordion-item-kas-vyksta-su-mano-asmens-duomenimis?\" aria-expanded=\"false\" aria-controls=\"accordion-557223061-content\">\n\t\t\t<button class=\"toggle\" aria-label=\"Toggle\"><i class=\"icon-angle-down\" aria-hidden=\"true\"><\/i><\/button>\n\t\t\t<span>Kas vyksta su mano asmens duomenimis?<\/span>\n\t\t<\/a>\n\t\t<div id=\"accordion-557223061-content\" class=\"accordion-inner\" aria-labelledby=\"accordion-557223061-label\">\n\t\t\t\n\n<p>Renkame tik b\u016btinus duomenis, kad gal\u0117tume apdoroti u\u017esakymus ir pagerinti j\u016bs\u0173 patirt\u012f. J\u016bs\u0173 informacija niekada nesidalijame ir neparduodame, be to, laikom\u0117s grie\u017et\u0173 saugumo priemoni\u0173. I\u0161samesn\u0117s informacijos rasite m\u016bs\u0173 <a href=\"https:\/\/goodmoodmeals.com\/privacy-policy\/\">privatumo politikoje<\/a>.  <\/p>\n\n\t\t<\/div>\n\t<\/div>\n\t\n\t<div id=\"accordion-1724321821\" class=\"accordion-item\">\n\t\t<a id=\"accordion-1724321821-label\" class=\"accordion-title plain\" href=\"#accordion-item-ar-galiu-gauti-pristatym\u0105-t\u0105-pa\u010di\u0105-dien\u0105?\" aria-expanded=\"false\" aria-controls=\"accordion-1724321821-content\">\n\t\t\t<button class=\"toggle\" aria-label=\"Toggle\"><i class=\"icon-angle-down\" aria-hidden=\"true\"><\/i><\/button>\n\t\t\t<span>Ar galiu gauti pristatym\u0105 t\u0105 pa\u010di\u0105 dien\u0105?<\/span>\n\t\t<\/a>\n\t\t<div id=\"accordion-1724321821-content\" class=\"accordion-inner\" aria-labelledby=\"accordion-1724321821-label\">\n\t\t\t\n\n<p data-start=\"0\" data-end=\"199\">\u0160iuo metu pristatymo t\u0105 pa\u010di\u0105 dien\u0105 nesi\u016blome. Standartinis pristatymo laikas priklauso nuo j\u016bs\u0173 vietos, ta\u010diau stengiam\u0117s u\u017esakymus apdoroti ir i\u0161si\u0173sti kuo grei\u010diau \u2014 ne v\u0117liau kaip per 24 valandas. <\/p>\n<p data-start=\"201\" data-end=\"370\" data-is-last-node=\"\">D\u0117l greitesnio pristatymo galimybi\u0173 per\u017ei\u016br\u0117kite galimus pristatymo b\u016bdus atsiskaitymo metu arba susisiekite su mumis el. pa\u0161tu ar telefonu:<a rel=\"noopener\" data-start=\"325\" data-end=\"347\"> info@goodmoodmeals.com<\/a> | <strong data-start=\"352\" data-end=\"369\">+371 20018946<\/strong>.<\/p>\n\n\t\t<\/div>\n\t<\/div>\n\t\n\n<\/div>\n\n\t\t<\/div>\n\t\t\t\t\t<\/div>\n\n\t\n\n<\/div>\n<div class=\"row\"  id=\"row-1207956075\">\n\n\n\t<div id=\"col-1580513020\" class=\"col small-12 large-12\"  >\n\t\t\t\t<div class=\"col-inner text-center\" style=\"background-color:rgb(255, 255, 255);\" >\n\t\t\t\n\t\t\t\n\n<h3>  Vis dar turite klausim\u0173?<br><\/h3>\n<p>Nor\u0117dami gauti daugiau informacijos, susisiekite su mumis.<\/p>\n<a href=\"https:\/\/goodmoodmeals.com\/support\/\" class=\"button primary\" style=\"border-radius:5px;padding:10px 30px 10px 30px;\">\n\t\t<span>Susisiekite su mumis<\/span>\n\t<\/a>\n\n\n\n\t\t<\/div>\n\t\t\t\t\n<style>\n#col-1580513020 > .col-inner {\n  padding: 40px 40px 40px 40px;\n  margin: 40px 0px 0px 0px;\n  border-radius: 20px;\n}\n<\/style>\n\t<\/div>\n\n\t\n\n<\/div>\n\n\t\t<\/div>\n\n\t\t\n<style>\n#section_1784428150 {\n  padding-top: 80px;\n  padding-bottom: 80px;\n}\n<\/style>\n\t<\/section>\n\t\n\n","protected":false},"excerpt":{"rendered":"","protected":false},"author":1,"featured_media":0,"parent":0,"menu_order":0,"comment_status":"closed","ping_status":"closed","template":"page-blank.php","meta":{"footnotes":""},"class_list":["post-8393","page","type-page","status-publish","hentry"],"_links":{"self":[{"href":"https:\/\/goodmoodmeals.com\/lt\/wp-json\/wp\/v2\/pages\/8393","targetHints":{"allow":["GET"]}}],"collection":[{"href":"https:\/\/goodmoodmeals.com\/lt\/wp-json\/wp\/v2\/pages"}],"about":[{"href":"https:\/\/goodmoodmeals.com\/lt\/wp-json\/wp\/v2\/types\/page"}],"author":[{"embeddable":true,"href":"https:\/\/goodmoodmeals.com\/lt\/wp-json\/wp\/v2\/users\/1"}],"replies":[{"embeddable":true,"href":"https:\/\/goodmoodmeals.com\/lt\/wp-json\/wp\/v2\/comments?post=8393"}],"version-history":[{"count":1,"href":"https:\/\/goodmoodmeals.com\/lt\/wp-json\/wp\/v2\/pages\/8393\/revisions"}],"predecessor-version":[{"id":8394,"href":"https:\/\/goodmoodmeals.com\/lt\/wp-json\/wp\/v2\/pages\/8393\/revisions\/8394"}],"wp:attachment":[{"href":"https:\/\/goodmoodmeals.com\/lt\/wp-json\/wp\/v2\/media?parent=8393"}],"curies":[{"name":"wp","href":"https:\/\/api.w.org\/{rel}","templated":true}]}}