{"id":8375,"date":"2024-10-17T10:58:19","date_gmt":"2024-10-17T07:58:19","guid":{"rendered":"https:\/\/goodmoodmeals.com\/apie-mus\/"},"modified":"2026-05-06T18:18:19","modified_gmt":"2026-05-06T15:18:19","slug":"apie-mus","status":"publish","type":"page","link":"https:\/\/goodmoodmeals.com\/lt\/apie-mus\/","title":{"rendered":"Apie mus"},"content":{"rendered":"\n\n\t<section class=\"section\" id=\"section_1819458247\">\n\t\t<div class=\"section-bg fill\" >\n\t\t\t\t\t\t\t\t\t\n\t\t\t\n\n\t\t<\/div>\n\n\t\t\n\n\t\t<div class=\"section-content relative\">\n\t\t\t\n\n\n\n<section class=\"gmm-about-page\">\n  <div class=\"gmm-about-container\">\n\n    <div class=\"gmm-about-hero\">\n      <span class=\"gmm-about-eyebrow\">KAS MES ESAME<\/span>\n      <h1>Apie mus<\/h1>\n      <p class=\"gmm-about-intro\">\n        Good Mood Meals suk\u016br\u0117me remdamiesi viena paprasta mintimi:<br>\n        tikras nuotyki\u0173 maistas turi skoniu priminti tikr\u0105 maist\u0105.\n      <\/p>\n    <\/div>\n\n    <div class=\"gmm-about-story-wrap\">\n\n      <div class=\"gmm-about-brand-block\">\n        <div class=\"gmm-brand-card\">\n          <img decoding=\"async\" src=\"https:\/\/goodmoodmeals.com\/wp-content\/uploads\/2024\/10\/gmmLogoFooter.svg\" alt=\"Good Mood Meals logo\" class=\"gmm-brand-logo\">\n\n          <div class=\"gmm-company-details\">\n            <h3>\u012emon\u0117s duomenys<\/h3>\n\n            <p><strong>JSC \u201eROGA-AGRO\u201c<\/strong><\/p>\n\n            <p>\n              Registracijos Nr.: 40003101668<br>\n              PVM mok\u0117tojo kodas: LV40003101668\n            <\/p>\n\n            <p>\n              L\u012bvzemes g. 11\/13<br>\n              Salaspilis, Salaspilio savivaldyb\u0117<br>\n              LV-2169, Latvija\n            <\/p>\n\n            <p>\n  Telefonas: <a href=\"tel:+37120018946\">+371 20018946<\/a><br>\n  El. pa\u0161tas: <a href=\"mailto:info@goodmoodmeals.com\">info@goodmoodmeals.com<\/a>\n<\/p>\n          <\/div>\n\n          <p class=\"gmm-brand-caption\">\n            Tikras maistas. Tiesiog lengvesnis.\n          <\/p>\n\n          <div class=\"gmm-socials\">\n            <a href=\"https:\/\/www.instagram.com\/goodmoodmeals\/\" target=\"_blank\" rel=\"noopener noreferrer\" aria-label=\"Instagram\">Instagram<\/a>\n            <a href=\"https:\/\/www.facebook.com\/goodmoodmeals\/\" target=\"_blank\" rel=\"noopener noreferrer\" aria-label=\"Facebook\">Facebook<\/a>\n            <a href=\"https:\/\/www.youtube.com\/@GoodMoodMeals\" target=\"_blank\" rel=\"noopener noreferrer\" aria-label=\"YouTube\">YouTube<\/a>\n            <a href=\"https:\/\/www.linkedin.com\/company\/goodmoodmeals\" target=\"_blank\" rel=\"noopener noreferrer\" aria-label=\"LinkedIn\">LinkedIn<\/a>\n          <\/div>\n        <\/div>\n      <\/div>\n\n      <div class=\"gmm-about-story\">\n        <span class=\"gmm-story-badge\">Kaip viskas prasid\u0117jo<\/span>\n        <h2>Sukurta remiantis patirtimi. Pritaikyta tikram gyvenimui.<\/h2>\n\n        <p>\n          Tur\u0117dami daugiau nei 30 met\u0173 patirties maisto gamyboje, MRE sprendimuose ir \u017eem\u0117s \u016bkyje, suk\u016br\u0117me Good Mood Meals tam, kad pasi\u016blytume geresn\u012f pasirinkim\u0105: prakti\u0161k\u0105, ilgai i\u0161liekant\u012f ir i\u0161 ties\u0173 malon\u0173 valgyti maist\u0105.\n        <\/p>\n\n        <p>\n          Tikime, kad patogus maistas netur\u0117t\u0173 b\u016bti kompromisas. Nesvarbu, ar esate gamtoje, keliaujate, dirbate ilgas valandas, ruo\u0161iat\u0117s netik\u0117toms situacijoms ar tiesiog neturite daug laiko \u2014 j\u016bs vis tiek nusipelnote tikro maisto.\n        <\/p>\n\n        <p>\n          Sujungdami gilias gamybos \u017einias su pa\u017eangia liofilizavimo technologija, gaminame patiekalus, kurie yra lengvi, lengvai laikomi ir paruo\u0161ti tada, kai j\u0173 reikia \u2014 be konservant\u0173, be nereikaling\u0173 pried\u0173 ir be speciali\u0173 laikymo s\u0105lyg\u0173.\n        <\/p>\n\n        <p class=\"gmm-about-highlight\">\n          Good Mood Meals suteikia tikrus ingredientus, subalansuot\u0105 maistingum\u0105 ir patikim\u0105 patogum\u0105 \u2014 kad ir kur jus nuvest\u0173 gyvenimas.\n        <\/p>\n      <\/div>\n    <\/div>\n\n    <div class=\"gmm-about-values\">\n      <div class=\"gmm-value-card\">\n        <h3>Tikras maistas. Tiesiog lengvesnis.<\/h3>\n        <p>\n          Gaminame maist\u0105, kur\u012f i\u0161 tikr\u0173j\u0173 norisi valgyti \u2014 ne tik tok\u012f, kuris praver\u010dia ekstremaliose situacijose.\n        <\/p>\n      <\/div>\n\n      <div class=\"gmm-value-card\">\n        <h3>Pasiruo\u0161\u0119 \u017emon\u0117s gyvena ramiau<\/h3>\n        <p>\n          Ilgas galiojimo laikas ir paprastas laikymas suteikia daugiau atsparumo, padeda planuoti i\u0161maniau ir leid\u017eia jaustis ramiau.\n        <\/p>\n      <\/div>\n\n      <div class=\"gmm-value-card\">\n        <h3>S\u0105\u017eininga maisto technologija<\/h3>\n        <p>\n          Liofilizavimas padeda i\u0161saugoti skon\u012f, tekst\u016br\u0105 ir maistines med\u017eiagas, o patiekalai i\u0161lieka lengvi ir prakti\u0161ki.\n        <\/p>\n      <\/div>\n    <\/div>\n\n    <div class=\"gmm-about-stats\">\n      <div class=\"gmm-stat-card\">\n        <div class=\"gmm-stat-number\">30<\/div>\n        <div class=\"gmm-stat-text\">Met\u0173 patirtis maisto gamyboje<\/div>\n      <\/div>\n\n      <div class=\"gmm-stat-card\">\n        <div class=\"gmm-stat-number\">15<\/div>\n        <div class=\"gmm-stat-text\">Met\u0173 patirtis bendradarbiaujant karini\u0173 maisto davini\u0173 srityje<\/div>\n      <\/div>\n\n      <div class=\"gmm-stat-card\">\n        <div class=\"gmm-stat-number\">8<\/div>\n        <div class=\"gmm-stat-text\">Met\u0173 galiojimo laikas be speciali\u0173 laikymo s\u0105lyg\u0173<\/div>\n      <\/div>\n\n      <div class=\"gmm-stat-card\">\n        <div class=\"gmm-stat-number\">0<\/div>\n        <div class=\"gmm-stat-text\">Be konservant\u0173. Tik tikri ingredientai ir i\u0161mani technologija.<\/div>\n      <\/div>\n    <\/div>\n\n  <\/div>\n<\/section>\n\n\n\t\t<\/div>\n\n\t\t\n<style>\n#section_1819458247 {\n  padding-top: 0px;\n  padding-bottom: 0px;\n}\n<\/style>\n\t<\/section>\n\t\n\n","protected":false},"excerpt":{"rendered":"","protected":false},"author":1,"featured_media":0,"parent":0,"menu_order":0,"comment_status":"closed","ping_status":"closed","template":"page-blank.php","meta":{"footnotes":""},"class_list":["post-8375","page","type-page","status-publish","hentry"],"_links":{"self":[{"href":"https:\/\/goodmoodmeals.com\/lt\/wp-json\/wp\/v2\/pages\/8375","targetHints":{"allow":["GET"]}}],"collection":[{"href":"https:\/\/goodmoodmeals.com\/lt\/wp-json\/wp\/v2\/pages"}],"about":[{"href":"https:\/\/goodmoodmeals.com\/lt\/wp-json\/wp\/v2\/types\/page"}],"author":[{"embeddable":true,"href":"https:\/\/goodmoodmeals.com\/lt\/wp-json\/wp\/v2\/users\/1"}],"replies":[{"embeddable":true,"href":"https:\/\/goodmoodmeals.com\/lt\/wp-json\/wp\/v2\/comments?post=8375"}],"version-history":[{"count":3,"href":"https:\/\/goodmoodmeals.com\/lt\/wp-json\/wp\/v2\/pages\/8375\/revisions"}],"predecessor-version":[{"id":8717,"href":"https:\/\/goodmoodmeals.com\/lt\/wp-json\/wp\/v2\/pages\/8375\/revisions\/8717"}],"wp:attachment":[{"href":"https:\/\/goodmoodmeals.com\/lt\/wp-json\/wp\/v2\/media?parent=8375"}],"curies":[{"name":"wp","href":"https:\/\/api.w.org\/{rel}","templated":true}]}}