{"id":7031,"date":"2026-01-19T17:43:04","date_gmt":"2026-01-19T15:43:04","guid":{"rendered":"https:\/\/goodmoodmeals.com\/product\/cremige-haehnchenpasta\/"},"modified":"2026-01-19T17:43:04","modified_gmt":"2026-01-19T15:43:04","slug":"cremige-haehnchenpasta","status":"publish","type":"product","link":"https:\/\/goodmoodmeals.com\/de\/product\/cremige-haehnchenpasta\/","title":{"rendered":"Cremige H\u00e4hnchenpasta"},"content":{"rendered":"<h3>Zutaten<\/h3>\n<p>Nudeln (45%, <strong>Hartweizengrie\u00df<\/strong>, Wasser), So\u00dfe (40%) (So\u00dfe: <strong>Schmelzk\u00e4se<\/strong> ( <strong>Quark<\/strong>, <strong>K\u00e4se<\/strong> 32,7%, s\u00fc\u00dfe Sahne, <strong>Milcheiwei\u00df<\/strong>, Wasser,<strong> Butter,<\/strong> Emulgatorsalz (E331)); Karotten; s\u00fc\u00dfe <strong>Sahne<\/strong>; Raps\u00f6l; <strong>Weizenmehl<\/strong>; Kartoffelst\u00e4rke; Zwiebeln; Salz; Petersilie; schwarzer Pfeffer), H\u00fchnerfleisch (20%).   <\/p>\n<h3>Allergene<\/h3>\n<p><strong>Enth\u00e4lt:<\/strong> Milch, Gluten<strong>(Weizen<\/strong>)<\/p>\n<p><strong>Kann Spuren enthalten von:<\/strong> Eier, Soja, Senf, Sesam, Andere Getreidearten.<\/p>\n<p><em>Hergestellt und verpackt in einer Anlage, die diese Allergene verarbeitet.<\/em><\/p>\n","protected":false},"excerpt":{"rendered":"<p><strong>Creamy Chicken Pasta &#8211; A Rich &amp; Comforting Meal von Good Mood Meals<\/strong><br \/>\nGenie\u00dfen Sie den k\u00f6stlich cremigen Geschmack der gefriergetrockneten Creamy Chicken Pasta mit zartem H\u00fchnerfleisch, Nudeln und einer milden K\u00e4sesauce mit Gem\u00fcse und Kr\u00e4utern. Leicht, lange haltbar und in Minutenschnelle zubereitet &#8211; perfekt f\u00fcr Camping, Wandern oder als Notvorrat. <\/p>\n<p>\u2713 8 Jahre Haltbarkeitsdauer<\/p>\n<p>\u2713 Leicht und schnell zuzubereiten<\/p>\n<p>\u2713 Cremig, herzhaft &amp; proteinreich<\/p>\n<p>\u2713 Keine K\u00fchlung erforderlich<\/p>\n","protected":false},"featured_media":6184,"comment_status":"open","ping_status":"closed","template":"","meta":[],"product_brand":[],"product_cat":[122,135],"product_tag":[],"class_list":{"0":"post-7031","1":"product","2":"type-product","3":"status-publish","4":"has-post-thumbnail","6":"product_cat-alle-produkte","7":"product_cat-hauptgerichte","9":"first","10":"instock","11":"taxable","12":"shipping-taxable","13":"purchasable","14":"product-type-simple"},"_links":{"self":[{"href":"https:\/\/goodmoodmeals.com\/de\/wp-json\/wp\/v2\/product\/7031","targetHints":{"allow":["GET"]}}],"collection":[{"href":"https:\/\/goodmoodmeals.com\/de\/wp-json\/wp\/v2\/product"}],"about":[{"href":"https:\/\/goodmoodmeals.com\/de\/wp-json\/wp\/v2\/types\/product"}],"replies":[{"embeddable":true,"href":"https:\/\/goodmoodmeals.com\/de\/wp-json\/wp\/v2\/comments?post=7031"}],"wp:featuredmedia":[{"embeddable":true,"href":"https:\/\/goodmoodmeals.com\/de\/wp-json\/wp\/v2\/media\/6184"}],"wp:attachment":[{"href":"https:\/\/goodmoodmeals.com\/de\/wp-json\/wp\/v2\/media?parent=7031"}],"wp:term":[{"taxonomy":"product_brand","embeddable":true,"href":"https:\/\/goodmoodmeals.com\/de\/wp-json\/wp\/v2\/product_brand?post=7031"},{"taxonomy":"product_cat","embeddable":true,"href":"https:\/\/goodmoodmeals.com\/de\/wp-json\/wp\/v2\/product_cat?post=7031"},{"taxonomy":"product_tag","embeddable":true,"href":"https:\/\/goodmoodmeals.com\/de\/wp-json\/wp\/v2\/product_tag?post=7031"}],"curies":[{"name":"wp","href":"https:\/\/api.w.org\/{rel}","templated":true}]}}