{"id":7030,"date":"2026-01-19T17:36:35","date_gmt":"2026-01-19T15:36:35","guid":{"rendered":"https:\/\/goodmoodmeals.com\/product\/buchweizen-mit-haehnchen-und-cremiger-sauce\/"},"modified":"2026-01-19T17:36:35","modified_gmt":"2026-01-19T15:36:35","slug":"buchweizen-mit-haehnchen-und-cremiger-sauce","status":"publish","type":"product","link":"https:\/\/goodmoodmeals.com\/de\/product\/buchweizen-mit-haehnchen-und-cremiger-sauce\/","title":{"rendered":"Buchweizen mit H\u00e4hnchen und cremiger Sauce"},"content":{"rendered":"<h3>Zutaten<\/h3>\n<p>Buchweizen (40%), So\u00dfe (40%) (So\u00dfe: <strong>Schmelzk\u00e4se<\/strong> ( <strong>Quark<\/strong>, <strong>K\u00e4se<\/strong> 32,7%, s\u00fc\u00dfe <strong> Sahne<\/strong>, <strong>Milcheiwei\u00df<\/strong>, Wasser, <strong>Butter<\/strong>, Emulgatorsalz (E331)); Karotten; s\u00fc\u00dfe <strong>Sahne<\/strong>; Raps\u00f6l; <strong>Weizenmehl<\/strong>; Kartoffelst\u00e4rke; Zwiebeln; Salz; Petersilie; schwarzer Pfeffer), H\u00fchnerfleisch (20%).   <\/p>\n<h3>Allergene<\/h3>\n<p><strong>Enth\u00e4lt:<\/strong> Milch, Gluten<strong>(Weizen<\/strong>)<\/p>\n<p><strong>Kann Spuren enthalten von:<\/strong> Eier, Soja, Senf, Sesam, Andere Getreidearten.<\/p>\n<p><em>Hergestellt und verpackt in einer Anlage, die diese Allergene verarbeitet.<\/em><\/p>\n","protected":false},"excerpt":{"rendered":"<p><strong>Creamy Chicken Buckwheat &#8211; A Hearty &amp; Comforting Meal von Good Mood Meals<\/strong><br \/>\nGenie\u00dfen Sie den reichhaltigen und cremigen Geschmack von gefriergetrocknetem Chicken Buckwheat mit gesundem Buchweizen, zartem H\u00fchnerfleisch und einer milden So\u00dfe mit Gem\u00fcse und Kr\u00e4utern. Leicht, lange haltbar und in wenigen Minuten zubereitet &#8211; perfekt f\u00fcr Camping, Wandern oder Notf\u00e4lle. <\/p>\n<p>\u2713 8 Jahre Haltbarkeitsdauer<\/p>\n<p>\u2713 Leicht und schnell zuzubereiten<\/p>\n<p>\u2713 Cremig &amp; s\u00e4ttigend<\/p>\n<p>\u2713 Keine K\u00fchlung erforderlich<\/p>\n","protected":false},"featured_media":6181,"comment_status":"open","ping_status":"closed","template":"","meta":[],"product_brand":[],"product_cat":[122,135],"product_tag":[],"class_list":{"0":"post-7030","1":"product","2":"type-product","3":"status-publish","4":"has-post-thumbnail","6":"product_cat-alle-produkte","7":"product_cat-hauptgerichte","9":"first","10":"instock","11":"taxable","12":"shipping-taxable","13":"purchasable","14":"product-type-simple"},"_links":{"self":[{"href":"https:\/\/goodmoodmeals.com\/de\/wp-json\/wp\/v2\/product\/7030","targetHints":{"allow":["GET"]}}],"collection":[{"href":"https:\/\/goodmoodmeals.com\/de\/wp-json\/wp\/v2\/product"}],"about":[{"href":"https:\/\/goodmoodmeals.com\/de\/wp-json\/wp\/v2\/types\/product"}],"replies":[{"embeddable":true,"href":"https:\/\/goodmoodmeals.com\/de\/wp-json\/wp\/v2\/comments?post=7030"}],"wp:featuredmedia":[{"embeddable":true,"href":"https:\/\/goodmoodmeals.com\/de\/wp-json\/wp\/v2\/media\/6181"}],"wp:attachment":[{"href":"https:\/\/goodmoodmeals.com\/de\/wp-json\/wp\/v2\/media?parent=7030"}],"wp:term":[{"taxonomy":"product_brand","embeddable":true,"href":"https:\/\/goodmoodmeals.com\/de\/wp-json\/wp\/v2\/product_brand?post=7030"},{"taxonomy":"product_cat","embeddable":true,"href":"https:\/\/goodmoodmeals.com\/de\/wp-json\/wp\/v2\/product_cat?post=7030"},{"taxonomy":"product_tag","embeddable":true,"href":"https:\/\/goodmoodmeals.com\/de\/wp-json\/wp\/v2\/product_tag?post=7030"}],"curies":[{"name":"wp","href":"https:\/\/api.w.org\/{rel}","templated":true}]}}