{"id":3513,"date":"2025-02-04T17:26:10","date_gmt":"2025-02-04T15:26:10","guid":{"rendered":"https:\/\/goodmoodmeals.com\/product\/vegetarian-lentil-soup\/"},"modified":"2025-02-13T14:18:55","modified_gmt":"2025-02-13T14:18:55","slug":"vegetarian-lentil-soup","status":"publish","type":"product","link":"https:\/\/goodmoodmeals.com\/de\/product\/vegetarian-lentil-soup\/","title":{"rendered":"Vegetarische Linsensuppe"},"content":{"rendered":"","protected":false},"excerpt":{"rendered":"<p data-start=\"2659\" data-end=\"2748\"><strong data-start=\"2659\" data-end=\"2746\">Vegetarische Linsensuppe \u2013 Eine nahrhafte &amp; s\u00e4ttigende Mahlzeit von Good Mood Meals<\/strong><\/p>\n<p data-start=\"2750\" data-end=\"3318\">Genie\u00dfen Sie den <strong data-start=\"2767\" data-end=\"2798\">reichhaltigen und w\u00e4rmenden<\/strong> Geschmack von <strong data-start=\"2813\" data-end=\"2882\">gefriergetrockneter vegetarischer Linsensuppe von Good Mood Meals<\/strong>, einer k\u00f6stlichen und vollwertigen Mahlzeit, ideal f\u00fcr Camping, Wandern oder die langfristige Lebensmittelaufbewahrung. Diese <strong data-start=\"3009\" data-end=\"3038\">leichte und lang haltbare<\/strong> Suppe ist reich an <strong data-start=\"3058\" data-end=\"3117\">proteinreichen Linsen, Gem\u00fcse und aromatischen Gew\u00fcrzen<\/strong>, die eine ausgewogene und gesunde Ern\u00e4hrung unterst\u00fctzen. Einfach hei\u00dfes Wasser hinzuf\u00fcgen und eine <strong data-start=\"3218\" data-end=\"3261\">warme, herzhafte Suppe \u00fcberall genie\u00dfen<\/strong>. <strong data-start=\"3263\" data-end=\"3286\">7 Jahre Haltbarkeit<\/strong> \u2013 keine K\u00fchlung erforderlich.<\/p>\n<p style=\"text-align: left;\" data-start=\"3320\" data-end=\"3558\">\u2713 <strong data-start=\"3322\" data-end=\"3345\">7 Jahre Haltbarkeit<\/strong> \u2013 ideal f\u00fcr die Langzeitlagerung<br data-start=\"3378\" data-end=\"3381\" \/>\u2713 <strong data-start=\"3383\" data-end=\"3414\">Leicht &amp; schnell zubereitet<\/strong> \u2013 perfekt f\u00fcr Outdoor-Abenteuer<br data-start=\"3446\" data-end=\"3449\" \/>\u2713 <strong data-start=\"3451\" data-end=\"3480\">Pflanzlich &amp; proteinreich<\/strong> \u2013 voller Linsen und wichtiger N\u00e4hrstoffe<br data-start=\"3521\" data-end=\"3524\" \/>\u2713 <strong data-start=\"3526\" data-end=\"3556\">Keine K\u00fchlung erforderlich<\/strong><\/p>\n","protected":false},"featured_media":6476,"comment_status":"open","ping_status":"closed","template":"","meta":[],"product_brand":[],"product_cat":[122,143,151],"product_tag":[],"class_list":{"0":"post-3513","1":"product","2":"type-product","3":"status-publish","4":"has-post-thumbnail","6":"product_cat-alle-produkte","7":"product_cat-suppen","8":"product_cat-vegetarisch","10":"first","11":"instock","12":"taxable","13":"shipping-taxable","14":"purchasable","15":"product-type-simple"},"_links":{"self":[{"href":"https:\/\/goodmoodmeals.com\/de\/wp-json\/wp\/v2\/product\/3513","targetHints":{"allow":["GET"]}}],"collection":[{"href":"https:\/\/goodmoodmeals.com\/de\/wp-json\/wp\/v2\/product"}],"about":[{"href":"https:\/\/goodmoodmeals.com\/de\/wp-json\/wp\/v2\/types\/product"}],"replies":[{"embeddable":true,"href":"https:\/\/goodmoodmeals.com\/de\/wp-json\/wp\/v2\/comments?post=3513"}],"wp:featuredmedia":[{"embeddable":true,"href":"https:\/\/goodmoodmeals.com\/de\/wp-json\/wp\/v2\/media\/6476"}],"wp:attachment":[{"href":"https:\/\/goodmoodmeals.com\/de\/wp-json\/wp\/v2\/media?parent=3513"}],"wp:term":[{"taxonomy":"product_brand","embeddable":true,"href":"https:\/\/goodmoodmeals.com\/de\/wp-json\/wp\/v2\/product_brand?post=3513"},{"taxonomy":"product_cat","embeddable":true,"href":"https:\/\/goodmoodmeals.com\/de\/wp-json\/wp\/v2\/product_cat?post=3513"},{"taxonomy":"product_tag","embeddable":true,"href":"https:\/\/goodmoodmeals.com\/de\/wp-json\/wp\/v2\/product_tag?post=3513"}],"curies":[{"name":"wp","href":"https:\/\/api.w.org\/{rel}","templated":true}]}}