{"id":3172,"date":"2025-01-14T12:41:46","date_gmt":"2025-01-14T10:41:46","guid":{"rendered":"https:\/\/goodmoodmeals.com\/product\/englisches-fruehstueck\/"},"modified":"2025-02-13T14:07:15","modified_gmt":"2025-02-13T14:07:15","slug":"englisches-fruehstueck","status":"publish","type":"product","link":"https:\/\/goodmoodmeals.com\/de\/product\/englisches-fruehstueck\/","title":{"rendered":"Englisches Fr\u00fchst\u00fcck"},"content":{"rendered":"","protected":false},"excerpt":{"rendered":"<p data-start=\"2669\" data-end=\"2757\"><strong data-start=\"2669\" data-end=\"2755\">Englisches Fr\u00fchst\u00fcck \u2013 Eine herzhafte &amp; traditionelle Mahlzeit von Good Mood Meals<\/strong><\/p>\n<p data-start=\"2759\" data-end=\"3337\">Starten Sie den Tag mit dem <strong data-start=\"2787\" data-end=\"2878\">klassischen Geschmack des gefriergetrockneten Englischen Fr\u00fchst\u00fccks von Good Mood Meals<\/strong>, einer nahrhaften und ausgewogenen Mahlzeit, perfekt f\u00fcr Camping, Wandern oder Notfallvorr\u00e4te. Dieses <strong data-start=\"2981\" data-end=\"3010\">leichte und lang haltbare<\/strong> Gericht enth\u00e4lt <strong data-start=\"3027\" data-end=\"3126\">fluffiges R\u00fchrei, knusprigen Speck, herzhafte W\u00fcrstchen, gebackene Bohnen und gegrillte Tomaten<\/strong>, um Ihnen eine proteinreiche und k\u00f6stliche Mahlzeit zu bieten. Einfach hei\u00dfes Wasser hinzuf\u00fcgen und ein <strong data-start=\"3231\" data-end=\"3280\">warmes, herzhaftes Fr\u00fchst\u00fcck \u00fcberall genie\u00dfen<\/strong>. <strong data-start=\"3282\" data-end=\"3305\">7 Jahre Haltbarkeit<\/strong> \u2013 keine K\u00fchlung erforderlich.<\/p>\n<p style=\"text-align: left;\" data-start=\"3339\" data-end=\"3574\">\u2713 <strong data-start=\"3341\" data-end=\"3364\">7 Jahre Haltbarkeit<\/strong> \u2013 ideal f\u00fcr die Langzeitlagerung<br data-start=\"3397\" data-end=\"3400\" \/>\u2713 <strong data-start=\"3402\" data-end=\"3433\">Leicht &amp; schnell zubereitet<\/strong> \u2013 perfekt f\u00fcr Outdoor-Abenteuer<br data-start=\"3465\" data-end=\"3468\" \/>\u2713 <strong data-start=\"3470\" data-end=\"3493\">Kr\u00e4ftig &amp; s\u00e4ttigend<\/strong> \u2013 voller Proteine und traditioneller Aromen<br data-start=\"3537\" data-end=\"3540\" \/>\u2713 <strong data-start=\"3542\" data-end=\"3572\">Keine K\u00fchlung erforderlich<\/strong><\/p>\n","protected":false},"featured_media":6443,"comment_status":"open","ping_status":"closed","template":"","meta":[],"product_brand":[],"product_cat":[122,134],"product_tag":[],"class_list":{"0":"post-3172","1":"product","2":"type-product","3":"status-publish","4":"has-post-thumbnail","6":"product_cat-alle-produkte","7":"product_cat-fruhstuck","9":"first","10":"instock","11":"taxable","12":"shipping-taxable","13":"purchasable","14":"product-type-simple"},"_links":{"self":[{"href":"https:\/\/goodmoodmeals.com\/de\/wp-json\/wp\/v2\/product\/3172","targetHints":{"allow":["GET"]}}],"collection":[{"href":"https:\/\/goodmoodmeals.com\/de\/wp-json\/wp\/v2\/product"}],"about":[{"href":"https:\/\/goodmoodmeals.com\/de\/wp-json\/wp\/v2\/types\/product"}],"replies":[{"embeddable":true,"href":"https:\/\/goodmoodmeals.com\/de\/wp-json\/wp\/v2\/comments?post=3172"}],"wp:featuredmedia":[{"embeddable":true,"href":"https:\/\/goodmoodmeals.com\/de\/wp-json\/wp\/v2\/media\/6443"}],"wp:attachment":[{"href":"https:\/\/goodmoodmeals.com\/de\/wp-json\/wp\/v2\/media?parent=3172"}],"wp:term":[{"taxonomy":"product_brand","embeddable":true,"href":"https:\/\/goodmoodmeals.com\/de\/wp-json\/wp\/v2\/product_brand?post=3172"},{"taxonomy":"product_cat","embeddable":true,"href":"https:\/\/goodmoodmeals.com\/de\/wp-json\/wp\/v2\/product_cat?post=3172"},{"taxonomy":"product_tag","embeddable":true,"href":"https:\/\/goodmoodmeals.com\/de\/wp-json\/wp\/v2\/product_tag?post=3172"}],"curies":[{"name":"wp","href":"https:\/\/api.w.org\/{rel}","templated":true}]}}