{"id":3164,"date":"2025-01-14T12:30:07","date_gmt":"2025-01-14T10:30:07","guid":{"rendered":"https:\/\/goodmoodmeals.com\/product\/huehner-risotto\/"},"modified":"2025-02-13T13:39:50","modified_gmt":"2025-02-13T13:39:50","slug":"huehner-risotto","status":"publish","type":"product","link":"https:\/\/goodmoodmeals.com\/de\/product\/huehner-risotto\/","title":{"rendered":"H\u00fchner-Risotto"},"content":{"rendered":"","protected":false},"excerpt":{"rendered":"<p data-start=\"2474\" data-end=\"2548\"><strong data-start=\"2474\" data-end=\"2546\">H\u00e4hnchen-Risotto \u2013 Cremige &amp; s\u00e4ttigende Mahlzeit von Good Mood Meals<\/strong><\/p>\n<p data-start=\"2550\" data-end=\"3011\">Genie\u00dfen Sie den <strong data-start=\"2567\" data-end=\"2597\">reichhaltigen und cremigen<\/strong> Geschmack von <strong data-start=\"2612\" data-end=\"2672\">gefriergetrocknetem H\u00e4hnchen-Risotto von Good Mood Meals<\/strong>, eine k\u00f6stliche und nahrhafte Mahlzeit, ideal f\u00fcr Camping, Wandern oder Langzeit-Lebensmittelvorr\u00e4te. Dieses <strong data-start=\"2782\" data-end=\"2811\">leichte und lang haltbare<\/strong> Gericht kombiniert <strong data-start=\"2831\" data-end=\"2889\">zartes H\u00e4hnchen, cremigen Reis und aromatische Kr\u00e4uter<\/strong>, um ein w\u00e4rmendes und hausgemachtes Geschmackserlebnis zu bieten. <strong data-start=\"2956\" data-end=\"2979\">7 Jahre Haltbarkeit<\/strong> \u2013 keine K\u00fchlung erforderlich.<\/p>\n<p style=\"text-align: left;\" data-start=\"3013\" data-end=\"3243\">\u2713 <strong data-start=\"3015\" data-end=\"3038\">7 Jahre Haltbarkeit<\/strong> \u2013 ideal f\u00fcr die Langzeitlagerung<br data-start=\"3071\" data-end=\"3074\" \/>\u2713 <strong data-start=\"3076\" data-end=\"3107\">Leicht &amp; schnell zubereitet<\/strong> \u2013 perfekt f\u00fcr Outdoor-Abenteuer<br data-start=\"3139\" data-end=\"3142\" \/>\u2713 <strong data-start=\"3144\" data-end=\"3167\">Cremig &amp; aromatisch<\/strong> \u2013 mit hochwertigem Eiwei\u00df und Gew\u00fcrzen<br data-start=\"3206\" data-end=\"3209\" \/>\u2713 <strong data-start=\"3211\" data-end=\"3241\">Keine K\u00fchlung erforderlich<\/strong><\/p>\n","protected":false},"featured_media":6479,"comment_status":"open","ping_status":"closed","template":"","meta":[],"product_brand":[],"product_cat":[122,135],"product_tag":[],"class_list":{"0":"post-3164","1":"product","2":"type-product","3":"status-publish","4":"has-post-thumbnail","6":"product_cat-alle-produkte","7":"product_cat-hauptgerichte","9":"first","10":"instock","11":"taxable","12":"shipping-taxable","13":"purchasable","14":"product-type-simple"},"_links":{"self":[{"href":"https:\/\/goodmoodmeals.com\/de\/wp-json\/wp\/v2\/product\/3164","targetHints":{"allow":["GET"]}}],"collection":[{"href":"https:\/\/goodmoodmeals.com\/de\/wp-json\/wp\/v2\/product"}],"about":[{"href":"https:\/\/goodmoodmeals.com\/de\/wp-json\/wp\/v2\/types\/product"}],"replies":[{"embeddable":true,"href":"https:\/\/goodmoodmeals.com\/de\/wp-json\/wp\/v2\/comments?post=3164"}],"wp:featuredmedia":[{"embeddable":true,"href":"https:\/\/goodmoodmeals.com\/de\/wp-json\/wp\/v2\/media\/6479"}],"wp:attachment":[{"href":"https:\/\/goodmoodmeals.com\/de\/wp-json\/wp\/v2\/media?parent=3164"}],"wp:term":[{"taxonomy":"product_brand","embeddable":true,"href":"https:\/\/goodmoodmeals.com\/de\/wp-json\/wp\/v2\/product_brand?post=3164"},{"taxonomy":"product_cat","embeddable":true,"href":"https:\/\/goodmoodmeals.com\/de\/wp-json\/wp\/v2\/product_cat?post=3164"},{"taxonomy":"product_tag","embeddable":true,"href":"https:\/\/goodmoodmeals.com\/de\/wp-json\/wp\/v2\/product_tag?post=3164"}],"curies":[{"name":"wp","href":"https:\/\/api.w.org\/{rel}","templated":true}]}}