{"id":3158,"date":"2025-01-14T10:19:23","date_gmt":"2025-01-14T10:19:23","guid":{"rendered":"https:\/\/goodmoodmeals.com\/product\/rindfleisch-stroganoff-mit-nudeln\/"},"modified":"2026-04-30T16:03:24","modified_gmt":"2026-04-30T13:03:24","slug":"rindfleisch-stroganoff-mit-nudeln","status":"publish","type":"product","link":"https:\/\/goodmoodmeals.com\/de\/product\/rindfleisch-stroganoff-mit-nudeln\/","title":{"rendered":"Rindfleisch Stroganoff mit Nudeln"},"content":{"rendered":"","protected":false},"excerpt":{"rendered":"<p data-start=\"2514\" data-end=\"2612\"><strong data-start=\"2514\" data-end=\"2610\">Rindfleisch Stroganoff mit Pasta \u2013 Ein klassisches &amp; s\u00e4ttigendes Gericht von Good Mood Meals<\/strong><\/p>\n<p data-start=\"2614\" data-end=\"3117\">Genie\u00dfen Sie den <strong data-start=\"2631\" data-end=\"2661\">reichhaltigen und cremigen<\/strong> Geschmack von <strong data-start=\"2676\" data-end=\"2752\">gefriergetrocknetem Rindfleisch Stroganoff mit Pasta von Good Mood Meals<\/strong>, eine k\u00f6stliche und nahrhafte Mahlzeit, ideal f\u00fcr Camping, Wandern oder Langzeit-Lebensmittelvorr\u00e4te. Dieses <strong data-start=\"2862\" data-end=\"2891\">leichte und lang haltbare<\/strong> Gericht kombiniert <strong data-start=\"2911\" data-end=\"2975\">zartes Rindfleisch, aromatische Pilze und eine cremige Sauce<\/strong>, serviert mit Pasta, um ein w\u00e4rmendes und hausgemachtes Geschmackserlebnis zu bieten. <strong data-start=\"3062\" data-end=\"3085\">7 Jahre Haltbarkeit<\/strong> \u2013 keine K\u00fchlung erforderlich.<\/p>\n<p style=\"text-align: left;\" data-start=\"3119\" data-end=\"3359\">\u2713 <strong data-start=\"3121\" data-end=\"3144\">7 Jahre Haltbarkeit<\/strong> \u2013 ideal f\u00fcr die Langzeitlagerung<br data-start=\"3177\" data-end=\"3180\" \/>\u2713 <strong data-start=\"3182\" data-end=\"3213\">Leicht &amp; schnell zubereitet<\/strong> \u2013 perfekt f\u00fcr Outdoor-Abenteuer<br data-start=\"3245\" data-end=\"3248\" \/>\u2713 <strong data-start=\"3250\" data-end=\"3273\">Kr\u00e4ftig &amp; s\u00e4ttigend<\/strong> \u2013 mit hochwertigem Eiwei\u00df und aromatischer Sauce<br data-start=\"3322\" data-end=\"3325\" \/>\u2713 <strong data-start=\"3327\" data-end=\"3357\">Keine K\u00fchlung erforderlich<\/strong><\/p>\n","protected":false},"featured_media":6482,"comment_status":"open","ping_status":"closed","template":"","meta":[],"product_brand":[],"product_cat":[122,135,133],"product_tag":[],"class_list":{"0":"post-3158","1":"product","2":"type-product","3":"status-publish","4":"has-post-thumbnail","6":"product_cat-alle-produkte","7":"product_cat-hauptgerichte","8":"product_cat-verkaufsschlager","10":"first","11":"instock","12":"taxable","13":"shipping-taxable","14":"purchasable","15":"product-type-simple"},"_links":{"self":[{"href":"https:\/\/goodmoodmeals.com\/de\/wp-json\/wp\/v2\/product\/3158","targetHints":{"allow":["GET"]}}],"collection":[{"href":"https:\/\/goodmoodmeals.com\/de\/wp-json\/wp\/v2\/product"}],"about":[{"href":"https:\/\/goodmoodmeals.com\/de\/wp-json\/wp\/v2\/types\/product"}],"replies":[{"embeddable":true,"href":"https:\/\/goodmoodmeals.com\/de\/wp-json\/wp\/v2\/comments?post=3158"}],"wp:featuredmedia":[{"embeddable":true,"href":"https:\/\/goodmoodmeals.com\/de\/wp-json\/wp\/v2\/media\/6482"}],"wp:attachment":[{"href":"https:\/\/goodmoodmeals.com\/de\/wp-json\/wp\/v2\/media?parent=3158"}],"wp:term":[{"taxonomy":"product_brand","embeddable":true,"href":"https:\/\/goodmoodmeals.com\/de\/wp-json\/wp\/v2\/product_brand?post=3158"},{"taxonomy":"product_cat","embeddable":true,"href":"https:\/\/goodmoodmeals.com\/de\/wp-json\/wp\/v2\/product_cat?post=3158"},{"taxonomy":"product_tag","embeddable":true,"href":"https:\/\/goodmoodmeals.com\/de\/wp-json\/wp\/v2\/product_tag?post=3158"}],"curies":[{"name":"wp","href":"https:\/\/api.w.org\/{rel}","templated":true}]}}