{"id":2982,"date":"2024-12-10T15:29:28","date_gmt":"2024-12-10T13:29:28","guid":{"rendered":"https:\/\/goodmoodmeals.com\/product\/schwarze-johannisbeere-cramble\/"},"modified":"2026-04-30T16:03:23","modified_gmt":"2026-04-30T13:03:23","slug":"schwarze-johannisbeere-cramble","status":"publish","type":"product","link":"https:\/\/goodmoodmeals.com\/de\/product\/schwarze-johannisbeere-cramble\/","title":{"rendered":"Schwarze Johannisbeere Cramble"},"content":{"rendered":"<p>&nbsp;<\/p>\n<p>&nbsp;<\/p>\n","protected":false},"excerpt":{"rendered":"<p data-start=\"2204\" data-end=\"2261\"><strong data-start=\"2204\" data-end=\"2259\">Good Mood Meals Schwarze-Johannisbeer-Crumble \u2013 Fruchtig &amp; Knusprig<\/strong><\/p>\n<p data-start=\"2263\" data-end=\"2721\">Genie\u00dfen Sie den vollen und erfrischenden Geschmack von <strong data-start=\"2319\" data-end=\"2372\">gefriergetrocknetem Schwarze-Johannisbeer-Crumble<\/strong>, eine k\u00f6stliche Kombination aus saftigen Johannisbeeren und einem goldenen, knusprigen Topping. Dieses <strong data-start=\"2476\" data-end=\"2506\">leichte und lange haltbare<\/strong> Dessert ist ideal f\u00fcr Camping, Wandern oder einen s\u00fc\u00dfen Genuss zu Hause. Einfach hei\u00dfes Wasser hinzuf\u00fcgen und einen <strong data-start=\"2623\" data-end=\"2664\">warmen, fruchtigen Nachtisch genie\u00dfen<\/strong>. <strong data-start=\"2666\" data-end=\"2689\">7 Jahre Haltbarkeit<\/strong> \u2013 keine K\u00fchlung erforderlich.<\/p>\n<p data-start=\"2723\" data-end=\"2972\">\u2713 <strong data-start=\"2725\" data-end=\"2748\">7 Jahre Haltbarkeit<\/strong> \u2013 ideal f\u00fcr die Langzeitlagerung<br data-start=\"2781\" data-end=\"2784\" \/>\u2713 <strong data-start=\"2786\" data-end=\"2817\">Leicht &amp; schnell zubereitet<\/strong> \u2013 perfekt f\u00fcr Outdoor-Abenteuer<br data-start=\"2849\" data-end=\"2852\" \/>\u2713 <strong data-start=\"2854\" data-end=\"2875\">S\u00fc\u00df &amp; erfrischend<\/strong> \u2013 reich an nat\u00fcrlichem Johannisbeeraroma und Ballaststoffen<br data-start=\"2935\" data-end=\"2938\" \/>\u2713 <strong data-start=\"2940\" data-end=\"2970\">Keine K\u00fchlung erforderlich<\/strong><\/p>\n","protected":false},"featured_media":6485,"comment_status":"open","ping_status":"closed","template":"","meta":[],"product_brand":[],"product_cat":[122,140,134,151],"product_tag":[],"class_list":{"0":"post-2982","1":"product","2":"type-product","3":"status-publish","4":"has-post-thumbnail","6":"product_cat-alle-produkte","7":"product_cat-desserts","8":"product_cat-fruhstuck","9":"product_cat-vegetarisch","11":"first","12":"instock","13":"taxable","14":"shipping-taxable","15":"purchasable","16":"product-type-simple"},"_links":{"self":[{"href":"https:\/\/goodmoodmeals.com\/de\/wp-json\/wp\/v2\/product\/2982","targetHints":{"allow":["GET"]}}],"collection":[{"href":"https:\/\/goodmoodmeals.com\/de\/wp-json\/wp\/v2\/product"}],"about":[{"href":"https:\/\/goodmoodmeals.com\/de\/wp-json\/wp\/v2\/types\/product"}],"replies":[{"embeddable":true,"href":"https:\/\/goodmoodmeals.com\/de\/wp-json\/wp\/v2\/comments?post=2982"}],"wp:featuredmedia":[{"embeddable":true,"href":"https:\/\/goodmoodmeals.com\/de\/wp-json\/wp\/v2\/media\/6485"}],"wp:attachment":[{"href":"https:\/\/goodmoodmeals.com\/de\/wp-json\/wp\/v2\/media?parent=2982"}],"wp:term":[{"taxonomy":"product_brand","embeddable":true,"href":"https:\/\/goodmoodmeals.com\/de\/wp-json\/wp\/v2\/product_brand?post=2982"},{"taxonomy":"product_cat","embeddable":true,"href":"https:\/\/goodmoodmeals.com\/de\/wp-json\/wp\/v2\/product_cat?post=2982"},{"taxonomy":"product_tag","embeddable":true,"href":"https:\/\/goodmoodmeals.com\/de\/wp-json\/wp\/v2\/product_tag?post=2982"}],"curies":[{"name":"wp","href":"https:\/\/api.w.org\/{rel}","templated":true}]}}