{"id":2493,"date":"2024-11-11T17:43:04","date_gmt":"2024-11-11T15:43:04","guid":{"rendered":"https:\/\/goodmoodmeals.com\/product\/erbsen-mit-kaese-und-pilzsauce\/"},"modified":"2026-04-30T16:03:23","modified_gmt":"2026-04-30T13:03:23","slug":"erbsen-mit-kaese-und-pilzsauce","status":"publish","type":"product","link":"https:\/\/goodmoodmeals.com\/de\/product\/erbsen-mit-kaese-und-pilzsauce\/","title":{"rendered":"Erbsen mit K\u00e4se und Pilzsauce"},"content":{"rendered":"","protected":false},"excerpt":{"rendered":"<p data-start=\"2593\" data-end=\"3110\">Genie\u00dfen Sie den k\u00f6stlichen Geschmack von <strong data-start=\"2635\" data-end=\"2688\">gefriergetrockneten Erbsen mit K\u00e4se und Pilzsauce<\/strong>, einer schmackhaften und s\u00e4ttigenden Mahlzeit, perfekt f\u00fcr Camping, Wandern oder Langzeit-Lebensmittelvorr\u00e4te. Dieses <strong data-start=\"2807\" data-end=\"2837\">leichte und lange haltbare<\/strong> Gericht ist reich an essenziellen N\u00e4hrstoffen und bietet die perfekte Balance aus Eiwei\u00df, Ballaststoffen und nat\u00fcrlichen Aromen. Einfach hei\u00dfes Wasser hinzuf\u00fcgen und eine <strong data-start=\"3009\" data-end=\"3053\">warme, cremige Mahlzeit \u00fcberall genie\u00dfen<\/strong>. <strong data-start=\"3055\" data-end=\"3078\">7 Jahre Haltbarkeit<\/strong> \u2013 keine K\u00fchlung erforderlich.<\/p>\n<p style=\"text-align: left;\" data-start=\"3112\" data-end=\"3363\">\u2713 <strong data-start=\"3114\" data-end=\"3137\">7 Jahre Haltbarkeit<\/strong> \u2013 ideal f\u00fcr die Langzeitlagerung<br data-start=\"3170\" data-end=\"3173\" \/>\u2713 <strong data-start=\"3175\" data-end=\"3206\">Leicht &amp; schnell zubereitet<\/strong> \u2013 perfekt f\u00fcr Outdoor-Abenteuer<br data-start=\"3238\" data-end=\"3241\" \/>\u2713 <strong data-start=\"3243\" data-end=\"3265\">Cremig &amp; s\u00e4ttigend<\/strong> \u2013 voller Proteine, Ballaststoffe und essenzieller N\u00e4hrstoffe<br data-start=\"3326\" data-end=\"3329\" \/>\u2713 <strong data-start=\"3331\" data-end=\"3361\">Keine K\u00fchlung erforderlich<\/strong><\/p>\n","protected":false},"featured_media":6527,"comment_status":"open","ping_status":"closed","template":"","meta":[],"product_brand":[],"product_cat":[122,151],"product_tag":[],"class_list":{"0":"post-2493","1":"product","2":"type-product","3":"status-publish","4":"has-post-thumbnail","6":"product_cat-alle-produkte","7":"product_cat-vegetarisch","9":"first","10":"instock","11":"taxable","12":"shipping-taxable","13":"purchasable","14":"product-type-simple"},"_links":{"self":[{"href":"https:\/\/goodmoodmeals.com\/de\/wp-json\/wp\/v2\/product\/2493","targetHints":{"allow":["GET"]}}],"collection":[{"href":"https:\/\/goodmoodmeals.com\/de\/wp-json\/wp\/v2\/product"}],"about":[{"href":"https:\/\/goodmoodmeals.com\/de\/wp-json\/wp\/v2\/types\/product"}],"replies":[{"embeddable":true,"href":"https:\/\/goodmoodmeals.com\/de\/wp-json\/wp\/v2\/comments?post=2493"}],"wp:featuredmedia":[{"embeddable":true,"href":"https:\/\/goodmoodmeals.com\/de\/wp-json\/wp\/v2\/media\/6527"}],"wp:attachment":[{"href":"https:\/\/goodmoodmeals.com\/de\/wp-json\/wp\/v2\/media?parent=2493"}],"wp:term":[{"taxonomy":"product_brand","embeddable":true,"href":"https:\/\/goodmoodmeals.com\/de\/wp-json\/wp\/v2\/product_brand?post=2493"},{"taxonomy":"product_cat","embeddable":true,"href":"https:\/\/goodmoodmeals.com\/de\/wp-json\/wp\/v2\/product_cat?post=2493"},{"taxonomy":"product_tag","embeddable":true,"href":"https:\/\/goodmoodmeals.com\/de\/wp-json\/wp\/v2\/product_tag?post=2493"}],"curies":[{"name":"wp","href":"https:\/\/api.w.org\/{rel}","templated":true}]}}