{"id":2108,"date":"2024-10-21T11:55:47","date_gmt":"2024-10-21T08:55:47","guid":{"rendered":"https:\/\/goodmoodmeals.com\/product\/borschtsch\/"},"modified":"2026-04-30T16:03:07","modified_gmt":"2026-04-30T13:03:07","slug":"borschtsch","status":"publish","type":"product","link":"https:\/\/goodmoodmeals.com\/de\/product\/borschtsch\/","title":{"rendered":"Borschtsch"},"content":{"rendered":"","protected":false},"excerpt":{"rendered":"<p><strong>Gefriergetrockneter Borschtsch \u2013 Traditionelle Rote-Bete-Suppe mit 7 Jahren Haltbarkeit<\/strong><\/p>\n<p>Genie\u00dfen Sie den reichen, authentischen Geschmack von <strong>Borschtsch<\/strong>, einer klassischen osteurop\u00e4ischen Rote-Bete-Suppe, in einer praktischen <strong>gefriergetrockneten Mahlzeit<\/strong>. Hergestellt aus nat\u00fcrlichen Zutaten, ist diese herzhafte Suppe perfekt f\u00fcr <strong>Camping, Wandern, Notvorrat und milit\u00e4rische Rationen<\/strong>. Einfach hei\u00dfes Wasser hinzuf\u00fcgen \u2013 und sie ist servierfertig!<\/p>\n","protected":false},"featured_media":6503,"comment_status":"open","ping_status":"closed","template":"","meta":[],"product_brand":[],"product_cat":[122,143],"product_tag":[],"class_list":{"0":"post-2108","1":"product","2":"type-product","3":"status-publish","4":"has-post-thumbnail","6":"product_cat-alle-produkte","7":"product_cat-suppen","9":"first","10":"instock","11":"taxable","12":"shipping-taxable","13":"purchasable","14":"product-type-simple"},"_links":{"self":[{"href":"https:\/\/goodmoodmeals.com\/de\/wp-json\/wp\/v2\/product\/2108","targetHints":{"allow":["GET"]}}],"collection":[{"href":"https:\/\/goodmoodmeals.com\/de\/wp-json\/wp\/v2\/product"}],"about":[{"href":"https:\/\/goodmoodmeals.com\/de\/wp-json\/wp\/v2\/types\/product"}],"replies":[{"embeddable":true,"href":"https:\/\/goodmoodmeals.com\/de\/wp-json\/wp\/v2\/comments?post=2108"}],"wp:featuredmedia":[{"embeddable":true,"href":"https:\/\/goodmoodmeals.com\/de\/wp-json\/wp\/v2\/media\/6503"}],"wp:attachment":[{"href":"https:\/\/goodmoodmeals.com\/de\/wp-json\/wp\/v2\/media?parent=2108"}],"wp:term":[{"taxonomy":"product_brand","embeddable":true,"href":"https:\/\/goodmoodmeals.com\/de\/wp-json\/wp\/v2\/product_brand?post=2108"},{"taxonomy":"product_cat","embeddable":true,"href":"https:\/\/goodmoodmeals.com\/de\/wp-json\/wp\/v2\/product_cat?post=2108"},{"taxonomy":"product_tag","embeddable":true,"href":"https:\/\/goodmoodmeals.com\/de\/wp-json\/wp\/v2\/product_tag?post=2108"}],"curies":[{"name":"wp","href":"https:\/\/api.w.org\/{rel}","templated":true}]}}