{"id":2100,"date":"2024-10-21T11:55:47","date_gmt":"2024-10-21T08:55:47","guid":{"rendered":"https:\/\/goodmoodmeals.com\/product\/buchweizeneintopf-mit-schweinefleisch-und-pilzen\/"},"modified":"2026-04-30T16:03:06","modified_gmt":"2026-04-30T13:03:06","slug":"buchweizeneintopf-mit-schweinefleisch-und-pilzen","status":"publish","type":"product","link":"https:\/\/goodmoodmeals.com\/de\/product\/buchweizeneintopf-mit-schweinefleisch-und-pilzen\/","title":{"rendered":"Buchweizeneintopf mit Schweinefleisch und Pilzen"},"content":{"rendered":"<p>ZUTATEN: Buchweizen 38%; So\u00dfe (geschmolzener K\u00c4SE (K\u00c4SE 32.7%, SWEET MILK, SWEET CREAM OF CURDED MILK, emulgierende Salze (E 339, E 450, E 452), trockene WHEY, trockene SWEET MILK); Karotten; Hart\u00f6lmehl; s\u00fc\u00dfe CREAM; Rapssaat SOIL; Zwiebeln; Salz; Petersilie; Zitronenpfeffer (schwarzer Pfeffer, S\u00e4ureregulator: Zitronens\u00e4ure, Zwiebel; Zucker; Zitronensaftpulver); Knoblauchpulver), Schweinefleisch 23%; Champignonscheiben 4.7% (Champignons, Salz, S\u00e4ureregulatoren: Zitronens\u00e4ure, Antioxidantien: Ascorbins\u00e4ure). Das Produkt wird in einer Anlage hergestellt und verpackt, die auch Produkte herstellt, die EIER, SOJA, MILCH, SENF, SESAM und GETREIDE enthalten. <\/p>\n","protected":false},"excerpt":{"rendered":"<p>ZUTATEN: Buchweizen 38%; So\u00dfe (geschmolzener K\u00c4SE (K\u00c4SE 32.7%, SWEET MILK, SWEET CREAM OF CURDED MILK, emulgierende Salze (E 339, E 450, E 452), trockene WHEY, trockene SWEET MILK); Karotten; Hart\u00f6lmehl; s\u00fc\u00dfe CREAM; Rapssaat SOIL; Zwiebeln; Salz; Petersilie; Zitronenpfeffer (schwarzer Pfeffer, S\u00e4ureregulator: Zitronens\u00e4ure, Zwiebel; Zucker; Zitronensaftpulver); Knoblauchpulver), Schweinefleisch 23%; Champignonscheiben 4.7% (Champignons, Salz, S\u00e4ureregulatoren: Zitronens\u00e4ure, Antioxidantien: [&#8230;]\n","protected":false},"featured_media":6530,"comment_status":"open","ping_status":"closed","template":"","meta":[],"product_brand":[],"product_cat":[122,135,133],"product_tag":[],"class_list":{"0":"post-2100","1":"product","2":"type-product","3":"status-publish","4":"has-post-thumbnail","6":"product_cat-alle-produkte","7":"product_cat-hauptgerichte","8":"product_cat-verkaufsschlager","10":"first","11":"instock","12":"taxable","13":"shipping-taxable","14":"purchasable","15":"product-type-simple"},"_links":{"self":[{"href":"https:\/\/goodmoodmeals.com\/de\/wp-json\/wp\/v2\/product\/2100","targetHints":{"allow":["GET"]}}],"collection":[{"href":"https:\/\/goodmoodmeals.com\/de\/wp-json\/wp\/v2\/product"}],"about":[{"href":"https:\/\/goodmoodmeals.com\/de\/wp-json\/wp\/v2\/types\/product"}],"replies":[{"embeddable":true,"href":"https:\/\/goodmoodmeals.com\/de\/wp-json\/wp\/v2\/comments?post=2100"}],"wp:featuredmedia":[{"embeddable":true,"href":"https:\/\/goodmoodmeals.com\/de\/wp-json\/wp\/v2\/media\/6530"}],"wp:attachment":[{"href":"https:\/\/goodmoodmeals.com\/de\/wp-json\/wp\/v2\/media?parent=2100"}],"wp:term":[{"taxonomy":"product_brand","embeddable":true,"href":"https:\/\/goodmoodmeals.com\/de\/wp-json\/wp\/v2\/product_brand?post=2100"},{"taxonomy":"product_cat","embeddable":true,"href":"https:\/\/goodmoodmeals.com\/de\/wp-json\/wp\/v2\/product_cat?post=2100"},{"taxonomy":"product_tag","embeddable":true,"href":"https:\/\/goodmoodmeals.com\/de\/wp-json\/wp\/v2\/product_tag?post=2100"}],"curies":[{"name":"wp","href":"https:\/\/api.w.org\/{rel}","templated":true}]}}